{"id":432,"date":"2022-08-10T19:07:54","date_gmt":"2022-08-10T17:07:54","guid":{"rendered":"https:\/\/individenstrygghet.cmsp.se\/hem\/"},"modified":"2025-10-14T16:15:49","modified_gmt":"2025-10-14T14:15:49","slug":"hem","status":"publish","type":"page","link":"https:\/\/individenstrygghet.se\/da\/","title":{"rendered":"Hjem"},"content":{"rendered":"<div class=\"wpb-content-wrapper\"><p>[vc_section full_width=&#8221;stretch_row_content&#8221; el_id=&#8221;video-section&#8221;][vc_row full_width=&#8221;stretch_row_content_no_spaces&#8221;][vc_column][vc_raw_html css=&#8221;&#8221; el_class=&#8221;atlasvoice_no_read&#8221;]JTNDdmlkZW8lMjBwb3N0ZXIlM0QlMjJodHRwcyUzQSUyRiUyRnZjZG4uY21zY21zLnNlJTJGa3VuZGVyJTJGOTQwODg5MjMlMkZpbmRpdmlkZW5zdHJ5Z2doZXQtdmlkZW8yLm1wNCUyMiUyMHByZWxvYWQlM0QlMjJhdXRvJTIyJTIwcGxheXNpbmxpbmUlM0QlMjIlMjIlMjBhdXRvcGxheSUzRCUyMiUyMiUyMG11dGVkJTNEJTIyJTIyJTIwbG9vcCUzRCUyMiUyMiUyMHdpZHRoJTNEJTIyMTAwJTI1JTIyJTIwaGVpZ2h0JTNEJTIyYXV0byUyMiUzRSUwQSUzQ3NvdXJjZSUyMHNyYyUzRCUyMmh0dHBzJTNBJTJGJTJGdmNkbi5jbXNjbXMuc2UlMkZrdW5kZXIlMkY5NDA4ODkyMyUyRmluZGl2aWRlbnN0cnlnZ2hldC12aWRlbzIubXA0JTIyJTIwdHlwZSUzRCUyMnZpZGVvJTJGbXA0JTIyJTNFJTBBJTNDJTJGdmlkZW8lM0U=[\/vc_raw_html][\/vc_column][\/vc_row][vc_row el_id=&#8221;on-top-video&#8221; el_class=&#8221;white darker&#8221;][vc_column][vc_column_text css=&#8221;&#8221;]<\/p>\n<h2>Individens Trygghet<\/h2>\n<h1>Vi er her for dig og for din optimale tryghed gennem hele livet.<\/h1>\n<h3>Velkommen til os!<\/h3>\n<p>[\/vc_column_text][\/vc_column][\/vc_row][\/vc_section][vc_row][vc_column][vc_empty_space height=&#8221;60px&#8221;][\/vc_column][\/vc_row][vc_row][vc_column width=&#8221;1\/3&#8243;][vc_single_image image=&#8221;372&#8243; img_size=&#8221;full&#8221; css=&#8221;&#8221;][vc_column_text css=&#8221;&#8221;]<\/p>\n<h2>Om os<\/h2>\n<p>[\/vc_column_text][vc_column_text css=&#8221;&#8221;]Individens Tryggheter en assistancevirksomhed grundlagt i 2025 af Joakim Persson. Vores forretning er baseret p\u00e5 n\u00e6rhed, engagement og tryghed \u2013 b\u00e5de for vores kunder og vores medarbejdere.[\/vc_column_text][vc_btn title=&#8221;L\u00e6s mere&#8221; css=&#8221;&#8221; link=&#8221;url:%2Fda%2Fom-os%2F|title:Om%20oss&#8221;][\/vc_column][vc_column width=&#8221;1\/3&#8243;][vc_single_image image=&#8221;368&#8243; img_size=&#8221;full&#8221; css=&#8221;&#8221;][vc_column_text css=&#8221;&#8221;]<\/p>\n<h2>Personlig assistance<\/h2>\n<p>[\/vc_column_text][vc_column_text css=&#8221;&#8221;]Personlig assistance handler om, at du kan leve dit liv, som du \u00f8nsker \u2013 med frihed, tryghed og deltagelse. For os er det vigtigt, at st\u00f8tten er udformet efter dine specifikke behov og \u00f8nsker.[\/vc_column_text][vc_btn title=&#8221;L\u00e6s mere&#8221; css=&#8221;&#8221; link=&#8221;url:%2Fda%2Fpersonlig-assistance%2F|title:Personlig%20assistans&#8221;][\/vc_column][vc_column width=&#8221;1\/3&#8243;][vc_single_image image=&#8221;378&#8243; img_size=&#8221;full&#8221; css=&#8221;&#8221;][vc_column_text css=&#8221;&#8221;]<\/p>\n<h2>Lov<\/h2>\n<p>[\/vc_column_text][vc_column_text css=&#8221;&#8221;]Hvis du allerede har en beslutning \u2013 hj\u00e6lper vi dig med at skifte selskab. Hvis du ikke har en beslutning \u2013 hj\u00e6lper vi dig med at ans\u00f8ge. Vi hj\u00e6lper dig med hvert skridt, og den juridiske bistand er gratis.[\/vc_column_text][vc_btn title=&#8221;L\u00e6s mere&#8221; css=&#8221;&#8221; link=&#8221;url:%2Fda%2Flov%2F|title:Lov&#8221;][\/vc_column][\/vc_row][vc_row][vc_column][vc_empty_space height=&#8221;60px&#8221;][\/vc_column][\/vc_row][vc_row full_width=&#8221;stretch_row&#8221; css=&#8221;.vc_custom_1760078973950{background-color: #222222 !important;}&#8221;][vc_column][vc_empty_space height=&#8221;60px&#8221;][vc_row_inner equal_height=&#8221;yes&#8221; content_placement=&#8221;middle&#8221;][vc_column_inner width=&#8221;1\/2&#8243;][vc_column_text css=&#8221;&#8221;]<\/p>\n<h2>Bliv kunde<\/h2>\n<p>[\/vc_column_text][vc_column_text css=&#8221;&#8221;]Individens Trygghet arrangerer personlig assistance uanset din alder, hvor i Sverige du bor, hvilket sprog du taler, hvilken diagnose du har eller hvad dit behov for hj\u00e6lp er. Vi tilbyder assistance baseret p\u00e5 afg\u00f8relser fra kommuner eller Socialforsikringen. Sammen med dig og baseret p\u00e5 dine behov arbejder vi for at sikre, at du f\u00e5r den sikre assistance, du har ret til.[\/vc_column_text][vc_btn title=&#8221;L\u00e6s mere&#8221; align=&#8221;left&#8221; css=&#8221;&#8221; link=&#8221;url:%2Fda%2Fbliv-kunde%2F|title:Bliv%20kunde&#8221;][\/vc_column_inner][vc_column_inner width=&#8221;1\/2&#8243;][vc_single_image image=&#8221;240&#8243; img_size=&#8221;full&#8221; css=&#8221;&#8221;][\/vc_column_inner][\/vc_row_inner][vc_empty_space height=&#8221;60px&#8221;][\/vc_column][\/vc_row][vc_row][vc_column][vc_empty_space height=&#8221;60px&#8221;][\/vc_column][\/vc_row][vc_row][vc_column width=&#8221;1\/2&#8243;][vc_single_image image=&#8221;289&#8243; img_size=&#8221;full&#8221; css=&#8221;&#8221;][vc_column_text css=&#8221;&#8221;]<\/p>\n<h2>Arbejd hos os<\/h2>\n<p>[\/vc_column_text][vc_column_text css=&#8221;&#8221;]Er du interesseret i at arbejde hos os? Se de ledige stillinger og s\u00f8g dem, eller send en spontan ans\u00f8gning.[\/vc_column_text][vc_btn title=&#8221;L\u00e6s mere&#8221; align=&#8221;left&#8221; css=&#8221;&#8221; link=&#8221;url:%2Fda%2Farbejd-hos-os%2F|title:Arbejd%20hos%20os&#8221;][\/vc_column][vc_column width=&#8221;1\/2&#8243;][vc_single_image image=&#8221;292&#8243; img_size=&#8221;full&#8221; css=&#8221;&#8221;][vc_column_text css=&#8221;&#8221;]<\/p>\n<h2>Kontakt os<\/h2>\n<p>[\/vc_column_text][vc_column_text css=&#8221;&#8221;]Har du sp\u00f8rgsm\u00e5l om os, vores virksomhed, vores tjenester, eller har du brug for at kontakte os af en anden grund? Find vores kontaktoplysninger her.[\/vc_column_text][vc_btn title=&#8221;Kontakt os&#8221; align=&#8221;left&#8221; css=&#8221;&#8221; link=&#8221;url:%2Fda%2Fkontakt-os%2F|title:Kontakt%20os&#8221;][\/vc_column][\/vc_row][vc_row][vc_column][vc_empty_space height=&#8221;60px&#8221;][\/vc_column][\/vc_row]<\/p>\n<\/div>","protected":false},"excerpt":{"rendered":"<p>[vc_section full_width=&#8221;stretch_row_content&#8221; el_id=&#8221;video-section&#8221;][vc_row full_width=&#8221;stretch_row_content_no_spaces&#8221;][vc_column][vc_raw_html css=&#8221;&#8221; el_class=&#8221;atlasvoice_no_read&#8221;]JTNDdmlkZW8lMjBwb3N0ZXIlM0QlMjJodHRwcyUzQSUyRiUyRnZjZG4uY21zY21zLnNlJTJGa3VuZGVyJTJGOTQwODg5MjMlMkZpbmRpdmlkZW5zdHJ5Z2doZXQtdmlkZW8yLm1wNCUyMiUyMHByZWxvYWQlM0QlMjJhdXRvJTIyJTIwcGxheXNpbmxpbmUlM0QlMjIlMjIlMjBhdXRvcGxheSUzRCUyMiUyMiUyMG11dGVkJTNEJTIyJTIyJTIwbG9vcCUzRCUyMiUyMiUyMHdpZHRoJTNEJTIyMTAwJTI1JTIyJTIwaGVpZ2h0JTNEJTIyYXV0byUyMiUzRSUwQSUzQ3NvdXJjZSUyMHNyYyUzRCUyMmh0dHBzJTNBJTJGJTJGdmNkbi5jbXNjbXMuc2UlMkZrdW5kZXIlMkY5NDA4ODkyMyUyRmluZGl2aWRlbnN0cnlnZ2hldC12aWRlbzIubXA0JTIyJTIwdHlwZSUzRCUyMnZpZGVvJTJGbXA0JTIyJTNFJTBBJTNDJTJGdmlkZW8lM0U=[\/vc_raw_html][\/vc_column][\/vc_row][vc_row el_id=&#8221;on-top-video&#8221; el_class=&#8221;white darker&#8221;][vc_column][vc_column_text css=&#8221;&#8221;] Individens Trygghet Vi er her for dig og for din optimale tryghed gennem hele livet. Velkommen til os! [\/vc_column_text][\/vc_column][\/vc_row][\/vc_section][vc_row][vc_column][vc_empty_space height=&#8221;60px&#8221;][\/vc_column][\/vc_row][vc_row][vc_column width=&#8221;1\/3&#8243;][vc_single_image image=&#8221;372&#8243; img_size=&#8221;full&#8221; css=&#8221;&#8221;][vc_column_text css=&#8221;&#8221;] Om os [\/vc_column_text][vc_column_text css=&#8221;&#8221;]Individens Tryggheter en assistancevirksomhed grundlagt i 2025 af Joakim Persson. Vores forretning er baseret p\u00e5 n\u00e6rhed, engagement [&hellip;]<\/p>\n","protected":false},"author":2,"featured_media":0,"parent":0,"menu_order":1,"comment_status":"closed","ping_status":"closed","template":"","meta":{"footnotes":""},"class_list":["post-432","page","type-page","status-publish","hentry"],"_links":{"self":[{"href":"https:\/\/individenstrygghet.se\/da\/wp-json\/wp\/v2\/pages\/432","targetHints":{"allow":["GET"]}}],"collection":[{"href":"https:\/\/individenstrygghet.se\/da\/wp-json\/wp\/v2\/pages"}],"about":[{"href":"https:\/\/individenstrygghet.se\/da\/wp-json\/wp\/v2\/types\/page"}],"author":[{"embeddable":true,"href":"https:\/\/individenstrygghet.se\/da\/wp-json\/wp\/v2\/users\/2"}],"replies":[{"embeddable":true,"href":"https:\/\/individenstrygghet.se\/da\/wp-json\/wp\/v2\/comments?post=432"}],"version-history":[{"count":3,"href":"https:\/\/individenstrygghet.se\/da\/wp-json\/wp\/v2\/pages\/432\/revisions"}],"predecessor-version":[{"id":609,"href":"https:\/\/individenstrygghet.se\/da\/wp-json\/wp\/v2\/pages\/432\/revisions\/609"}],"wp:attachment":[{"href":"https:\/\/individenstrygghet.se\/da\/wp-json\/wp\/v2\/media?parent=432"}],"curies":[{"name":"wp","href":"https:\/\/api.w.org\/{rel}","templated":true}]}}