{"id":443,"date":"2025-08-25T09:51:56","date_gmt":"2025-08-25T07:51:56","guid":{"rendered":"https:\/\/individenstrygghet.cmsp.se\/bli-kund\/"},"modified":"2025-10-15T11:33:11","modified_gmt":"2025-10-15T09:33:11","slug":"bliv-kunde","status":"publish","type":"page","link":"https:\/\/individenstrygghet.se\/da\/bliv-kunde\/","title":{"rendered":"Bliv kunde"},"content":{"rendered":"<div class=\"wpb-content-wrapper\"><p>[vc_row full_width=&#8221;stretch_row&#8221; el_id=&#8221;start_inside&#8221; css=&#8221;.vc_custom_1757512167446{background-image: url(\/files\/individenstrygghet.png?id=289) !important;background-position: center !important;background-repeat: no-repeat !important;background-size: cover !important;}&#8221;][vc_column][vc_column_text css=&#8221;&#8221;]<\/p>\n<h1>Bliv kunde<\/h1>\n<p>[\/vc_column_text][\/vc_column][\/vc_row][vc_row][vc_column][vc_empty_space height=&#8221;60px&#8221;][\/vc_column][\/vc_row][vc_row][vc_column][vc_column_text css=&#8221;&#8221;]<\/p>\n<h2>S\u00e5dan bliver du kunde hos os<\/h2>\n<p>[\/vc_column_text][vc_row_inner][vc_column_inner width=&#8221;1\/4&#8243;][vc_column_text css=&#8221;&#8221;]<\/p>\n<h3>1. F\u00f8rste kontakt \u2013 uden krav<\/h3>\n<p>Overvejer du at skifte assistancefirma, eller har du m\u00e5ske brug for personlig assistance og \u00f8nsker at blive kunde hos Individuens Trygghet? Kontakt enten din lokale informationsmedarbejder eller vores omstilling, s\u00e5 hj\u00e6lper vi dig.[\/vc_column_text][\/vc_column_inner][vc_column_inner width=&#8221;1\/4&#8243;][vc_column_text css=&#8221;&#8221;]<\/p>\n<h3>2. Samtale om dine behov og \u00f8nsker<\/h3>\n<p>Den lokale informationsmedarbejder inviterer dig til et m\u00f8de og aftaler, hvordan vi bedst kan im\u00f8dekomme dine \u00f8nsker og behov. Vi skr\u00e6ddersyr din assistance og g\u00f8r alt for at sikre, at du f\u00e5r det, du har brug for.[\/vc_column_text][\/vc_column_inner][vc_column_inner width=&#8221;1\/4&#8243;][vc_column_text css=&#8221;&#8221;]<\/p>\n<h3>3. Din beslutning<\/h3>\n<p>N\u00e5r du har besluttet dig for at v\u00e6lge Individuens Trygghet som din assistancefirma eller at ans\u00f8ge om personlig assistance, underskriver vi en aftale og st\u00f8tter dig gennem alle dele. Vi hj\u00e6lper dig med alt det praktiske fra starten.[\/vc_column_text][\/vc_column_inner][vc_column_inner width=&#8221;1\/4&#8243;][vc_column_text css=&#8221;&#8221;]<\/p>\n<h3>4. Din opstart \u2013 din assistance<\/h3>\n<p>Du kan f\u00f8le dig tryg ved, at vi leverer en fleksibel opstart. Vi tager os af alt fra dag \u00e9t. Vi ans\u00e6tter dine assistenter efter behov, du f\u00e5r dit eget team til din administration og adgang til din egen advokat, der ved alt om personlig assistance og mere til.[\/vc_column_text][\/vc_column_inner][\/vc_row_inner][\/vc_column][\/vc_row][vc_row][vc_column][vc_empty_space height=&#8221;60px&#8221;][\/vc_column][\/vc_row][vc_row][vc_column][vc_column_text css=&#8221;&#8221;]<\/p>\n<h2>Du kan altid v\u00e6lge Individens Trygghet<\/h2>\n<p>[\/vc_column_text][vc_column_text css=&#8221;&#8221;]Individens Trygghet arrangerer personlig assistance uanset hvor gammel du er, hvor i Sverige du bor, hvilket sprog du taler, hvilken diagnose du har, eller hvordan dit behov for hj\u00e6lp ser ud. Vi tilbyder assistance baseret p\u00e5 afg\u00f8relser fra kommuner eller den svenske socialforsikring. Sammen med dig og ud fra dine behov arbejder vi for at sikre, at du f\u00e5r den sikre assistance, du har ret til.[\/vc_column_text][vc_row_inner][vc_column_inner width=&#8221;1\/2&#8243;][vc_column_text css=&#8221;&#8221;]<\/p>\n<h3>Hvis du allerede har en beslutning \u2013 hj\u00e6lper vi dig med at skifte selskab<\/h3>\n<p>Det er nemt at v\u00e6lge Individens Trygghet som din assistancearrang\u00f8r. Vi skriver en kundeaftale og en fuldmagt, derefter administrerer vi skiftet for dig. Vi hj\u00e6lper dig med alt, lige fra at opsige din nuv\u00e6rende arrang\u00f8r til at kontakte myndigheder.<\/p>\n<p>Sammen aftaler vi en opstartsdato. Derefter begynder vi straks at planl\u00e6gge din assistance for at give dig og dine assistenter de bedste betingelser for en sikker opstart.[\/vc_column_text][\/vc_column_inner][vc_column_inner width=&#8221;1\/2&#8243;][vc_column_text css=&#8221;&#8221;]<\/p>\n<h3>Hvis du ikke har en beslutning \u2013 hj\u00e6lper vi dig med at ans\u00f8ge<\/h3>\n<p>Det er nemt at f\u00e5 hj\u00e6lp fra Individens Trygghets advokat, n\u00e5r du ans\u00f8ger om personlig assistance. Vi skriver en fuldmagt og hj\u00e6lper dig gennem hele ans\u00f8gningsprocessen. Du f\u00e5r hj\u00e6lp til alt fra at sammenstille dine behov for bistand og hvilke certifikater der er n\u00f8dvendige, til at skrive en ans\u00f8gning til kommunen eller den svenske socialforsikring. Af hensyn til din sikkerhed deltager vores advokat ogs\u00e5 i m\u00f8der med sagsbehandlere. Alt sammen for at sikre, at du f\u00e5r den rigtige afg\u00f8relse om bistand.<\/p>\n<p>Den juridiske bistand er gratis, forudsat at du v\u00e6lger Individens Trygghet som bistandsarrang\u00f8r i tilf\u00e6lde af en positiv afg\u00f8relse.[\/vc_column_text][\/vc_column_inner][\/vc_row_inner][\/vc_column][\/vc_row][vc_row][vc_column][vc_empty_space height=&#8221;60px&#8221;][\/vc_column][\/vc_row][vc_row][vc_column][vc_column_text css=&#8221;&#8221;]<\/p>\n<h2>Interessetilkendegivelse<\/h2>\n<p>[\/vc_column_text][vc_column_text css=&#8221;&#8221;]Vores kunders sikkerhed og frihed er altid i fokus. Vi er tilg\u00e6ngelige 24\/7. Vi hj\u00e6lper med alt fra rekruttering og administration til juridisk support. Vores mission er at forenkle dit liv \u2013 at hj\u00e6lpe dig med at finde dit daglige flow. Kontakt os ved at udfylde formularen.[\/vc_column_text][vc_column_text css=&#8221;&#8221;]<\/p>\n<div class=\"frm_forms  with_frm_style frm_style_formidables-stilmall\" id=\"frm_form_7_container\" data-token=\"839fd15cd67e065d2ae44fd5c1fa5fe1\">\n<form enctype=\"multipart\/form-data\" method=\"post\" class=\"frm-show-form  frm_pro_form \" id=\"form_intresseanmalan-bli-kund-dk\" data-token=\"839fd15cd67e065d2ae44fd5c1fa5fe1\">\n<div class=\"frm_form_fields \">\n<fieldset>\n<legend class=\"frm_screen_reader\">Intresseanm\u00e4lan (Bli kund) DK<\/legend>\r\n\r\n<div class=\"frm_fields_container\">\n<input type=\"hidden\" name=\"frm_action\" value=\"create\" \/>\n<input type=\"hidden\" name=\"form_id\" value=\"7\" \/>\n<input type=\"hidden\" name=\"frm_hide_fields_7\" id=\"frm_hide_fields_7\" value=\"\" \/>\n<input type=\"hidden\" name=\"form_key\" value=\"intresseanmalan-bli-kund-dk\" \/>\n<input type=\"hidden\" name=\"item_meta[0]\" value=\"\" \/>\n<input type=\"hidden\" id=\"frm_submit_entry_7\" name=\"frm_submit_entry_7\" value=\"b7414dd3bf\" \/><input type=\"hidden\" name=\"_wp_http_referer\" value=\"\/da\/wp-json\/wp\/v2\/pages\/443\" \/><div id=\"frm_field_36_container\" class=\"frm_form_field form-field  frm_top_container\">\r\n\t<div  id=\"field_knlkx2_label\" class=\"frm_primary_label\">Navn\r\n\t\t<span class=\"frm_required\" aria-hidden=\"true\"><\/span>\r\n\t<\/div>\r\n\t<fieldset aria-labelledby=\"field_knlkx2_label\">\n\t<legend class=\"frm_screen_reader frm_hidden\">\n\t\tNavn\t<\/legend>\n\n\t<div  class=\"frm_combo_inputs_container\" id=\"frm_combo_inputs_container_36\" data-name-layout=\"first_last\">\n\t\t\t\t\t<div\n\t\t\t\tid=\"frm_field_36-first_container\"\n\t\t\t\tclass=\"frm_form_field form-field frm_form_subfield-first  frm6\"\n\t\t\t\tdata-sub-field-name=\"first\"\n\t\t\t>\n\t\t\t\t<label for=\"field_knlkx2_first\" class=\"frm_screen_reader frm_hidden\">\n\t\t\t\t\tFornavn\t\t\t\t<\/label>\n\n\t\t\t\t<input  type=\"text\" id=\"field_knlkx2_first\" value=\"\" name=\"item_meta[36][first]\" autocomplete=\"given-name\" data-invmsg=\"Navn er ugyldig\" aria-invalid=\"false\"  \/><div class=\"frm_description\" id=\"frm_field_36_first_desc\">Fornavn<\/div>\t\t\t<\/div>\n\t\t\t\t\t\t<div\n\t\t\t\tid=\"frm_field_36-last_container\"\n\t\t\t\tclass=\"frm_form_field form-field frm_form_subfield-last  frm6\"\n\t\t\t\tdata-sub-field-name=\"last\"\n\t\t\t>\n\t\t\t\t<label for=\"field_knlkx2_last\" class=\"frm_screen_reader frm_hidden\">\n\t\t\t\t\tEfternavn\t\t\t\t<\/label>\n\n\t\t\t\t<input  type=\"text\" id=\"field_knlkx2_last\" value=\"\" name=\"item_meta[36][last]\" autocomplete=\"family-name\" data-invmsg=\"Navn er ugyldig\" aria-invalid=\"false\"  \/><div class=\"frm_description\" id=\"frm_field_36_last_desc\">Efternavn<\/div>\t\t\t<\/div>\n\t\t\t\t<\/div>\n<\/fieldset>\n\r\n\t\r\n\t\r\n<\/div>\n<div id=\"frm_field_37_container\" class=\"frm_form_field form-field  frm_top_container\">\r\n\t<label for=\"field_u7cyq2\" id=\"field_u7cyq2_label\" class=\"frm_primary_label\">E-mail\r\n\t\t<span class=\"frm_required\" aria-hidden=\"true\"><\/span>\r\n\t<\/label>\r\n\t<input type=\"email\" id=\"field_u7cyq2\" name=\"item_meta[37]\" value=\"\"  autocomplete=\"email\"  data-invmsg=\"E-mail \u00e4r ogiltigt\" aria-invalid=\"false\"  \/>\r\n\t\r\n\t\r\n<\/div>\n<div id=\"frm_field_38_container\" class=\"frm_form_field form-field  frm_top_container\">\r\n\t<label for=\"field_3bvsw2\" id=\"field_3bvsw2_label\" class=\"frm_primary_label\">Telefon\r\n\t\t<span class=\"frm_required\" aria-hidden=\"true\"><\/span>\r\n\t<\/label>\r\n\t<input type=\"tel\" id=\"field_3bvsw2\" name=\"item_meta[38]\" value=\"\"  data-invmsg=\"Telefon \u00e4r ogiltigt\" aria-invalid=\"false\" pattern=\"((\\+\\d{1,3}(-|.| )?\\(?\\d\\)?(-| |.)?\\d{1,5})|(\\(?\\d{2,6}\\)?))(-|.| )?(\\d{3,4})(-|.| )?(\\d{4})(( x| ext)\\d{1,5}){0,1}$\"  \/>\r\n\t\r\n\t\r\n<\/div>\n<div id=\"frm_field_39_container\" class=\"frm_form_field form-field  frm_top_container\">\r\n\t<label for=\"field_i32ha2\" id=\"field_i32ha2_label\" class=\"frm_primary_label\">Beskrivelse af dig selv og dine behov\r\n\t\t<span class=\"frm_required\" aria-hidden=\"true\"><\/span>\r\n\t<\/label>\r\n\t<textarea name=\"item_meta[39]\" id=\"field_i32ha2\" rows=\"5\"  data-invmsg=\"Beskrivelse af dig selv og dine behov \u00e4r ogiltigt\" aria-invalid=\"false\"  ><\/textarea>\r\n\t\r\n\t\r\n<\/div>\n<div id=\"frm_field_40_container\" class=\"frm_form_field form-field  frm_required_field frm_top_container vertical_radio\">\r\n\t<div  id=\"field_sp9082_label\" class=\"frm_primary_label\">Jeg accepterer behandlingen af \u200b\u200bmine personoplysninger i overensstemmelse med <a href=\"\/integritetspolicy\/\">privatlivspolitikken<\/a>.\r\n\t\t<span class=\"frm_required\" aria-hidden=\"true\">*<\/span>\r\n\t<\/div>\r\n\t<div class=\"frm_opt_container\" aria-labelledby=\"field_sp9082_label\" role=\"group\">\t\t<div class=\"frm_checkbox\" id=\"frm_checkbox_40-0\">\t\t\t<label  for=\"field_sp9082-0\">\n\t\t\t<input type=\"checkbox\" name=\"item_meta[40][]\" id=\"field_sp9082-0\" value=\"Ja\"  data-reqmsg=\"Jeg accepterer behandlingen af \u200b\u200bmine personoplysninger i overensstemmelse med &lt;a href=&quot;\/integritetspolicy\/&quot;&gt;privatlivspolitikken&lt;\/a&gt;. kan inte vara tom.\" data-invmsg=\"Jeg accepterer behandlingen af \u200b\u200bmine personoplysninger i overensstemmelse med &lt;a href=&quot;\/integritetspolicy\/&quot;&gt;privatlivspolitikken&lt;\/a&gt;. \u00e4r ogiltigt\"   aria-required=\"true\"  \/> Ja<\/label><\/div>\n<\/div>\r\n\t\r\n\t\r\n<\/div>\n<div id=\"frm_field_41_container\" class=\"frm_form_field form-field  frm_none_container\">\r\n\t<label for=\"g-recaptcha-response\" id=\"field_gvbfu2_label\" class=\"frm_primary_label\">\r\n\t\t<span class=\"frm_required\" aria-hidden=\"true\"><\/span>\r\n\t<\/label>\r\n\t<div  id=\"field_gvbfu2\" class=\"frm-g-recaptcha\" data-sitekey=\"6LfUnLkrAAAAAKetdm8uSPvgH7Yae0QjNyVG9Kt7\" data-size=\"invisible\" data-theme=\"light\"><\/div>\r\n\t\r\n\t\r\n<\/div>\n<div id=\"frm_field_42_container\" class=\"frm_form_field form-field \">\r\n\t<div class=\"frm_submit frm_flex\">\r\n<button class=\"frm_button_submit frm_final_submit\" type=\"submit\"   formnovalidate=\"formnovalidate\">Send<\/button>\r\n\r\n\r\n\r\n<\/div>\r\n<\/div>\n\t<input type=\"hidden\" name=\"item_key\" value=\"\" \/>\n\t\t\t<div id=\"frm_field_152_container\">\n\t\t\t<label for=\"field_x69fs\" >\n\t\t\t\tHvis du er et menneske, skal du lade dette felt v\u00e6re tomt.\t\t\t<\/label>\n\t\t\t<input  id=\"field_x69fs\" type=\"text\" class=\"frm_form_field form-field frm_verify\" name=\"item_meta[152]\" value=\"\"  \/>\n\t\t<\/div>\n\t\t<input name=\"frm_state\" type=\"hidden\" value=\"mTnx3TtDQsD7tWyWGRtSckf6cK2ZKnFqvWL2HlsAJ9wO7Hf7Xz0UvlTzCTvKNmG8\" \/><\/div>\n<\/fieldset>\n<\/div>\n\n<\/form>\n<\/div>\n\n<p>[\/vc_column_text][\/vc_column][\/vc_row][vc_row][vc_column][vc_empty_space height=&#8221;60px&#8221;][\/vc_column][\/vc_row]<\/p>\n<\/div>","protected":false},"excerpt":{"rendered":"<p>[vc_row full_width=&#8221;stretch_row&#8221; el_id=&#8221;start_inside&#8221; css=&#8221;.vc_custom_1757512167446{background-image: url(\/files\/individenstrygghet.png?id=289) !important;background-position: center !important;background-repeat: no-repeat !important;background-size: cover !important;}&#8221;][vc_column][vc_column_text css=&#8221;&#8221;] Bliv kunde [\/vc_column_text][\/vc_column][\/vc_row][vc_row][vc_column][vc_empty_space height=&#8221;60px&#8221;][\/vc_column][\/vc_row][vc_row][vc_column][vc_column_text css=&#8221;&#8221;] S\u00e5dan bliver du kunde hos os [\/vc_column_text][vc_row_inner][vc_column_inner width=&#8221;1\/4&#8243;][vc_column_text css=&#8221;&#8221;] 1. F\u00f8rste kontakt \u2013 uden krav Overvejer du at skifte assistancefirma, eller har du m\u00e5ske brug for personlig assistance og \u00f8nsker at blive kunde hos Individuens Trygghet? Kontakt [&hellip;]<\/p>\n","protected":false},"author":2,"featured_media":0,"parent":0,"menu_order":0,"comment_status":"closed","ping_status":"closed","template":"","meta":{"footnotes":""},"class_list":["post-443","page","type-page","status-publish","hentry"],"_links":{"self":[{"href":"https:\/\/individenstrygghet.se\/da\/wp-json\/wp\/v2\/pages\/443","targetHints":{"allow":["GET"]}}],"collection":[{"href":"https:\/\/individenstrygghet.se\/da\/wp-json\/wp\/v2\/pages"}],"about":[{"href":"https:\/\/individenstrygghet.se\/da\/wp-json\/wp\/v2\/types\/page"}],"author":[{"embeddable":true,"href":"https:\/\/individenstrygghet.se\/da\/wp-json\/wp\/v2\/users\/2"}],"replies":[{"embeddable":true,"href":"https:\/\/individenstrygghet.se\/da\/wp-json\/wp\/v2\/comments?post=443"}],"version-history":[{"count":4,"href":"https:\/\/individenstrygghet.se\/da\/wp-json\/wp\/v2\/pages\/443\/revisions"}],"predecessor-version":[{"id":632,"href":"https:\/\/individenstrygghet.se\/da\/wp-json\/wp\/v2\/pages\/443\/revisions\/632"}],"wp:attachment":[{"href":"https:\/\/individenstrygghet.se\/da\/wp-json\/wp\/v2\/media?parent=443"}],"curies":[{"name":"wp","href":"https:\/\/api.w.org\/{rel}","templated":true}]}}