{"id":457,"date":"2025-08-25T10:45:28","date_gmt":"2025-08-25T08:45:28","guid":{"rendered":"https:\/\/individenstrygghet.cmsp.se\/jobba-hos-oss\/"},"modified":"2025-10-16T13:02:16","modified_gmt":"2025-10-16T11:02:16","slug":"arbejd-hos-os","status":"publish","type":"page","link":"https:\/\/individenstrygghet.se\/da\/arbejd-hos-os\/","title":{"rendered":"Arbejd hos os"},"content":{"rendered":"<div class=\"wpb-content-wrapper\"><p>[vc_row full_width=&#8221;stretch_row&#8221; el_id=&#8221;start_inside&#8221; css=&#8221;.vc_custom_1757512434670{background-image: url(\/files\/individenstrygghet3.png?id=236) !important;background-position: center !important;background-repeat: no-repeat !important;background-size: cover !important;}&#8221;][vc_column][vc_column_text css=&#8221;&#8221;]<\/p>\n<h1>Arbejd hos os<\/h1>\n<p>[\/vc_column_text][\/vc_column][\/vc_row][vc_row][vc_column][vc_empty_space height=&#8221;60px&#8221;][\/vc_column][\/vc_row][vc_row][vc_column width=&#8221;1\/2&#8243;][vc_column_text css=&#8221;&#8221;]<\/p>\n<h2>Ledige stillinger<\/h2>\n<p>[\/vc_column_text][vc_raw_html css=&#8221;&#8221; el_class=&#8221;atlasvoice_no_read&#8221;]JTNDc2NyaXB0JTIwc3JjJTNEJTIyaHR0cHMlM0ElMkYlMkZzY3JpcHRzLnRlYW10YWlsb3ItY2RuLmNvbSUyRndpZGdldHMlMkZldS1waW5rJTJGam9icy5qcyUyMiUyMGFzeW5jJTIwY2hhcnNldCUzRCUyMnV0Zi04JTIyJTNFJTNDJTJGc2NyaXB0JTNFJTNDZGl2JTIwY2xhc3MlM0QlMjJ0ZWFtdGFpbG9yLWpvYnMtd2lkZ2V0JTIyJTIwZGF0YS10ZWFtdGFpbG9yLWxpbWl0JTNEJTIyMjAlMjIlMjBkYXRhLXRlYW10YWlsb3ItYXBpLWtleSUzRCUyMmd3bUJWSGJleUJtZmxYX2g2aWlWeVVnQ0g1NnRIbWV1MTVnbk5OSkQlMjIlM0UlM0MlMkZkaXYlM0U=[\/vc_raw_html][\/vc_column][vc_column width=&#8221;1\/2&#8243;][vc_column_text css=&#8221;&#8221;]<\/p>\n<h2>Spontan ans\u00f8gning<\/h2>\n<p>[\/vc_column_text][vc_column_text css=&#8221;&#8221;]<\/p>\n<div class=\"frm_forms  with_frm_style frm_style_formidables-stilmall\" id=\"frm_form_8_container\" data-token=\"4e8f083379dd5b517412b76d694466a1\">\n<form enctype=\"multipart\/form-data\" method=\"post\" class=\"frm-show-form  frm_pro_form \" id=\"form_spontanansokan-dk\" data-token=\"4e8f083379dd5b517412b76d694466a1\">\n<div class=\"frm_form_fields \">\n<fieldset>\n<legend class=\"frm_screen_reader\">Spontanans\u00f6kan DK<\/legend>\r\n\r\n<div class=\"frm_fields_container\">\n<input type=\"hidden\" name=\"frm_action\" value=\"create\" \/>\n<input type=\"hidden\" name=\"form_id\" value=\"8\" \/>\n<input type=\"hidden\" name=\"frm_hide_fields_8\" id=\"frm_hide_fields_8\" value=\"\" \/>\n<input type=\"hidden\" name=\"form_key\" value=\"spontanansokan-dk\" \/>\n<input type=\"hidden\" name=\"item_meta[0]\" value=\"\" \/>\n<input type=\"hidden\" id=\"frm_submit_entry_8\" name=\"frm_submit_entry_8\" value=\"d56e2e7928\" \/><input type=\"hidden\" name=\"_wp_http_referer\" value=\"\/da\/wp-json\/wp\/v2\/pages\/457\" \/><div id=\"frm_field_43_container\" class=\"frm_form_field form-field  frm_top_container\">\r\n\t<div  id=\"field_d2i2y2_label\" class=\"frm_primary_label\">Navn\r\n\t\t<span class=\"frm_required\" aria-hidden=\"true\"><\/span>\r\n\t<\/div>\r\n\t<fieldset aria-labelledby=\"field_d2i2y2_label\">\n\t<legend class=\"frm_screen_reader frm_hidden\">\n\t\tNavn\t<\/legend>\n\n\t<div  class=\"frm_combo_inputs_container\" id=\"frm_combo_inputs_container_43\" data-name-layout=\"first_last\">\n\t\t\t\t\t<div\n\t\t\t\tid=\"frm_field_43-first_container\"\n\t\t\t\tclass=\"frm_form_field form-field frm_form_subfield-first  frm6\"\n\t\t\t\tdata-sub-field-name=\"first\"\n\t\t\t>\n\t\t\t\t<label for=\"field_d2i2y2_first\" class=\"frm_screen_reader frm_hidden\">\n\t\t\t\t\tFornavn\t\t\t\t<\/label>\n\n\t\t\t\t<input  type=\"text\" id=\"field_d2i2y2_first\" value=\"\" name=\"item_meta[43][first]\" autocomplete=\"given-name\" data-invmsg=\"Navn er ugyldig\" aria-invalid=\"false\"  \/><div class=\"frm_description\" id=\"frm_field_43_first_desc\">Fornavn<\/div>\t\t\t<\/div>\n\t\t\t\t\t\t<div\n\t\t\t\tid=\"frm_field_43-last_container\"\n\t\t\t\tclass=\"frm_form_field form-field frm_form_subfield-last  frm6\"\n\t\t\t\tdata-sub-field-name=\"last\"\n\t\t\t>\n\t\t\t\t<label for=\"field_d2i2y2_last\" class=\"frm_screen_reader frm_hidden\">\n\t\t\t\t\tEfternavn\t\t\t\t<\/label>\n\n\t\t\t\t<input  type=\"text\" id=\"field_d2i2y2_last\" value=\"\" name=\"item_meta[43][last]\" autocomplete=\"family-name\" data-invmsg=\"Navn er ugyldig\" aria-invalid=\"false\"  \/><div class=\"frm_description\" id=\"frm_field_43_last_desc\">Efternavn<\/div>\t\t\t<\/div>\n\t\t\t\t<\/div>\n<\/fieldset>\n\r\n\t\r\n\t\r\n<\/div>\n<div id=\"frm_field_44_container\" class=\"frm_form_field form-field  frm_top_container\">\r\n\t<label for=\"field_raf7i2\" id=\"field_raf7i2_label\" class=\"frm_primary_label\">E-mail\r\n\t\t<span class=\"frm_required\" aria-hidden=\"true\"><\/span>\r\n\t<\/label>\r\n\t<input type=\"email\" id=\"field_raf7i2\" name=\"item_meta[44]\" value=\"\"  autocomplete=\"email\"  data-invmsg=\"E-mail \u00e4r ogiltigt\" aria-invalid=\"false\"  \/>\r\n\t\r\n\t\r\n<\/div>\n<div id=\"frm_field_45_container\" class=\"frm_form_field form-field  frm_top_container\">\r\n\t<label for=\"field_309fp2\" id=\"field_309fp2_label\" class=\"frm_primary_label\">Telefon\r\n\t\t<span class=\"frm_required\" aria-hidden=\"true\"><\/span>\r\n\t<\/label>\r\n\t<input type=\"tel\" id=\"field_309fp2\" name=\"item_meta[45]\" value=\"\"  data-invmsg=\"Telefon \u00e4r ogiltigt\" aria-invalid=\"false\" pattern=\"((\\+\\d{1,3}(-|.| )?\\(?\\d\\)?(-| |.)?\\d{1,5})|(\\(?\\d{2,6}\\)?))(-|.| )?(\\d{3,4})(-|.| )?(\\d{4})(( x| ext)\\d{1,5}){0,1}$\"  \/>\r\n\t\r\n\t\r\n<\/div>\n<div id=\"frm_field_46_container\" class=\"frm_form_field form-field  frm_top_container\">\r\n\t<label for=\"field_m9xz82\" id=\"field_m9xz82_label\" class=\"frm_primary_label\">Om dig\r\n\t\t<span class=\"frm_required\" aria-hidden=\"true\"><\/span>\r\n\t<\/label>\r\n\t<textarea name=\"item_meta[46]\" id=\"field_m9xz82\" rows=\"5\"  data-invmsg=\"Om dig \u00e4r ogiltigt\" aria-invalid=\"false\"  ><\/textarea>\r\n\t\r\n\t\r\n<\/div>\n<div id=\"frm_field_47_container\" class=\"frm_form_field form-field  frm_top_container\">\r\n\t<label for=\"field_cuzek2\" id=\"field_cuzek2_label\" class=\"frm_primary_label\">CV og andre dokumenter\r\n\t\t<span class=\"frm_required\" aria-hidden=\"true\"><\/span>\r\n\t<\/label>\r\n\t<input type=\"hidden\"  data-invmsg=\"CV og andre dokumenter \u00e4r ogiltigt\" aria-invalid=\"false\"   name=\"item_meta[47][]\"  value=\"\" data-frmfile=\"47\" \/>\n\n<div class=\"frm_dropzone frm_multi_upload frm_clearfix\" id=\"file47_dropzone\" role=\"group\" >\n\t<div class=\"fallback\">\n\t\t<input type=\"file\" name=\"file47[]\" id=\"field_cuzek2\"\n\t\t\t data-frmfile=\"47\" multiple=\"multiple\"  data-invmsg=\"CV og andre dokumenter \u00e4r ogiltigt\" aria-invalid=\"false\"  \t\t\t\/>\n\t\t\t\t<div class=\"frm_clearfix \"><\/div>\n\t<\/div>\n\t<div class=\"dz-message needsclick\">\n\t\t\t\t<svg  viewBox=\"0 0 18 18\" class=\"frmsvg frm-svg-icon\">\n\t<path viewBox=\"0 0 18 18\" fill-rule=\"evenodd\" clip-rule=\"evenodd\" d=\"M8.2 4v8a.8.8 0 001.5 0V4l2.1 2.2A.7.7 0 1013 5L9.5 1.7a.7.7 0 00-1.1 0L5.1 5.2a.8.8 0 001 1l2.1-2zm7.6 4.3c.4 0 .7.3.7.7v6.8c0 .4-.3.7-.8.7H2.3a.8.8 0 01-.8-.8V9A.8.8 0 013 9v6h12V9c0-.4.3-.8.8-.8z\"><\/path>\n<\/svg>\t\t<span class=\"frm_upload_text\"><button type=\"button\" aria-label=\"CV og andre dokumenter. Sl\u00e4pp en fil h\u00e4r eller klicka f\u00f6r att ladda upp.. Maximum file size: 268.44MB\">Sl\u00e4pp en fil h\u00e4r eller klicka f\u00f6r att ladda upp.<\/button><\/span>\n\t\t<span class=\"frm_compact_text\"><button type=\"button\" aria-label=\"CV og andre dokumenter. V\u00e4lj fil. Maximum file size: 268.44MB\">V\u00e4lj fil<\/button><\/span>\n\t\t<div class=\"frm_small_text\">\n\t\t\t<p>Maximum file size: 268.44MB<\/p>\n\t\t<\/div>\n\t<\/div>\n<\/div>\n\t\r\n\t\r\n\t\r\n<\/div>\n<div id=\"frm_field_48_container\" class=\"frm_form_field form-field  frm_required_field frm_top_container vertical_radio\">\r\n\t<div  id=\"field_3mk5y2_label\" class=\"frm_primary_label\">Jeg accepterer behandlingen af \u200b\u200bmine personoplysninger i overensstemmelse med <a href=\"\/integritetspolicy\/\">privatlivspolitikken<\/a>.\r\n\t\t<span class=\"frm_required\" aria-hidden=\"true\">*<\/span>\r\n\t<\/div>\r\n\t<div class=\"frm_opt_container\" aria-labelledby=\"field_3mk5y2_label\" role=\"group\">\t\t<div class=\"frm_checkbox\" id=\"frm_checkbox_48-0\">\t\t\t<label  for=\"field_3mk5y2-0\">\n\t\t\t<input type=\"checkbox\" name=\"item_meta[48][]\" id=\"field_3mk5y2-0\" value=\"Ja\"  data-reqmsg=\"Jeg accepterer behandlingen af \u200b\u200bmine personoplysninger i overensstemmelse med &lt;a href=&quot;\/integritetspolicy\/&quot;&gt;privatlivspolitikken&lt;\/a&gt;. kan inte vara tom.\" data-invmsg=\"Jeg accepterer behandlingen af \u200b\u200bmine personoplysninger i overensstemmelse med &lt;a href=&quot;\/integritetspolicy\/&quot;&gt;privatlivspolitikken&lt;\/a&gt;. \u00e4r ogiltigt\"   aria-required=\"true\"  \/> Ja<\/label><\/div>\n<\/div>\r\n\t\r\n\t\r\n<\/div>\n<div id=\"frm_field_49_container\" class=\"frm_form_field form-field  frm_none_container\">\r\n\t<label for=\"g-recaptcha-response\" id=\"field_wk9x2_label\" class=\"frm_primary_label\">\r\n\t\t<span class=\"frm_required\" aria-hidden=\"true\"><\/span>\r\n\t<\/label>\r\n\t<div  id=\"field_wk9x2\" class=\"frm-g-recaptcha\" data-sitekey=\"6LfUnLkrAAAAAKetdm8uSPvgH7Yae0QjNyVG9Kt7\" data-size=\"invisible\" data-theme=\"light\"><\/div>\r\n\t\r\n\t\r\n<\/div>\n<div id=\"frm_field_50_container\" class=\"frm_form_field form-field \">\r\n\t<div class=\"frm_submit frm_flex\">\r\n<button class=\"frm_button_submit frm_final_submit\" type=\"submit\"   formnovalidate=\"formnovalidate\">Send<\/button>\r\n\r\n\r\n\r\n<\/div>\r\n<\/div>\n\t<input type=\"hidden\" name=\"item_key\" value=\"\" \/>\n\t\t\t<div id=\"frm_field_152_container\">\n\t\t\t<label for=\"field_myy6u\" >\n\t\t\t\tHvis du er et menneske, skal du lade dette felt v\u00e6re tomt.\t\t\t<\/label>\n\t\t\t<input  id=\"field_myy6u\" type=\"text\" class=\"frm_form_field form-field frm_verify\" name=\"item_meta[152]\" value=\"\"  \/>\n\t\t<\/div>\n\t\t<input name=\"frm_state\" type=\"hidden\" value=\"mTnx3TtDQsD7tWyWGRtScgNlSW1tAV2LGKxKHCNDc14O7Hf7Xz0UvlTzCTvKNmG8\" \/><\/div>\n<\/fieldset>\n<\/div>\n\n<\/form>\n<\/div>\n\n<p>[\/vc_column_text][\/vc_column][\/vc_row][vc_row][vc_column][vc_empty_space height=&#8221;60px&#8221;][\/vc_column][\/vc_row]<\/p>\n<\/div>","protected":false},"excerpt":{"rendered":"<p>[vc_row full_width=&#8221;stretch_row&#8221; el_id=&#8221;start_inside&#8221; css=&#8221;.vc_custom_1757512434670{background-image: url(\/files\/individenstrygghet3.png?id=236) !important;background-position: center !important;background-repeat: no-repeat !important;background-size: cover !important;}&#8221;][vc_column][vc_column_text css=&#8221;&#8221;] Arbejd hos os [\/vc_column_text][\/vc_column][\/vc_row][vc_row][vc_column][vc_empty_space height=&#8221;60px&#8221;][\/vc_column][\/vc_row][vc_row][vc_column width=&#8221;1\/2&#8243;][vc_column_text css=&#8221;&#8221;] Ledige stillinger [\/vc_column_text][vc_raw_html css=&#8221;&#8221; el_class=&#8221;atlasvoice_no_read&#8221;]JTNDc2NyaXB0JTIwc3JjJTNEJTIyaHR0cHMlM0ElMkYlMkZzY3JpcHRzLnRlYW10YWlsb3ItY2RuLmNvbSUyRndpZGdldHMlMkZldS1waW5rJTJGam9icy5qcyUyMiUyMGFzeW5jJTIwY2hhcnNldCUzRCUyMnV0Zi04JTIyJTNFJTNDJTJGc2NyaXB0JTNFJTNDZGl2JTIwY2xhc3MlM0QlMjJ0ZWFtdGFpbG9yLWpvYnMtd2lkZ2V0JTIyJTIwZGF0YS10ZWFtdGFpbG9yLWxpbWl0JTNEJTIyMjAlMjIlMjBkYXRhLXRlYW10YWlsb3ItYXBpLWtleSUzRCUyMmd3bUJWSGJleUJtZmxYX2g2aWlWeVVnQ0g1NnRIbWV1MTVnbk5OSkQlMjIlM0UlM0MlMkZkaXYlM0U=[\/vc_raw_html][\/vc_column][vc_column width=&#8221;1\/2&#8243;][vc_column_text css=&#8221;&#8221;] Spontan ans\u00f8gning [\/vc_column_text][vc_column_text css=&#8221;&#8221;] [\/vc_column_text][\/vc_column][\/vc_row][vc_row][vc_column][vc_empty_space height=&#8221;60px&#8221;][\/vc_column][\/vc_row]<\/p>\n","protected":false},"author":2,"featured_media":0,"parent":0,"menu_order":0,"comment_status":"closed","ping_status":"closed","template":"","meta":{"footnotes":""},"class_list":["post-457","page","type-page","status-publish","hentry"],"_links":{"self":[{"href":"https:\/\/individenstrygghet.se\/da\/wp-json\/wp\/v2\/pages\/457","targetHints":{"allow":["GET"]}}],"collection":[{"href":"https:\/\/individenstrygghet.se\/da\/wp-json\/wp\/v2\/pages"}],"about":[{"href":"https:\/\/individenstrygghet.se\/da\/wp-json\/wp\/v2\/types\/page"}],"author":[{"embeddable":true,"href":"https:\/\/individenstrygghet.se\/da\/wp-json\/wp\/v2\/users\/2"}],"replies":[{"embeddable":true,"href":"https:\/\/individenstrygghet.se\/da\/wp-json\/wp\/v2\/comments?post=457"}],"version-history":[{"count":5,"href":"https:\/\/individenstrygghet.se\/da\/wp-json\/wp\/v2\/pages\/457\/revisions"}],"predecessor-version":[{"id":709,"href":"https:\/\/individenstrygghet.se\/da\/wp-json\/wp\/v2\/pages\/457\/revisions\/709"}],"wp:attachment":[{"href":"https:\/\/individenstrygghet.se\/da\/wp-json\/wp\/v2\/media?parent=457"}],"curies":[{"name":"wp","href":"https:\/\/api.w.org\/{rel}","templated":true}]}}