{"id":469,"date":"2025-08-25T11:02:01","date_gmt":"2025-08-25T09:02:01","guid":{"rendered":"https:\/\/individenstrygghet.cmsp.se\/juridik-2\/"},"modified":"2025-12-01T18:56:57","modified_gmt":"2025-12-01T17:56:57","slug":"jura","status":"publish","type":"page","link":"https:\/\/individenstrygghet.se\/da\/jura\/","title":{"rendered":"Jura"},"content":{"rendered":"<div class=\"wpb-content-wrapper\"><p>[vc_row full_width=&#8221;stretch_row&#8221; el_id=&#8221;start_inside&#8221; css=&#8221;.vc_custom_1757503179473{background-image: url(\/files\/juridik.png?id=282) !important;background-position: center !important;background-repeat: no-repeat !important;background-size: cover !important;}&#8221;][vc_column][vc_column_text css=&#8221;&#8221;]<\/p>\n<h1>Jura<\/h1>\n<p>[\/vc_column_text][\/vc_column][\/vc_row][vc_row][vc_column][vc_empty_space height=&#8221;60px&#8221;][\/vc_column][\/vc_row][vc_row][vc_column width=&#8221;1\/2&#8243;][vc_column_text css=&#8221;&#8221;]<\/p>\n<h3>Loven om st\u00f8tte og service til visse handicappede \u2013 LSS<\/h3>\n<p data-start=\"122\" data-end=\"330\">Hvis du har en funktionsneds\u00e6ttelse, har du ret til at ans\u00f8ge om st\u00f8tte for at kunne leve et s\u00e5 godt og selvst\u00e6ndigt liv som muligt. Det er form\u00e5let med loven om st\u00f8tte og service til visse handicappede, LSS.<\/p>\n<p data-start=\"332\" data-end=\"637\">Retten til et godt og selvst\u00e6ndigt liv indeb\u00e6rer for eksempel, at du skal have mulighed for at arbejde, studere eller have anden meningsfuld besk\u00e6ftigelse. Du skal ogs\u00e5 kunne deltage i samfundslivet. Det betyder blandt andet, at du skal kunne tage del i kultur- og fritidstilbud p\u00e5 samme vilk\u00e5r som andre.<\/p>\n<p>[\/vc_column_text][vc_column_text css=&#8221;&#8221;]<\/p>\n<h4>Kommunens ansvar<\/h4>\n<p data-start=\"71\" data-end=\"234\">Det er f\u00f8rst og fremmest kommunen, der har ansvaret for, at LSS overholdes. Kommunen skal unders\u00f8ge dine behov og tilbyde den st\u00f8tte og service, du har brug for.<\/p>\n<p data-start=\"236\" data-end=\"422\">Du skal have mulighed for at v\u00e6re involveret i, hvordan st\u00f8tten udformes, og hvorn\u00e5r den gennemf\u00f8res. Du har ret til tolkning, s\u00e5 du kan forst\u00e5 informationen, hvis du har brug for det.<\/p>\n<p>[\/vc_column_text][vc_column_text css=&#8221;&#8221;]<\/p>\n<h4>B\u00f8rn skal v\u00e6re involveret<\/h4>\n<p>Hvis et barn har brug for hj\u00e6lp, er det vigtigt, at barnet f\u00e5r information, som det kan forst\u00e5. Det skal v\u00e6re muligt for barnet at v\u00e6re involveret og kunne udtrykke sine egne tanker og \u00f8nsker. De, der tr\u00e6ffer beslutninger, skal finde ud af, hvad der er barnets bedste, og tage hensyn til det, n\u00e5r de beslutter, hvilken st\u00f8tte der er n\u00f8dvendig.[\/vc_column_text][vc_column_text css=&#8221;&#8221;]<\/p>\n<h4>Tre grupper, der er omfattet af LSS<\/h4>\n<p data-start=\"81\" data-end=\"205\">LSS beskriver, hvilke personer der er omfattet af loven. Du kan ans\u00f8ge om st\u00f8tte, hvis du tilh\u00f8rer en af f\u00f8lgende grupper:<\/p>\n<ul data-start=\"207\" data-end=\"741\">\n<li data-start=\"207\" data-end=\"297\">\n<p data-start=\"209\" data-end=\"297\">Du har en intellektuel funktionsneds\u00e6ttelse, autisme eller autisme-lignende tilstande.<\/p>\n<\/li>\n<li data-start=\"298\" data-end=\"438\">\n<p data-start=\"300\" data-end=\"438\">Du har betydelige og varige kognitive funktionsneds\u00e6ttelser efter en hjerneskade i voksen alder, for\u00e5rsaget af vold eller fysisk sygdom.<\/p>\n<\/li>\n<li data-start=\"439\" data-end=\"741\">\n<p data-start=\"441\" data-end=\"741\">Du har andre store, langvarige fysiske eller psykiske funktionsneds\u00e6ttelser, som \u00e5benlyst ikke skyldes normal aldring. Det betyder, at du har meget sv\u00e6rt ved p\u00e5 egen h\u00e5nd at klare dagligdags ting. Du kan for eksempel have sv\u00e6rt ved at kl\u00e6de dig p\u00e5, lave mad, bev\u00e6ge dig eller kommunikere med andre.<\/p>\n<\/li>\n<\/ul>\n<p>[\/vc_column_text][vc_column_text css=&#8221;&#8221;]<\/p>\n<h4>Personlig assistance<\/h4>\n<p>Du kan ans\u00f8ge om personlig assistance fra kommunen eller Forsikringskassen. Det kan du g\u00f8re, hvis du har en funktionsneds\u00e6ttelse, som betyder, at du har brug for hj\u00e6lp med det, der kaldes grundl\u00e6ggende behov. Det kan for eksempel v\u00e6re hj\u00e6lp til personlig hygiejne, spisning, p\u00e5- og afkl\u00e6dning eller kommunikation med andre.[\/vc_column_text][vc_column_text css=&#8221;&#8221;]<\/p>\n<h4>B\u00e5de voksne og b\u00f8rn kan f\u00e5 personlig assistance<\/h4>\n<p>Hvis du har en omfattende funktionsneds\u00e6ttelse, har du ret til at ans\u00f8ge om st\u00f8tte, s\u00e5 du kan leve et s\u00e5 godt og selvst\u00e6ndigt liv som muligt. Det er form\u00e5let med Loven om st\u00f8tte og service til visse handicappede (LSS).[\/vc_column_text][\/vc_column][vc_column width=&#8221;1\/2&#8243;][vc_column_text css=&#8221;&#8221;]<\/p>\n<h3>Du kan altid v\u00e6lge Individens Trygghet<\/h3>\n<p>Individens Trygghet tilbyder personlig assistance uanset din alder, hvor i Sverige du bor, hvilket sprog du taler, hvilken diagnose du har, eller hvordan dit behov for hj\u00e6lp ser ud. Vi tilbyder assistance baseret p\u00e5 beslutninger fra kommuner eller F\u00f6rs\u00e4kringskassan. Sammen med dig og ud fra dine behov arbejder vi for, at du f\u00e5r den trygge assistance, du har ret til.[\/vc_column_text][vc_column_text css=&#8221;&#8221;]<\/p>\n<p data-start=\"38\" data-end=\"117\"><strong data-start=\"38\" data-end=\"115\">Hvis du allerede har en beslutning \u2013 hj\u00e6lper vi dig med at skifte selskab<\/strong><\/p>\n<p data-start=\"119\" data-end=\"367\">Det er nemt at v\u00e6lge Individens Trygghet som assistentudbyder. Vi udarbejder en kundeaftale og en fuldmagt, og derefter administrerer vi skiftet for dig. Vi hj\u00e6lper dig med alt, fra at opsige din nuv\u00e6rende udbyder til kontakten med myndighederne.<\/p>\n<p data-start=\"369\" data-end=\"538\" data-is-last-node=\"\" data-is-only-node=\"\">Sammen aftaler vi en startdato. Herefter begynder vi straks at planl\u00e6gge din assistance for at give dig og dine assistenter de bedste foruds\u00e6tninger for en tryg opstart.<\/p>\n<p>[\/vc_column_text][vc_column_text css=&#8221;&#8221;]<\/p>\n<h4>Hvis du ikke har en beslutning \u2013 hj\u00e6lper vi dig med at ans\u00f8ge<\/h4>\n<p data-start=\"107\" data-end=\"579\">Det er nemt at f\u00e5 hj\u00e6lp fra Individens Trygghets jurist ved en ans\u00f8gning om personlig assistance. Vi udarbejder en fuldmagt og hj\u00e6lper dig gennem hele ans\u00f8gningsprocessen. Du f\u00e5r hj\u00e6lp med alt fra sammenstilling af hj\u00e6lpebehov, hvilke attester der er n\u00f8dvendige, til at skrive ans\u00f8gningen til kommunen eller F\u00f6rs\u00e4kringskassan. For din tryghed deltager vores jurist ogs\u00e5 i m\u00f8der med sagsbehandlere. Alt sammen for at sikre, at du f\u00e5r den rigtige beslutning om assistance.<\/p>\n<p data-start=\"581\" data-end=\"701\" data-is-last-node=\"\" data-is-only-node=\"\">Den juridiske hj\u00e6lp er gratis, forudsat at du v\u00e6lger Individens Trygghet som assistentudbyder ved en positiv beslutning.<\/p>\n<p>[\/vc_column_text][\/vc_column][\/vc_row][vc_row][vc_column][vc_empty_space height=&#8221;60px&#8221;][\/vc_column][\/vc_row][vc_row][vc_column][vc_column_text css=&#8221;&#8221;]<\/p>\n<h2>Vil du kontaktes ang\u00e5ende juridiske tjenester?<\/h2>\n<p>Udfyld formularen, s\u00e5 kontakter vi dig inden for kort tid.[\/vc_column_text][vc_column_text css=&#8221;&#8221;]<div class=\"frm_forms  with_frm_style frm_style_formidables-stilmall\" id=\"frm_form_6_container\" data-token=\"5c04c872b8ceb2376382aa4480337c94\">\n<form enctype=\"multipart\/form-data\" method=\"post\" class=\"frm-show-form  frm_pro_form \" id=\"form_bli-kontaktad-juridik-dk\" data-token=\"5c04c872b8ceb2376382aa4480337c94\">\n<div class=\"frm_form_fields \">\n<fieldset>\n<legend class=\"frm_screen_reader\">Bli kontaktad (Juridik) DK<\/legend>\r\n\r\n<div class=\"frm_fields_container\">\n<input type=\"hidden\" name=\"frm_action\" value=\"create\" \/>\n<input type=\"hidden\" name=\"form_id\" value=\"6\" \/>\n<input type=\"hidden\" name=\"frm_hide_fields_6\" id=\"frm_hide_fields_6\" value=\"\" \/>\n<input type=\"hidden\" name=\"form_key\" value=\"bli-kontaktad-juridik-dk\" \/>\n<input type=\"hidden\" name=\"item_meta[0]\" value=\"\" \/>\n<input type=\"hidden\" id=\"frm_submit_entry_6\" name=\"frm_submit_entry_6\" value=\"6008ca30c2\" \/><input type=\"hidden\" name=\"_wp_http_referer\" value=\"\/da\/wp-json\/wp\/v2\/pages\/469\" \/><div id=\"frm_field_30_container\" class=\"frm_form_field form-field  frm_top_container frm12 frm_first\">\r\n\t<div  id=\"field_khaxn2_label\" class=\"frm_primary_label\">Navn\r\n\t\t<span class=\"frm_required\" aria-hidden=\"true\"><\/span>\r\n\t<\/div>\r\n\t<fieldset aria-labelledby=\"field_khaxn2_label\">\n\t<legend class=\"frm_screen_reader frm_hidden\">\n\t\tNavn\t<\/legend>\n\n\t<div  class=\"frm_combo_inputs_container\" id=\"frm_combo_inputs_container_30\" data-name-layout=\"first_last\">\n\t\t\t\t\t<div\n\t\t\t\tid=\"frm_field_30-first_container\"\n\t\t\t\tclass=\"frm_form_field form-field frm_form_subfield-first  frm6\"\n\t\t\t\tdata-sub-field-name=\"first\"\n\t\t\t>\n\t\t\t\t<label for=\"field_khaxn2_first\" class=\"frm_screen_reader frm_hidden\">\n\t\t\t\t\tFornavn\t\t\t\t<\/label>\n\n\t\t\t\t<input  type=\"text\" id=\"field_khaxn2_first\" value=\"\" name=\"item_meta[30][first]\" autocomplete=\"given-name\" data-invmsg=\"Navn er ugyldig\" aria-invalid=\"false\"  \/><div class=\"frm_description\" id=\"frm_field_30_first_desc\">Fornavn<\/div>\t\t\t<\/div>\n\t\t\t\t\t\t<div\n\t\t\t\tid=\"frm_field_30-last_container\"\n\t\t\t\tclass=\"frm_form_field form-field frm_form_subfield-last  frm6\"\n\t\t\t\tdata-sub-field-name=\"last\"\n\t\t\t>\n\t\t\t\t<label for=\"field_khaxn2_last\" class=\"frm_screen_reader frm_hidden\">\n\t\t\t\t\tEfternavn\t\t\t\t<\/label>\n\n\t\t\t\t<input  type=\"text\" id=\"field_khaxn2_last\" value=\"\" name=\"item_meta[30][last]\" autocomplete=\"family-name\" data-invmsg=\"Navn er ugyldig\" aria-invalid=\"false\"  \/><div class=\"frm_description\" id=\"frm_field_30_last_desc\">Efternavn<\/div>\t\t\t<\/div>\n\t\t\t\t<\/div>\n<\/fieldset>\n\r\n\t\r\n\t\r\n<\/div>\n<div id=\"frm_field_31_container\" class=\"frm_form_field form-field  frm_top_container\">\r\n\t<label for=\"field_xngeg2\" id=\"field_xngeg2_label\" class=\"frm_primary_label\">E-mail\r\n\t\t<span class=\"frm_required\" aria-hidden=\"true\"><\/span>\r\n\t<\/label>\r\n\t<input type=\"email\" id=\"field_xngeg2\" name=\"item_meta[31]\" value=\"\"  autocomplete=\"email\"  data-invmsg=\"E-mail \u00e4r ogiltigt\" aria-invalid=\"false\"  \/>\r\n\t\r\n\t\r\n<\/div>\n<div id=\"frm_field_32_container\" class=\"frm_form_field form-field  frm_top_container\">\r\n\t<label for=\"field_2vd4k2\" id=\"field_2vd4k2_label\" class=\"frm_primary_label\">Telefon\r\n\t\t<span class=\"frm_required\" aria-hidden=\"true\"><\/span>\r\n\t<\/label>\r\n\t<input type=\"tel\" id=\"field_2vd4k2\" name=\"item_meta[32]\" value=\"\"  data-invmsg=\"Telefon \u00e4r ogiltigt\" aria-invalid=\"false\" pattern=\"((\\+\\d{1,3}(-|.| )?\\(?\\d\\)?(-| |.)?\\d{1,5})|(\\(?\\d{2,6}\\)?))(-|.| )?(\\d{3,4})(-|.| )?(\\d{4})(( x| ext)\\d{1,5}){0,1}$\"  \/>\r\n\t\r\n\t\r\n<\/div>\n<div id=\"frm_field_33_container\" class=\"frm_form_field form-field  frm_required_field frm_top_container frm12 frm_first vertical_radio\">\r\n\t<div  id=\"field_wvliz2_label\" class=\"frm_primary_label\">Jeg accepterer, at mine personoplysninger behandles i overensstemmelse med <a href=\"\/integritetspolicy\/\">privatlivspolitikken<\/a>.\r\n\t\t<span class=\"frm_required\" aria-hidden=\"true\">*<\/span>\r\n\t<\/div>\r\n\t<div class=\"frm_opt_container\" aria-labelledby=\"field_wvliz2_label\" role=\"group\">\t\t<div class=\"frm_checkbox\" id=\"frm_checkbox_33-0\">\t\t\t<label  for=\"field_wvliz2-0\">\n\t\t\t<input type=\"checkbox\" name=\"item_meta[33][]\" id=\"field_wvliz2-0\" value=\"Ja\"  data-reqmsg=\"Jeg accepterer, at mine personoplysninger behandles i overensstemmelse med &lt;a href=&quot;\/integritetspolicy\/&quot;&gt;privatlivspolitikken&lt;\/a&gt;. kan inte vara tom.\" data-invmsg=\"Jeg accepterer, at mine personoplysninger behandles i overensstemmelse med &lt;a href=&quot;\/integritetspolicy\/&quot;&gt;privatlivspolitikken&lt;\/a&gt;. \u00e4r ogiltigt\"   aria-required=\"true\"  \/> Ja<\/label><\/div>\n<\/div>\r\n\t\r\n\t\r\n<\/div>\n<div id=\"frm_field_34_container\" class=\"frm_form_field form-field  frm_none_container frm12 frm_first\">\r\n\t<label for=\"g-recaptcha-response\" id=\"field_wn3oo2_label\" class=\"frm_primary_label\">\r\n\t\t<span class=\"frm_required\" aria-hidden=\"true\"><\/span>\r\n\t<\/label>\r\n\t<div  id=\"field_wn3oo2\" class=\"frm-g-recaptcha\" data-sitekey=\"6LfUnLkrAAAAAKetdm8uSPvgH7Yae0QjNyVG9Kt7\" data-size=\"invisible\" data-theme=\"light\"><\/div>\r\n\t\r\n\t\r\n<\/div>\n<div id=\"frm_field_35_container\" class=\"frm_form_field form-field  frm12 frm_first\">\r\n\t<div class=\"frm_submit frm_flex\">\r\n<button class=\"frm_button_submit frm_final_submit\" type=\"submit\"   formnovalidate=\"formnovalidate\">Send<\/button>\r\n\r\n\r\n\r\n<\/div>\r\n<\/div>\n\t<input type=\"hidden\" name=\"item_key\" value=\"\" \/>\n\t\t\t<div id=\"frm_field_152_container\">\n\t\t\t<label for=\"field_tar1g\" >\n\t\t\t\tHvis du er et menneske, skal du lade dette felt v\u00e6re tomt.\t\t\t<\/label>\n\t\t\t<input  id=\"field_tar1g\" type=\"text\" class=\"frm_form_field form-field frm_verify\" name=\"item_meta[152]\" value=\"\"  \/>\n\t\t<\/div>\n\t\t<input name=\"frm_state\" type=\"hidden\" value=\"mTnx3TtDQsD7tWyWGRtScijKHjW4zdb5WTN7AGQCTOYO7Hf7Xz0UvlTzCTvKNmG8\" \/><\/div>\n<\/fieldset>\n<\/div>\n\n<\/form>\n<\/div>\n[\/vc_column_text][\/vc_column][\/vc_row][vc_row][vc_column][vc_empty_space height=&#8221;60px&#8221;][\/vc_column][\/vc_row]<\/p>\n<\/div>","protected":false},"excerpt":{"rendered":"<p>[vc_row full_width=&#8221;stretch_row&#8221; el_id=&#8221;start_inside&#8221; css=&#8221;.vc_custom_1757503179473{background-image: url(\/files\/juridik.png?id=282) !important;background-position: center !important;background-repeat: no-repeat !important;background-size: cover !important;}&#8221;][vc_column][vc_column_text css=&#8221;&#8221;] Jura [\/vc_column_text][\/vc_column][\/vc_row][vc_row][vc_column][vc_empty_space height=&#8221;60px&#8221;][\/vc_column][\/vc_row][vc_row][vc_column width=&#8221;1\/2&#8243;][vc_column_text css=&#8221;&#8221;] Loven om st\u00f8tte og service til visse handicappede \u2013 LSS Hvis du har en funktionsneds\u00e6ttelse, har du ret til at ans\u00f8ge om st\u00f8tte for at kunne leve et s\u00e5 godt og selvst\u00e6ndigt liv som muligt. Det er [&hellip;]<\/p>\n","protected":false},"author":2,"featured_media":0,"parent":0,"menu_order":0,"comment_status":"closed","ping_status":"closed","template":"","meta":{"footnotes":""},"class_list":["post-469","page","type-page","status-publish","hentry"],"_links":{"self":[{"href":"https:\/\/individenstrygghet.se\/da\/wp-json\/wp\/v2\/pages\/469","targetHints":{"allow":["GET"]}}],"collection":[{"href":"https:\/\/individenstrygghet.se\/da\/wp-json\/wp\/v2\/pages"}],"about":[{"href":"https:\/\/individenstrygghet.se\/da\/wp-json\/wp\/v2\/types\/page"}],"author":[{"embeddable":true,"href":"https:\/\/individenstrygghet.se\/da\/wp-json\/wp\/v2\/users\/2"}],"replies":[{"embeddable":true,"href":"https:\/\/individenstrygghet.se\/da\/wp-json\/wp\/v2\/comments?post=469"}],"version-history":[{"count":7,"href":"https:\/\/individenstrygghet.se\/da\/wp-json\/wp\/v2\/pages\/469\/revisions"}],"predecessor-version":[{"id":822,"href":"https:\/\/individenstrygghet.se\/da\/wp-json\/wp\/v2\/pages\/469\/revisions\/822"}],"wp:attachment":[{"href":"https:\/\/individenstrygghet.se\/da\/wp-json\/wp\/v2\/media?parent=469"}],"curies":[{"name":"wp","href":"https:\/\/api.w.org\/{rel}","templated":true}]}}