{"id":481,"date":"2025-08-25T10:48:59","date_gmt":"2025-08-25T08:48:59","guid":{"rendered":"https:\/\/individenstrygghet.cmsp.se\/om-oss\/"},"modified":"2025-10-14T09:45:19","modified_gmt":"2025-10-14T07:45:19","slug":"om-os","status":"publish","type":"page","link":"https:\/\/individenstrygghet.se\/da\/om-os\/","title":{"rendered":"Om os"},"content":{"rendered":"<div class=\"wpb-content-wrapper\"><p>[vc_row full_width=&#8221;stretch_row&#8221; el_id=&#8221;start_inside&#8221; css=&#8221;.vc_custom_1760080018992{background-image: url(\/files\/individenstrygghet10-e1760076688872.jpg?id=368) !important;background-position: center !important;background-repeat: no-repeat !important;background-size: cover !important;}&#8221;][vc_column][vc_column_text css=&#8221;&#8221;]<\/p>\n<h1>Om Individens Trygghet<\/h1>\n<p>[\/vc_column_text][\/vc_column][\/vc_row][vc_row][vc_column][vc_empty_space height=&#8221;60px&#8221;][\/vc_column][\/vc_row][vc_row][vc_column width=&#8221;1\/2&#8243;][vc_column_text css=&#8221;&#8221;]<\/p>\n<h2>Om virksomheden<\/h2>\n<p>[\/vc_column_text][vc_column_text css=&#8221;&#8221;]Individens Trygghet er en assistancevirksomhed grundlagt i 2025 af Joakim Persson. Vores forretning er baseret p\u00e5 n\u00e6rhed, engagement og tryghed \u2013 b\u00e5de for vores kunder og vores medarbejdere.<\/p>\n<p>Vi mener, at ethvert menneske har ret til det bedst mulige liv, uanset funktionsvariation. Derfor arbejder vi hver dag p\u00e5 at skabe personlig og meningsfuld assistance, der er baseret p\u00e5 den enkeltes behov og \u00f8nsker.<\/p>\n<p>Vores administrerende direkt\u00f8r, Joakim Persson, har over 15 \u00e5rs erfaring inden for personlig assistance og jura. Takket v\u00e6re sin ekspertise, engagement og personlige erfaring er Individuel Trygghet hurtigt blevet et navn, man skal regne med i branchen \u2013 og et oplagt valg for b\u00e5de kunder og medarbejdere.<\/p>\n<p>Vil du vide, hvad vi kan g\u00f8re for dig?<br \/>\nT\u00f8v ikke med at kontakte os hos Individuel Trygghet \u2013 vi er her for dig.[\/vc_column_text][\/vc_column][vc_column width=&#8221;1\/2&#8243;][vc_single_image image=&#8221;372&#8243; img_size=&#8221;full&#8221; css=&#8221;&#8221;][\/vc_column][\/vc_row][vc_row][vc_column][vc_empty_space height=&#8221;60px&#8221;][\/vc_column][\/vc_row][vc_row full_width=&#8221;stretch_row&#8221; css=&#8221;.vc_custom_1760080083899{background-color: #222222 !important;}&#8221;][vc_column][vc_empty_space height=&#8221;60px&#8221;][vc_column_text css=&#8221;&#8221;]<\/p>\n<h2 style=\"text-align: center;\">Om grundl\u00e6ggeren<\/h2>\n<p>[\/vc_column_text][vc_row_inner][vc_column_inner width=&#8221;1\/2&#8243;][vc_column_text css=&#8221;&#8221;]<\/p>\n<h3>Hej!<\/h3>\n<p>Mit navn er Joakim Persson, og jeg er grundl\u00e6gger og administrerende direkt\u00f8r for Individuens Trygghet. Jeg er i 30&#8217;erne og har mere end 15 \u00e5rs erfaring inden for personlig assistance og jura.<\/p>\n<p>I l\u00f8bet af mit professionelle liv har jeg haft det privilegium at arbejde for flere forskellige assistancevirksomheder. Men gennem \u00e5rene har jeg set, at mange lover mere, end de kan holde \u2013 og det er netop derfor, jeg besluttede at starte min egen virksomhed, hvor kvalitet, sikkerhed og omtanke virkelig er i centrum. S\u00e5ledes blev Individuens Trygghet f\u00f8dt.[\/vc_column_text][\/vc_column_inner][vc_column_inner width=&#8221;1\/2&#8243;][vc_column_text css=&#8221;&#8221;]Min egen erfaring har ogs\u00e5 givet mig en dybere forst\u00e5else af, hvor vigtig funktionel assistance er. Jeg sidder selv i k\u00f8restol og har haft personlig assistance i flere \u00e5r. Det betyder, at jeg virkelig ved, hvor meget den rigtige st\u00f8tte betyder \u2013 b\u00e5de i hverdagen og for livskvaliteten.<\/p>\n<p>Det er derfor, jeg br\u00e6nder for at hj\u00e6lpe andre med at f\u00e5 en mere sikker og fri hverdag.<\/p>\n<p><em>Med venlig hilsen,<\/em><br \/>\n<em>Joakim Persson<\/em><br \/>\n<em>Administrerende direkt\u00f8r, Individens Trygghet<\/em>[\/vc_column_text][\/vc_column_inner][\/vc_row_inner][vc_empty_space height=&#8221;60px&#8221;][\/vc_column][\/vc_row]<\/p>\n<\/div>","protected":false},"excerpt":{"rendered":"<p>[vc_row full_width=&#8221;stretch_row&#8221; el_id=&#8221;start_inside&#8221; css=&#8221;.vc_custom_1760080018992{background-image: url(\/files\/individenstrygghet10-e1760076688872.jpg?id=368) !important;background-position: center !important;background-repeat: no-repeat !important;background-size: cover !important;}&#8221;][vc_column][vc_column_text css=&#8221;&#8221;] Om Individens Trygghet [\/vc_column_text][\/vc_column][\/vc_row][vc_row][vc_column][vc_empty_space height=&#8221;60px&#8221;][\/vc_column][\/vc_row][vc_row][vc_column width=&#8221;1\/2&#8243;][vc_column_text css=&#8221;&#8221;] Om virksomheden [\/vc_column_text][vc_column_text css=&#8221;&#8221;]Individens Trygghet er en assistancevirksomhed grundlagt i 2025 af Joakim Persson. Vores forretning er baseret p\u00e5 n\u00e6rhed, engagement og tryghed \u2013 b\u00e5de for vores kunder og vores medarbejdere. Vi mener, at ethvert [&hellip;]<\/p>\n","protected":false},"author":2,"featured_media":0,"parent":0,"menu_order":0,"comment_status":"closed","ping_status":"closed","template":"","meta":{"footnotes":""},"class_list":["post-481","page","type-page","status-publish","hentry"],"_links":{"self":[{"href":"https:\/\/individenstrygghet.se\/da\/wp-json\/wp\/v2\/pages\/481","targetHints":{"allow":["GET"]}}],"collection":[{"href":"https:\/\/individenstrygghet.se\/da\/wp-json\/wp\/v2\/pages"}],"about":[{"href":"https:\/\/individenstrygghet.se\/da\/wp-json\/wp\/v2\/types\/page"}],"author":[{"embeddable":true,"href":"https:\/\/individenstrygghet.se\/da\/wp-json\/wp\/v2\/users\/2"}],"replies":[{"embeddable":true,"href":"https:\/\/individenstrygghet.se\/da\/wp-json\/wp\/v2\/comments?post=481"}],"version-history":[{"count":3,"href":"https:\/\/individenstrygghet.se\/da\/wp-json\/wp\/v2\/pages\/481\/revisions"}],"predecessor-version":[{"id":592,"href":"https:\/\/individenstrygghet.se\/da\/wp-json\/wp\/v2\/pages\/481\/revisions\/592"}],"wp:attachment":[{"href":"https:\/\/individenstrygghet.se\/da\/wp-json\/wp\/v2\/media?parent=481"}],"curies":[{"name":"wp","href":"https:\/\/api.w.org\/{rel}","templated":true}]}}