{"id":494,"date":"2025-08-25T09:34:48","date_gmt":"2025-08-25T07:34:48","guid":{"rendered":"https:\/\/individenstrygghet.cmsp.se\/personlig-assistans\/"},"modified":"2025-10-14T11:05:32","modified_gmt":"2025-10-14T09:05:32","slug":"personlig-assistance","status":"publish","type":"page","link":"https:\/\/individenstrygghet.se\/da\/personlig-assistance\/","title":{"rendered":"Personlig assistance"},"content":{"rendered":"<div class=\"wpb-content-wrapper\"><p>[vc_row full_width=&#8221;stretch_row&#8221; el_id=&#8221;start_inside&#8221; css=&#8221;.vc_custom_1757512630476{background-image: url(\/files\/individenstrygghet2-1.png?id=292) !important;background-position: center !important;background-repeat: no-repeat !important;background-size: cover !important;}&#8221;][vc_column][vc_column_text css=&#8221;&#8221;]<\/p>\n<h1>Personlig assistance<\/h1>\n<p>[\/vc_column_text][\/vc_column][\/vc_row][vc_row][vc_column][vc_empty_space height=&#8221;60px&#8221;][\/vc_column][\/vc_row][vc_row][vc_column width=&#8221;1\/2&#8243;][vc_column_text css=&#8221;&#8221;]<\/p>\n<h2>Hvad er personlig assistance?<\/h2>\n<p>[\/vc_column_text][vc_column_text css=&#8221;&#8221;]Personlig assistance handler om at kunne leve sit liv, som du \u00f8nsker \u2013 med frihed, tryghed og deltagelse. For os er det vigtigt, at st\u00f8tten er udformet efter dine specifikke behov og \u00f8nsker, s\u00e5 du kan f\u00e5 hverdagen til at fungere p\u00e5 din egen m\u00e5de. Det kan v\u00e6re hj\u00e6lp derhjemme, i skolen, p\u00e5 arbejdet eller i din fritid. Vi er her for dig og for din optimale tryghed gennem hele livet.<\/p>\n<p>Du kan s\u00f8ge om personlig assistance hos kommunen eller den svenske socialforsikring. Du kan g\u00f8re dette, hvis du har et handicap, der betyder, at du har brug for hj\u00e6lp til det, der kaldes basale behov. Dette kan for eksempel v\u00e6re hj\u00e6lp til din personlige hygiejne, spisning, p\u00e5- og afkl\u00e6dning eller kommunikation med andre.<\/p>\n<p>B\u00e5de voksne og b\u00f8rn kan modtage personlig assistance.<\/p>\n<p>Hvis du har et betydeligt handicap, har du ret til at s\u00f8ge om st\u00f8tte til at kunne leve et s\u00e5 godt og uafh\u00e6ngigt liv som muligt. Dette er form\u00e5let med st\u00f8tte- og serviceloven (LSS) for visse handicappede.[\/vc_column_text][vc_column_text css=&#8221;&#8221;]<\/p>\n<h3>Hvem har ret til personlig assistance?<\/h3>\n<p>Retten til personlig assistance er reguleret i Lov om St\u00f8tte og Service til Visse Handicappede (LSS). Loven eksisterer for at give mennesker med st\u00f8rre og varige handicap mulighed for at leve et godt og uafh\u00e6ngigt liv \u2013 med samme frihed som alle andre.<\/p>\n<p>For at v\u00e6re berettiget til indsatser gennem LSS skal du tilh\u00f8re en af \u200b\u200btre personkredse. Personkredsene beskriver forskellige grupper af mennesker med forskellige typer handicap. At tilh\u00f8re en personkreds betyder ikke, at du automatisk modtager hj\u00e6lp, men det er et f\u00f8rste skridt mod at f\u00e5 den st\u00f8tte, du har brug for.<\/p>\n<p>Hos os er ethvert menneske unikt, og vores opgave er at finde den st\u00f8tte, der skaber tryghed, frihed og livskvalitet \u2013 hele dit liv.[\/vc_column_text][\/vc_column][vc_column width=&#8221;1\/2&#8243;][vc_single_image image=&#8221;236&#8243; img_size=&#8221;500&#215;800&#8243; css=&#8221;&#8221;][\/vc_column][\/vc_row][vc_row][vc_column][vc_empty_space height=&#8221;60px&#8221;][\/vc_column][\/vc_row][vc_row][vc_column width=&#8221;1\/2&#8243;][vc_single_image image=&#8221;368&#8243; img_size=&#8221;full&#8221; css=&#8221;&#8221;][vc_column_text css=&#8221;&#8221;]<\/p>\n<h3>Personlig assistance skr\u00e6ddersyet til dit barns behov<\/h3>\n<p>Et sp\u00f8rgsm\u00e5l, som du som for\u00e6lder eller p\u00e5r\u00f8rende til et barn med behov for personlig assistance m\u00e5ske stiller dig: hvordan fungerer personlig assistance i skolen? Hovedreglen if\u00f8lge socialsikringsloven (kapitel 106 24 \u00a7 1 og 2) er, at der ikke ydes statslig assistancekompensation for den tid, hvor en person med handicap opholder sig eller deltager i b\u00f8rnepasning, skole eller daglige aktiviteter. Det er dog muligt at modtage assistancekompensation, hvis der er s\u00e5kaldte s\u00e6rlige grunde til det. Grunden til, at b\u00f8rn normalt ikke modtager personlig assistance i b\u00f8rnehave og skole, er, at det er en del af kommunernes ansvar at yde den st\u00f8tte, som b\u00f8rn, unge (og voksne) med handicap har brug for, n\u00e5r de er i skole. Socialsikringsloven g\u00f8r en undtagelse for andre uddannelsesinstitutioner s\u00e5som h\u00f8jskoler eller universiteter: s\u00e5 kan en person, der deltager i undervisning, f\u00e5 tildelt personlig assistance.[\/vc_column_text][\/vc_column][vc_column width=&#8221;1\/2&#8243;][vc_column_text css=&#8221;&#8221;]<\/p>\n<h2>Assistance til b\u00f8rn<\/h2>\n<p>[\/vc_column_text][vc_column_text css=&#8221;&#8221;]Med personlig assistance f\u00e5r dit barn mulighed for at leve, lege og udvikle sig, ligesom andre b\u00f8rn. Hos os modtager dit barn individuelt tilpasset assistance.<\/p>\n<p>Vi tilbyder viden p\u00e5 den dag, det er tid til at flytte hjemmefra, lave en ny ans\u00f8gning eller opl\u00e6re nye personlige assistenter. Vi ved, hvor vigtigt det kan v\u00e6re at m\u00f8de familier, der ogs\u00e5 bor med personlig assistance. Hvert \u00e5r arrangerer Individuel Trygghet lokale arrangementer.<\/p>\n<p>Vi mener, at alle har ret til et godt liv, og at b\u00f8rn med forskellige handicap skal have mulighed for at leve som andre b\u00f8rn. Som for\u00e6lder til et barn med et handicap kan du f\u00f8le dig tryg hos os. Vi hj\u00e6lper dig med at k\u00e6mpe for dit barns ret til assistance og skr\u00e6ddersyr den personlige assistance til dine og dit barns behov.[\/vc_column_text][vc_toggle title=&#8221;Autisme og autismelignende tilstande&#8221; css=&#8221;&#8221;]B\u00f8rn med autisme har sv\u00e6rt ved social interaktion og kan v\u00e6re overf\u00f8lsomme over for forskellige sanseindtryk. Hos os modtager dit barn individuelt tilpasset hj\u00e6lp, der er baseret p\u00e5 faste rutiner og tryghed.<\/p>\n<p><strong>Hvad er autisme?<\/strong><\/p>\n<p>Autisme er et permanent neurobiologisk handicap, der normalt er medf\u00f8dt. Typisk for personer med autisme er vanskeligheder med social interaktion og kommunikation med andre. De kan have begr\u00e6nsede og repetitive adf\u00e6rdsm\u00f8nstre og interesser. Forskellige mennesker har forskellige alvorlige problemer, men autisme optr\u00e6der ofte sammen med for eksempel epilepsi, intellektuel funktionsneds\u00e6ttelse, fobier, obsessiv-kompulsiv lidelse og syns- eller h\u00f8reneds\u00e6ttelser.<\/p>\n<p><strong>Symptomer<\/strong><\/p>\n<p>Autisme opdages ofte i en tidlig alder og er mere almindelig blandt drenge end piger. Almindelige kendetegn ved autisme er:<\/p>\n<ul>\n<li>Vanskeligheder med social interaktion og kommunikation<\/li>\n<li>Vanskeligheder med \u00f8jenkontakt<\/li>\n<li>Vanskeligheder med at forst\u00e5 ansigtsudtryk, gestik og tonefald<\/li>\n<li>Gentagende adf\u00e6rd<\/li>\n<li>Begr\u00e6nsede interesser og aktiviteter<\/li>\n<li>Begr\u00e6nset ordforr\u00e5d<\/li>\n<li>St\u00e6rke reaktioner p\u00e5 forskellige sanseindtryk<\/li>\n<li>Vanskeligheder med at optage og sortere indtryk<\/li>\n<li>Stort behov for rutiner<\/li>\n<\/ul>\n<p>Som for\u00e6lder til et barn med autisme kan du f\u00f8le dig tryg hos os. Vi har solid viden og stor erfaring med autisme og hj\u00e6lper dig med at tilpasse hj\u00e6lpen til dit barns individuelle behov.[\/vc_toggle][vc_toggle title=&#8221;Cerebral parese&#8221; css=&#8221;&#8221;]Livet med cerebral parese kan variere meget fra person til person. Mange mennesker klarer sig rigtig godt uden personlig assistance, mens andre har brug for meget hj\u00e6lp.<\/p>\n<p><strong>Hvad er cerebral parese?<\/strong><br \/>\nCP er en samlet betegnelse for forstyrrelser i muskelkontrol for\u00e5rsaget af en hjerneskade, f\u00f8r hjernen er fuldt udviklet. Cerebral parese betyder lammelse p\u00e5 grund af hjerneskade, og personer med CP har typisk forskellige typer bev\u00e6gelsesneds\u00e6ttelser. En CP-skade opdages ofte tidligt hos sm\u00e5 b\u00f8rn, og skaden er permanent hele livet.<\/p>\n<p><strong>Tre typer CP<\/strong><br \/>\nCerebral parese er opdelt i tre forskellige typer: spastisk, dyskinetisk og ataksisk CP.<\/p>\n<p><strong>Spastisk CP<\/strong><br \/>\nSpastisk CP, n\u00e5r muskelsp\u00e6ndingen er ubalanceret, er den mest almindelige form for CP-skade. Musklerne er b\u00e5de svagere og mere sp\u00e6ndte end normalt, hvilket f\u00f8rer til ufrivillig muskelsp\u00e6nding. Sp\u00e6ndte muskler vokser ikke godt og kan for\u00e5rsage misdannede led.<\/p>\n<p><strong>Dyskinetisk CP<\/strong><br \/>\nVed dyskinetisk CP er der ufrivillige kaste- eller vridningsbev\u00e6gelser i hele kroppen og i mund, tunge og hals. Nogle gange kan kroppen sidde fast i forvr\u00e6ngede positioner, og det bliver vanskeligt at bev\u00e6ge sig.<\/p>\n<p><strong>Ataktisk CP<\/strong><br \/>\nAtaktisk CP er us\u00e6dvanlig og for\u00e5rsager balanceforstyrrelser, rysten og vanskeligheder med at koordinere bev\u00e6gelser. Ved ataktisk CP er der ofte ogs\u00e5 muskelsp\u00e6ndinger i benene.<\/p>\n<p><strong>Symptomer<\/strong><br \/>\nSymptomer varierer fra person til person. Nogle har n\u00e6sten ingen problemer, mens andre kan have:<\/p>\n<ul>\n<li>Sp\u00e6ndte muskler og ufrivillige bev\u00e6gelser<\/li>\n<li>Skoliose (rygs\u00f8jlen vokser sk\u00e6vt)<\/li>\n<li>Problemer med mave og tarme<\/li>\n<li>Strabismus og andre synshandicap<\/li>\n<li>H\u00f8reh\u00e6mning<\/li>\n<li>Epilepsi<\/li>\n<li>Intellektuelt handicap<\/li>\n<li>Tale-, synke- og vejrtr\u00e6kningsbesv\u00e6r<\/li>\n<\/ul>\n<p>Som for\u00e6lder til et barn med CP kan du f\u00f8le dig tryg hos os. Vi hj\u00e6lper dig med alt fra r\u00e5dgivning til rekruttering af assistenter. Mange af vores klienter med CP lever et godt liv med personlig assistance.[\/vc_toggle][vc_toggle title=&#8221;Intellektuell funktionsneds\u00e4ttning&#8221; css=&#8221;&#8221;]Der findes forskellige grader af intellektuel funktionsneds\u00e6ttelse, og behovet for st\u00f8tte varierer meget. Vi skr\u00e6ddersyr den personlige assistance, s\u00e5 dit barn har det godt, l\u00e6rer ting og udvikler sig, ligesom andre b\u00f8rn.<\/p>\n<p><strong>Hvad er intellektuel funktionsneds\u00e6ttelse?<\/strong><br \/>\nEn person med en intellektuel funktionsneds\u00e6ttelse har brug for mere tid og st\u00f8tte end andre for at l\u00e6re ting, forst\u00e5 kontekst og udvikle sig. Intellektuel funktionsneds\u00e6ttelse kan skyldes kromosomale, foster- eller f\u00f8dselsdefekter og optr\u00e6der ofte sammen med for eksempel epilepsi, CP, autisme, nedsat syn, hjertefejl, depression, s\u00f8vn- og spiseforstyrrelser.<\/p>\n<p><strong>Symptomer<\/strong><br \/>\nProblemerne bem\u00e6rkes ofte ved skolestart. Almindelige tegn p\u00e5 intellektuel funktionsneds\u00e6ttelse er:<\/p>\n<ul>\n<li>Nedsat intelligens<\/li>\n<li>Talevanskeligheder<\/li>\n<li>Syns- eller h\u00f8reneds\u00e6ttelse<\/li>\n<li>Nedsat indl\u00e6ringsevne<\/li>\n<li>D\u00e5rligere sociale evner<\/li>\n<li>D\u00e5rligere evne til at udf\u00f8re praktiske opgaver s\u00e5som at spise, vaske sig og kl\u00e6de sig p\u00e5<\/li>\n<\/ul>\n<p>Behovet for st\u00f8tte for mennesker med intellektuel funktionsneds\u00e6ttelse kan variere. Hos Individuens Trygghet har vi stor erfaring med at s\u00f8ge personlig assistance til mennesker med intellektuel funktionsneds\u00e6ttelse, og vi s\u00f8rger for, at assistancen er skr\u00e6ddersyet til den enkelte, s\u00e5 dit barns behov bliver opfyldt.[\/vc_toggle][\/vc_column][\/vc_row][vc_row][vc_column][vc_empty_space height=&#8221;60px&#8221;][\/vc_column][\/vc_row][vc_row][vc_column width=&#8221;1\/2&#8243;][vc_column_text css=&#8221;&#8221;]<\/p>\n<h2>Assistance til voksne<\/h2>\n<p>[\/vc_column_text][vc_column_text css=&#8221;&#8221;]Vi tilbyder individuelt tilpasset personlig assistance, hvor dine behov og \u00f8nsker er i fokus.<\/p>\n<p>At have sv\u00e6rt ved at bev\u00e6ge sig, tale, ikke at kunne g\u00e5 p\u00e5 toilettet eller g\u00e5 i bad selv er utrolig sv\u00e6rt. Med hj\u00e6lp fra personlige assistenter kan vi give dig den st\u00f8tte, du har brug for.<\/p>\n<p>Vi hos Individuens Trygghet har stor erfaring med assistance til kunder med forskellige behov. Hos os kan du f\u00f8le dig tryg. Vi hj\u00e6lper dig med at skabe den bedst mulige hverdag for dig og dine k\u00e6re. Kontakt os, s\u00e5 fort\u00e6ller vi dig mere om, hvordan vi kan hj\u00e6lpe dig.[\/vc_column_text][vc_toggle title=&#8221;Erhvervede hjerneskader&#8221; css=&#8221;&#8221;]At f\u00e5 en hjerneskade kan betyde en stor og pludselig forandring i livet, b\u00e5de for den ber\u00f8rte og for de n\u00e6rmeste. Personlig assistance kan v\u00e6re den st\u00f8tte, der er n\u00f8dvendig i hverdagen.<\/p>\n<p><strong>Hvad er en erhvervet hjerneskade?<\/strong><br \/>\nEn erhvervet hjerneskade er en skade, der ikke er medf\u00f8dt, men som er opst\u00e5et efter f\u00f8dslen. Skaden kan f.eks. skyldes ydre vold ved en ulykke eller overfald, et slagtilf\u00e6lde eller anden sygdom og kan p\u00e5virke f.eks. tale, syn, balance, f\u00f8lesans, hukommelse, personlighed eller motoriske f\u00e6rdigheder.<\/p>\n<p><strong>Problemer<\/strong><br \/>\nEn hjerneskade kan for\u00e5rsage mange forskellige handicap, b\u00e5de synlige fysiske og usynlige. De vanskeligheder, du oplever, afh\u00e6nger af skadens type, dens omfang og hvilke dele af hjernen, der er beskadiget.<\/p>\n<p><strong>Eksempler p\u00e5 fysiske problemer<\/strong><\/p>\n<ul>\n<li>Muskelsvaghed<\/li>\n<li>Lammelse<\/li>\n<li>Talebesv\u00e6r<\/li>\n<li>Nedsat balance<\/li>\n<li>Nedsat motorik<\/li>\n<\/ul>\n<p><strong>Eksempler p\u00e5 andre problemer<\/strong><\/p>\n<ul>\n<li>Nedsat hukommelse<\/li>\n<li>Koncentrationsbesv\u00e6r<\/li>\n<li>Nedsat logisk t\u00e6nkning<\/li>\n<li>Kommunikationsvanskeligheder<\/li>\n<li>Hjernetr\u00e6thed<\/li>\n<li>Personligheds\u00e6ndringer<\/li>\n<li>Hum\u00f8rsvingninger og depression<\/li>\n<\/ul>\n<p>Hos Individuens Trygghet vil du, der har haft en hjerneskade, f\u00e5 hj\u00e6lp til alt fra r\u00e5dgivning til rekruttering af assistenter. Mange af vores kunder fort\u00e6ller os, hvordan de har genvundet deres liv og frihed med personlig assistance.[\/vc_toggle][vc_toggle title=&#8221;Slagtilf\u00e6lde&#8221; css=&#8221;&#8221;]At f\u00e5 et slagtilf\u00e6lde kan fuldst\u00e6ndig \u00e6ndre dit liv, ikke kun for den person, der lider, men ogs\u00e5 for dem, der st\u00e5r dig n\u00e6r. Med personlig assistance kan hverdagen blive h\u00e5ndterbar.<\/p>\n<p><strong>Hvad er et slagtilf\u00e6lde?<\/strong><br \/>\nHjerneskade for\u00e5rsaget af en blodprop eller bl\u00f8dning i hjernen kaldes et slagtilf\u00e6lde. De fleste, der f\u00e5r et slagtilf\u00e6lde, er over 65 \u00e5r, men yngre mennesker kan ogs\u00e5 blive p\u00e5virket. Forh\u00f8jet blodtryk, atrieflimren, h\u00f8je blodfedtniveauer, diabetes og rygning \u00f8ger risikoen for slagtilf\u00e6lde.<\/p>\n<p><strong>Symptomer<\/strong><br \/>\nTilstanden kan v\u00e6re livstruende og kr\u00e6ver akut hospitalsindl\u00e6ggelse. Hvis du har mistanke om, at en person kan have haft et slagtilf\u00e6lde, skal du straks ringe 112.<\/p>\n<p>Manglen p\u00e5 ilt, der opst\u00e5r i hjernen under et slagtilf\u00e6lde, for\u00e5rsager f\u00f8lgende symptomer.<\/p>\n<ul>\n<li>Lammelse<\/li>\n<li>Svaghed<\/li>\n<li>F\u00f8lelsestab i en del af kroppen<\/li>\n<li>Talevanskeligheder<\/li>\n<li>Vanskeligheder med at forst\u00e5, hvad andre siger<\/li>\n<li>Synsforstyrrelser<\/li>\n<li>Svimmelhed<\/li>\n<li>St\u00e6rk hovedpine<\/li>\n<\/ul>\n<p>Mange mennesker har resterende problemer efter et slagtilf\u00e6lde. Du kan opleve hukommelses- og koncentrationsbesv\u00e6r, din personlighed kan \u00e6ndre sig, og du kan lide af depression, angst, epileptiske anfald og sv\u00e6r tr\u00e6thed.[\/vc_toggle][vc_toggle title=&#8221;Multipel sklerose (MS)&#8221; css=&#8221;&#8221;]Hvis du har MS, kan en personlig assistent g\u00f8re en stor forskel i din hverdag. Hos Individens Trygghet tilpasser vi hj\u00e6lpen til dine individuelle behov.<\/p>\n<p><strong>Hvad er MS?<\/strong><br \/>\nMultipel sklerose (MS) er en kronisk, neurologisk sygdom. Sygdommen, der normalt debuterer mellem 20 og 40 \u00e5r, skyldes ardannelse i nervecellerne flere forskellige steder i centralnervesystemet, det vil sige hjernen og rygmarven.<\/p>\n<p>Der findes forskellige former for sygdommen, men langt de fleste mennesker lider af recidiverende-remitterende MS. S\u00e5 har man periodiske problemer, s\u00e5kaldte tilbagefald, som kan vare fra et par dage til m\u00e5neder.<\/p>\n<p><strong>Symptomer<\/strong><br \/>\nDet er almindeligt, at personer, der er ramt af MS, oplever flere af f\u00f8lgende symptomer.<\/p>\n<ul>\n<li>F\u00f8lelsesl\u00f8shed i arme, ben og ansigt<\/li>\n<li>Balanceforstyrrelser<\/li>\n<li>Synsproblemer<\/li>\n<li>Taleforstyrrelser<\/li>\n<li>Muskelstivhed<\/li>\n<li>Tr\u00e6thed<\/li>\n<li>Hum\u00f8rsvingninger<\/li>\n<li>Depression<\/li>\n<li>Hukommelses- og koncentrationsproblemer<\/li>\n<li>Smerter<\/li>\n<\/ul>\n<p>MS kan ikke kureres, men der findes medicin, der bremser sygdommens progression og kan lindre symptomer.[\/vc_toggle][\/vc_column][vc_column width=&#8221;1\/2&#8243;][vc_single_image image=&#8221;240&#8243; img_size=&#8221;full&#8221; css=&#8221;&#8221;][\/vc_column][\/vc_row][vc_row][vc_column][vc_empty_space height=&#8221;60px&#8221;][\/vc_column][\/vc_row][vc_row equal_height=&#8221;yes&#8221; content_placement=&#8221;middle&#8221;][vc_column width=&#8221;1\/2&#8243;][vc_single_image image=&#8221;220&#8243; img_size=&#8221;full&#8221; css=&#8221;&#8221;][\/vc_column][vc_column width=&#8221;1\/2&#8243;][vc_column_text css=&#8221;&#8221;]<\/p>\n<h2>Lov om st\u00f8tte og service til visse handicappede \u2013 LSS<\/h2>\n<p>[\/vc_column_text][vc_column_text css=&#8221;&#8221;]Hvis du har et handicap, har du ret til at s\u00f8ge om st\u00f8tte for at kunne leve et s\u00e5 godt og uafh\u00e6ngigt liv som muligt. Dette er form\u00e5let med lov om st\u00f8tte og service til visse handicappede, LSS.<\/p>\n<p>Retten til et godt og uafh\u00e6ngigt liv omfatter f.eks., at du skal have mulighed for at arbejde, studere eller have et andet meningsfuldt erhverv. Du skal ogs\u00e5 kunne deltage i samfundslivet. For eksempel skal du kunne deltage i en r\u00e6kke kulturelle og fritidsaktiviteter p\u00e5 samme vilk\u00e5r som andre.[\/vc_column_text][\/vc_column][\/vc_row][vc_row equal_height=&#8221;yes&#8221; content_placement=&#8221;middle&#8221;][vc_column width=&#8221;1\/2&#8243;][vc_column_text css=&#8221;&#8221;]<\/p>\n<h3>Kommunens ansvar<\/h3>\n<p>Det er prim\u00e6rt kommunen, der er ansvarlig for at sikre, at LSS f\u00f8lges. Kommunen skal unders\u00f8ge dine behov og tilbyde den st\u00f8tte og service, du har brug for.<\/p>\n<p>Du skal kunne deltage i, hvordan st\u00f8tten udformes, og hvorn\u00e5r den implementeres. Du har ret til fortolkning, s\u00e5 du kan forst\u00e5 informationen, hvis du har brug for det.<\/p>\n<h3>B\u00f8rn skal inddrages<\/h3>\n<p>Hvis det er et barn, der har brug for hj\u00e6lp, er det vigtigt, at barnet f\u00e5r information, som det forst\u00e5r. Barnet skal kunne deltage og udtrykke sine egne tanker og \u00f8nsker. De, der tr\u00e6ffer beslutninger, skal finde ud af, hvad barnets bedste interesser er, og tage dette i betragtning, n\u00e5r de beslutter, hvilken st\u00f8tte der er n\u00f8dvendig.[\/vc_column_text][\/vc_column][vc_column width=&#8221;1\/2&#8243;][vc_single_image image=&#8221;372&#8243; img_size=&#8221;full&#8221; css=&#8221;&#8221;][\/vc_column][\/vc_row][vc_row equal_height=&#8221;yes&#8221; content_placement=&#8221;middle&#8221;][vc_column width=&#8221;1\/2&#8243;][vc_single_image image=&#8221;218&#8243; img_size=&#8221;full&#8221; css=&#8221;&#8221;][\/vc_column][vc_column width=&#8221;1\/2&#8243;][vc_column_text css=&#8221;&#8221;]<\/p>\n<h2>Tre grupper omfattet af LSS<\/h2>\n<p>LSS beskriver, hvilke personer der er omfattet af loven. Du kan s\u00f8ge om st\u00f8tte, hvis du tilh\u00f8rer en af \u200b\u200bf\u00f8lgende grupper:<\/p>\n<ul>\n<li>Du har et intellektuelt handicap, autisme eller en autismelignende tilstand.<\/li>\n<li>Du har et betydeligt og varigt intellektuelt handicap efter en hjerneskade i voksenalderen for\u00e5rsaget af vold eller fysisk sygdom.<\/li>\n<li>Du har andre st\u00f8rre varige fysiske eller psykiske handicap, der tydeligvis ikke skyldes normal aldring. Det betyder, at du har store vanskeligheder med at klare hverdagsting p\u00e5 egen h\u00e5nd. For eksempel kan du have sv\u00e6rt ved at kl\u00e6de dig p\u00e5, lave mad, bev\u00e6ge dig rundt eller kommunikere med andre.<\/li>\n<\/ul>\n<p>[\/vc_column_text][\/vc_column][\/vc_row][vc_row][vc_column][vc_empty_space height=&#8221;60px&#8221;][\/vc_column][\/vc_row]<\/p>\n<\/div>","protected":false},"excerpt":{"rendered":"<p>[vc_row full_width=&#8221;stretch_row&#8221; el_id=&#8221;start_inside&#8221; css=&#8221;.vc_custom_1757512630476{background-image: url(\/files\/individenstrygghet2-1.png?id=292) !important;background-position: center !important;background-repeat: no-repeat !important;background-size: cover !important;}&#8221;][vc_column][vc_column_text css=&#8221;&#8221;] Personlig assistance [\/vc_column_text][\/vc_column][\/vc_row][vc_row][vc_column][vc_empty_space height=&#8221;60px&#8221;][\/vc_column][\/vc_row][vc_row][vc_column width=&#8221;1\/2&#8243;][vc_column_text css=&#8221;&#8221;] Hvad er personlig assistance? [\/vc_column_text][vc_column_text css=&#8221;&#8221;]Personlig assistance handler om at kunne leve sit liv, som du \u00f8nsker \u2013 med frihed, tryghed og deltagelse. For os er det vigtigt, at st\u00f8tten er udformet efter dine specifikke behov [&hellip;]<\/p>\n","protected":false},"author":2,"featured_media":0,"parent":0,"menu_order":0,"comment_status":"closed","ping_status":"closed","template":"","meta":{"footnotes":""},"class_list":["post-494","page","type-page","status-publish","hentry"],"_links":{"self":[{"href":"https:\/\/individenstrygghet.se\/da\/wp-json\/wp\/v2\/pages\/494","targetHints":{"allow":["GET"]}}],"collection":[{"href":"https:\/\/individenstrygghet.se\/da\/wp-json\/wp\/v2\/pages"}],"about":[{"href":"https:\/\/individenstrygghet.se\/da\/wp-json\/wp\/v2\/types\/page"}],"author":[{"embeddable":true,"href":"https:\/\/individenstrygghet.se\/da\/wp-json\/wp\/v2\/users\/2"}],"replies":[{"embeddable":true,"href":"https:\/\/individenstrygghet.se\/da\/wp-json\/wp\/v2\/comments?post=494"}],"version-history":[{"count":3,"href":"https:\/\/individenstrygghet.se\/da\/wp-json\/wp\/v2\/pages\/494\/revisions"}],"predecessor-version":[{"id":594,"href":"https:\/\/individenstrygghet.se\/da\/wp-json\/wp\/v2\/pages\/494\/revisions\/594"}],"wp:attachment":[{"href":"https:\/\/individenstrygghet.se\/da\/wp-json\/wp\/v2\/media?parent=494"}],"curies":[{"name":"wp","href":"https:\/\/api.w.org\/{rel}","templated":true}]}}