{"id":531,"date":"2023-02-02T11:18:19","date_gmt":"2023-02-02T10:18:19","guid":{"rendered":"https:\/\/individenstrygghet.cmsp.se\/kontakta-oss\/"},"modified":"2025-11-28T14:32:20","modified_gmt":"2025-11-28T13:32:20","slug":"kontakt-os","status":"publish","type":"page","link":"https:\/\/individenstrygghet.se\/da\/kontakt-os\/","title":{"rendered":"Kontakt os"},"content":{"rendered":"<div class=\"wpb-content-wrapper\"><p>[vc_row full_width=&#8221;stretch_row&#8221; el_id=&#8221;start_inside&#8221; css=&#8221;.vc_custom_1757513515185{background-image: url(\/files\/individenstrygghet3-1.png?id=297) !important;background-position: center !important;background-repeat: no-repeat !important;background-size: cover !important;}&#8221;][vc_column][vc_column_text css=&#8221;&#8221;]<\/p>\n<h1>Kontakt os<\/h1>\n<p>[\/vc_column_text][\/vc_column][\/vc_row][vc_row][vc_column][vc_empty_space height=&#8221;60px&#8221;][\/vc_column][\/vc_row][vc_row][vc_column width=&#8221;1\/3&#8243;][vc_column_text css=&#8221;&#8221;]<\/p>\n<h3>V\u00e4xel<\/h3>\n<p><a href=\"tel:+46101521100\">+46-10 152 11 00<\/a>[\/vc_column_text][\/vc_column][vc_column width=&#8221;1\/3&#8243;][vc_column_text css=&#8221;&#8221;]<\/p>\n<h3>\u00c5bningstider<\/h3>\n<p>Man-fre: 09:00 \u2013 17:00<br \/>\nFrokostlukket: 12:00 \u2013 13:00<br \/>\nL\u00f8r-s\u00f8n: Lukket[\/vc_column_text][\/vc_column][vc_column width=&#8221;1\/3&#8243;][vc_column_text css=&#8221;&#8221;]<\/p>\n<h3>Jour<\/h3>\n<p>Ved hastende sager uden for \u00e5bningstiden eller n\u00e5r kontoret er lukket, kan du kontakte vores n\u00f8dnummer.<\/p>\n<p>N\u00f8dnummer: <a href=\"tel:+46101521200\">+46-10 152 12 00<\/a>[\/vc_column_text][\/vc_column][\/vc_row][vc_row][vc_column][vc_empty_space height=&#8221;60px&#8221;][\/vc_column][\/vc_row][vc_row][vc_column width=&#8221;1\/3&#8243;][vc_single_image image=&#8221;426&#8243; img_size=&#8221;full&#8221; css=&#8221;&#8221;][vc_column_text css=&#8221;&#8221;]<\/p>\n<h3>Joakim Persson<\/h3>\n<p><strong>Administrerende direkt\u00f8r<\/strong><\/p>\n<p><a href=\"mailto:joakim.persson@individenstrygghet.se\">joakim.persson@individenstrygghet.se<\/a><\/p>\n<p>Telefon: <a href=\"tel:+46101521111\">+46-10 152 11 11<\/a><\/p>\n<p>SMS: <a href=\"tel:+46726090303\">+46-72 609 03 03<\/a>[\/vc_column_text][\/vc_column][vc_column width=&#8221;1\/3&#8243;][\/vc_column][vc_column width=&#8221;1\/3&#8243;][\/vc_column][\/vc_row][vc_row][vc_column][vc_empty_space][\/vc_column][\/vc_row][vc_row][vc_column][vc_column_text css=&#8221;&#8221;]<div class=\"frm_forms  with_frm_style frm_style_formidables-stilmall\" id=\"frm_form_20_container\" data-token=\"5c04c872b8ceb2376382aa4480337c94\">\n<form enctype=\"multipart\/form-data\" method=\"post\" class=\"frm-show-form  frm_pro_form \" id=\"form_kontakt-dk\" data-token=\"5c04c872b8ceb2376382aa4480337c94\">\n<div class=\"frm_form_fields \">\n<fieldset>\n<legend class=\"frm_screen_reader\">Kontakta oss DK<\/legend>\r\n\r\n<div class=\"frm_fields_container\">\n<input type=\"hidden\" name=\"frm_action\" value=\"create\" \/>\n<input type=\"hidden\" name=\"form_id\" value=\"20\" \/>\n<input type=\"hidden\" name=\"frm_hide_fields_20\" id=\"frm_hide_fields_20\" value=\"\" \/>\n<input type=\"hidden\" name=\"form_key\" value=\"kontakt-dk\" \/>\n<input type=\"hidden\" name=\"item_meta[0]\" value=\"\" \/>\n<input type=\"hidden\" id=\"frm_submit_entry_20\" name=\"frm_submit_entry_20\" value=\"6008ca30c2\" \/><input type=\"hidden\" name=\"_wp_http_referer\" value=\"\/da\/wp-json\/wp\/v2\/pages\/531\" \/><div id=\"frm_field_123_container\" class=\"frm_form_field form-field  frm_top_container frm12 frm_first\">\r\n\t<div  id=\"field_khaxn62_label\" class=\"frm_primary_label\">Navn\r\n\t\t<span class=\"frm_required\" aria-hidden=\"true\"><\/span>\r\n\t<\/div>\r\n\t<fieldset aria-labelledby=\"field_khaxn62_label\">\n\t<legend class=\"frm_screen_reader frm_hidden\">\n\t\tNavn\t<\/legend>\n\n\t<div  class=\"frm_combo_inputs_container\" id=\"frm_combo_inputs_container_123\" data-name-layout=\"first_last\">\n\t\t\t\t\t<div\n\t\t\t\tid=\"frm_field_123-first_container\"\n\t\t\t\tclass=\"frm_form_field form-field frm_form_subfield-first  frm6\"\n\t\t\t\tdata-sub-field-name=\"first\"\n\t\t\t>\n\t\t\t\t<label for=\"field_khaxn62_first\" class=\"frm_screen_reader frm_hidden\">\n\t\t\t\t\tFornavn\t\t\t\t<\/label>\n\n\t\t\t\t<input  type=\"text\" id=\"field_khaxn62_first\" value=\"\" name=\"item_meta[123][first]\" autocomplete=\"given-name\" data-invmsg=\"Navn er ugyldig\" aria-invalid=\"false\"  \/><div class=\"frm_description\" id=\"frm_field_123_first_desc\">Fornavn<\/div>\t\t\t<\/div>\n\t\t\t\t\t\t<div\n\t\t\t\tid=\"frm_field_123-last_container\"\n\t\t\t\tclass=\"frm_form_field form-field frm_form_subfield-last  frm6\"\n\t\t\t\tdata-sub-field-name=\"last\"\n\t\t\t>\n\t\t\t\t<label for=\"field_khaxn62_last\" class=\"frm_screen_reader frm_hidden\">\n\t\t\t\t\tEfternavn\t\t\t\t<\/label>\n\n\t\t\t\t<input  type=\"text\" id=\"field_khaxn62_last\" value=\"\" name=\"item_meta[123][last]\" autocomplete=\"family-name\" data-invmsg=\"Navn er ugyldig\" aria-invalid=\"false\"  \/><div class=\"frm_description\" id=\"frm_field_123_last_desc\">Efternavn<\/div>\t\t\t<\/div>\n\t\t\t\t<\/div>\n<\/fieldset>\n\r\n\t\r\n\t\r\n<\/div>\n<div id=\"frm_field_124_container\" class=\"frm_form_field form-field  frm_top_container\">\r\n\t<label for=\"field_xngeg62\" id=\"field_xngeg62_label\" class=\"frm_primary_label\">E-mail\r\n\t\t<span class=\"frm_required\" aria-hidden=\"true\"><\/span>\r\n\t<\/label>\r\n\t<input type=\"email\" id=\"field_xngeg62\" name=\"item_meta[124]\" value=\"\"  autocomplete=\"email\"  data-invmsg=\"E-mail \u00e4r ogiltigt\" aria-invalid=\"false\"  \/>\r\n\t\r\n\t\r\n<\/div>\n<div id=\"frm_field_125_container\" class=\"frm_form_field form-field  frm_top_container\">\r\n\t<label for=\"field_2vd4k62\" id=\"field_2vd4k62_label\" class=\"frm_primary_label\">Telefon\r\n\t\t<span class=\"frm_required\" aria-hidden=\"true\"><\/span>\r\n\t<\/label>\r\n\t<input type=\"tel\" id=\"field_2vd4k62\" name=\"item_meta[125]\" value=\"\"  data-invmsg=\"Telefon \u00e4r ogiltigt\" aria-invalid=\"false\" pattern=\"((\\+\\d{1,3}(-|.| )?\\(?\\d\\)?(-| |.)?\\d{1,5})|(\\(?\\d{2,6}\\)?))(-|.| )?(\\d{3,4})(-|.| )?(\\d{4})(( x| ext)\\d{1,5}){0,1}$\"  \/>\r\n\t\r\n\t\r\n<\/div>\n<div id=\"frm_field_149_container\" class=\"frm_form_field form-field  frm_top_container\">\n\t<label for=\"field_l8om8\" id=\"field_l8om8_label\" class=\"frm_primary_label\">Besked\n\t\t<span class=\"frm_required\" aria-hidden=\"true\"><\/span>\n\t<\/label>\n\t<input  type=\"text\" id=\"field_l8om8\" name=\"item_meta[149]\" value=\"\"  data-invmsg=\"Besked \u00e4r ogiltigt\" aria-invalid=\"false\"   \/>\n\t\n\t\n<\/div>\n<div id=\"frm_field_126_container\" class=\"frm_form_field form-field  frm_required_field frm_top_container frm12 frm_first vertical_radio\">\r\n\t<div  id=\"field_wvliz62_label\" class=\"frm_primary_label\">Jeg accepterer, at mine personoplysninger behandles i overensstemmelse med <a href=\"\/integritetspolicy\/\">privatlivspolitikken<\/a>.\r\n\t\t<span class=\"frm_required\" aria-hidden=\"true\">*<\/span>\r\n\t<\/div>\r\n\t<div class=\"frm_opt_container\" aria-labelledby=\"field_wvliz62_label\" role=\"group\">\t\t<div class=\"frm_checkbox\" id=\"frm_checkbox_126-0\">\t\t\t<label  for=\"field_wvliz62-0\">\n\t\t\t<input type=\"checkbox\" name=\"item_meta[126][]\" id=\"field_wvliz62-0\" value=\"Ja\"  data-reqmsg=\"Jeg accepterer, at mine personoplysninger behandles i overensstemmelse med &lt;a href=&quot;\/integritetspolicy\/&quot;&gt;privatlivspolitikken&lt;\/a&gt;. kan inte vara tom.\" data-invmsg=\"Jeg accepterer, at mine personoplysninger behandles i overensstemmelse med &lt;a href=&quot;\/integritetspolicy\/&quot;&gt;privatlivspolitikken&lt;\/a&gt;. \u00e4r ogiltigt\"   aria-required=\"true\"  \/> Ja<\/label><\/div>\n<\/div>\r\n\t\r\n\t\r\n<\/div>\n<div id=\"frm_field_127_container\" class=\"frm_form_field form-field  frm_none_container frm12 frm_first\">\r\n\t<label for=\"g-recaptcha-response\" id=\"field_wn3oo62_label\" class=\"frm_primary_label\">\r\n\t\t<span class=\"frm_required\" aria-hidden=\"true\"><\/span>\r\n\t<\/label>\r\n\t<div  id=\"field_wn3oo62\" class=\"frm-g-recaptcha\" data-sitekey=\"6LfUnLkrAAAAAKetdm8uSPvgH7Yae0QjNyVG9Kt7\" data-size=\"invisible\" data-theme=\"light\"><\/div>\r\n\t\r\n\t\r\n<\/div>\n<div id=\"frm_field_128_container\" class=\"frm_form_field form-field  frm12 frm_first\">\r\n\t<div class=\"frm_submit frm_flex\">\r\n<button class=\"frm_button_submit frm_final_submit\" type=\"submit\"   formnovalidate=\"formnovalidate\">Send<\/button>\r\n\r\n\r\n\r\n<\/div>\r\n<\/div>\n\t<input type=\"hidden\" name=\"item_key\" value=\"\" \/>\n\t\t\t<div id=\"frm_field_152_container\">\n\t\t\t<label for=\"field_5hn1u\" >\n\t\t\t\tHvis du er et menneske, skal du lade dette felt v\u00e6re tomt.\t\t\t<\/label>\n\t\t\t<input  id=\"field_5hn1u\" type=\"text\" class=\"frm_form_field form-field frm_verify\" name=\"item_meta[152]\" value=\"\"  \/>\n\t\t<\/div>\n\t\t<input name=\"frm_state\" type=\"hidden\" value=\"mTnx3TtDQsD7tWyWGRtScuaPfMD0a5G2KK7Q9vY\/Fl4O7Hf7Xz0UvlTzCTvKNmG8\" \/><\/div>\n<\/fieldset>\n<\/div>\n\n<\/form>\n<\/div>\n[\/vc_column_text][\/vc_column][\/vc_row][vc_row][vc_column][vc_empty_space height=&#8221;60px&#8221;][\/vc_column][\/vc_row]<\/p>\n<\/div>","protected":false},"excerpt":{"rendered":"<p>[vc_row full_width=&#8221;stretch_row&#8221; el_id=&#8221;start_inside&#8221; css=&#8221;.vc_custom_1757513515185{background-image: url(\/files\/individenstrygghet3-1.png?id=297) !important;background-position: center !important;background-repeat: no-repeat !important;background-size: cover !important;}&#8221;][vc_column][vc_column_text css=&#8221;&#8221;] Kontakt os [\/vc_column_text][\/vc_column][\/vc_row][vc_row][vc_column][vc_empty_space height=&#8221;60px&#8221;][\/vc_column][\/vc_row][vc_row][vc_column width=&#8221;1\/3&#8243;][vc_column_text css=&#8221;&#8221;] V\u00e4xel +46-10 152 11 00[\/vc_column_text][\/vc_column][vc_column width=&#8221;1\/3&#8243;][vc_column_text css=&#8221;&#8221;] \u00c5bningstider Man-fre: 09:00 \u2013 17:00 Frokostlukket: 12:00 \u2013 13:00 L\u00f8r-s\u00f8n: Lukket[\/vc_column_text][\/vc_column][vc_column width=&#8221;1\/3&#8243;][vc_column_text css=&#8221;&#8221;] Jour Ved hastende sager uden for \u00e5bningstiden eller n\u00e5r kontoret er lukket, kan du kontakte vores [&hellip;]<\/p>\n","protected":false},"author":4,"featured_media":0,"parent":0,"menu_order":100,"comment_status":"closed","ping_status":"closed","template":"","meta":{"footnotes":""},"class_list":["post-531","page","type-page","status-publish","hentry"],"_links":{"self":[{"href":"https:\/\/individenstrygghet.se\/da\/wp-json\/wp\/v2\/pages\/531","targetHints":{"allow":["GET"]}}],"collection":[{"href":"https:\/\/individenstrygghet.se\/da\/wp-json\/wp\/v2\/pages"}],"about":[{"href":"https:\/\/individenstrygghet.se\/da\/wp-json\/wp\/v2\/types\/page"}],"author":[{"embeddable":true,"href":"https:\/\/individenstrygghet.se\/da\/wp-json\/wp\/v2\/users\/4"}],"replies":[{"embeddable":true,"href":"https:\/\/individenstrygghet.se\/da\/wp-json\/wp\/v2\/comments?post=531"}],"version-history":[{"count":9,"href":"https:\/\/individenstrygghet.se\/da\/wp-json\/wp\/v2\/pages\/531\/revisions"}],"predecessor-version":[{"id":801,"href":"https:\/\/individenstrygghet.se\/da\/wp-json\/wp\/v2\/pages\/531\/revisions\/801"}],"wp:attachment":[{"href":"https:\/\/individenstrygghet.se\/da\/wp-json\/wp\/v2\/media?parent=531"}],"curies":[{"name":"wp","href":"https:\/\/api.w.org\/{rel}","templated":true}]}}