{"id":325,"date":"2022-08-10T19:07:54","date_gmt":"2022-08-10T17:07:54","guid":{"rendered":"https:\/\/individenstrygghet.cmsp.se\/startseite\/"},"modified":"2025-10-14T16:57:04","modified_gmt":"2025-10-14T14:57:04","slug":"hem","status":"publish","type":"page","link":"https:\/\/individenstrygghet.se\/de\/","title":{"rendered":"Startseite"},"content":{"rendered":"<div class=\"wpb-content-wrapper\"><p>[vc_section full_width=&#8220;stretch_row_content&#8220; el_id=&#8220;video-section&#8220;][vc_row full_width=&#8220;stretch_row_content_no_spaces&#8220;][vc_column][vc_raw_html css=&#8220;&#8220; el_class=&#8220;atlasvoice_no_read&#8220;]JTNDdmlkZW8lMjBwb3N0ZXIlM0QlMjJodHRwcyUzQSUyRiUyRnZjZG4uY21zY21zLnNlJTJGa3VuZGVyJTJGOTQwODg5MjMlMkZpbmRpdmlkZW5zdHJ5Z2doZXQtdmlkZW8yLm1wNCUyMiUyMHByZWxvYWQlM0QlMjJhdXRvJTIyJTIwcGxheXNpbmxpbmUlM0QlMjIlMjIlMjBhdXRvcGxheSUzRCUyMiUyMiUyMG11dGVkJTNEJTIyJTIyJTIwbG9vcCUzRCUyMiUyMiUyMHdpZHRoJTNEJTIyMTAwJTI1JTIyJTIwaGVpZ2h0JTNEJTIyYXV0byUyMiUzRSUwQSUzQ3NvdXJjZSUyMHNyYyUzRCUyMmh0dHBzJTNBJTJGJTJGdmNkbi5jbXNjbXMuc2UlMkZrdW5kZXIlMkY5NDA4ODkyMyUyRmluZGl2aWRlbnN0cnlnZ2hldC12aWRlbzIubXA0JTIyJTIwdHlwZSUzRCUyMnZpZGVvJTJGbXA0JTIyJTNFJTBBJTNDJTJGdmlkZW8lM0U=[\/vc_raw_html][\/vc_column][\/vc_row][vc_row el_id=&#8220;on-top-video&#8220; el_class=&#8220;white darker&#8220;][vc_column][vc_column_text css=&#8220;&#8220;]<\/p>\n<h2>Individens Trygghet<\/h2>\n<h1>Wir sind f\u00fcr Sie da und sorgen f\u00fcr optimale Sicherheit \u2013 ein Leben lang.<\/h1>\n<h3>Willkommen bei uns!<\/h3>\n<p>[\/vc_column_text][\/vc_column][\/vc_row][\/vc_section][vc_row][vc_column][vc_empty_space height=&#8220;60px&#8220;][\/vc_column][\/vc_row][vc_row][vc_column width=&#8220;1\/3&#8243;][vc_single_image image=&#8220;372&#8243; img_size=&#8220;full&#8220; css=&#8220;&#8220;][vc_column_text css=&#8220;&#8220;]<\/p>\n<h2>\u00dcber uns<\/h2>\n<p>[\/vc_column_text][vc_column_text css=&#8220;&#8220;]Individens Trygghet ist ein Assistance-Unternehmen, das 2025 von Joakim Persson gegr\u00fcndet wurde. Unser Gesch\u00e4ft basiert auf N\u00e4he, Engagement und Sicherheit \u2013 sowohl f\u00fcr unsere Kunden als auch f\u00fcr unsere Mitarbeiter.[\/vc_column_text][vc_btn title=&#8220;Mehr erfahren&#8220; css=&#8220;&#8220; link=&#8220;url:%2Fde%2Fuber-uns%2F|title:%C3%9Cber%20uns&#8220;][\/vc_column][vc_column width=&#8220;1\/3&#8243;][vc_single_image image=&#8220;368&#8243; img_size=&#8220;full&#8220; css=&#8220;&#8220;][vc_column_text css=&#8220;&#8220;]<\/p>\n<h2>Pers\u00f6nliche Assistenz<\/h2>\n<p>[\/vc_column_text][vc_column_text css=&#8220;&#8220;]Bei pers\u00f6nlicher Assistenz geht es darum, dass Sie Ihr Leben so gestalten k\u00f6nnen, wie Sie es sich w\u00fcnschen \u2013 mit Freiheit, Sicherheit und Teilhabe. Uns ist es wichtig, dass die Unterst\u00fctzung Ihren Bed\u00fcrfnissen und W\u00fcnschen entspricht.[\/vc_column_text][vc_btn title=&#8220;Mehr erfahren&#8220; css=&#8220;&#8220; link=&#8220;url:%2Fde%2Fpersonliche-assistenz%2F|title:Pers%C3%B6nliche%20Assistenz&#8220;][\/vc_column][vc_column width=&#8220;1\/3&#8243;][vc_single_image image=&#8220;378&#8243; img_size=&#8220;full&#8220; css=&#8220;&#8220;][vc_column_text css=&#8220;&#8220;]<\/p>\n<h2>Rechtliches<\/h2>\n<p>[\/vc_column_text][vc_column_text css=&#8220;&#8220;]Wenn Sie bereits eine Entscheidung getroffen haben, unterst\u00fctzen wir Sie beim Wechsel des Arbeitgebers. Wenn Sie noch keine Entscheidung getroffen haben, unterst\u00fctzen wir Sie bei der Antragstellung. Wir unterst\u00fctzen Sie bei jedem Schritt und die Rechtsberatung ist kostenlos.[\/vc_column_text][vc_btn title=&#8220;Mehr erfahren&#8220; css=&#8220;&#8220; link=&#8220;url:%2Fde%2Fgesetz%2F|title:Gesetz&#8220;][\/vc_column][\/vc_row][vc_row][vc_column][vc_empty_space height=&#8220;60px&#8220;][\/vc_column][\/vc_row][vc_row full_width=&#8220;stretch_row&#8220; css=&#8220;.vc_custom_1760078973950{background-color: #222222 !important;}&#8220;][vc_column][vc_empty_space height=&#8220;60px&#8220;][vc_row_inner equal_height=&#8220;yes&#8220; content_placement=&#8220;middle&#8220;][vc_column_inner width=&#8220;1\/2&#8243;][vc_column_text css=&#8220;&#8220;]<\/p>\n<h2>Kunde werden<\/h2>\n<p>[\/vc_column_text][vc_column_text css=&#8220;&#8220;]Individens Trygghet vermittelt pers\u00f6nliche Assistenz, unabh\u00e4ngig von Ihrem Alter, Ihrem Wohnort in Schweden, Ihrer Sprache, Ihrer Diagnose oder Ihrem Hilfebedarf. Wir bieten Unterst\u00fctzung auf Grundlage von Entscheidungen der Kommunen oder der schwedischen Sozialversicherungsanstalt. Gemeinsam mit Ihnen und Ihren Bed\u00fcrfnissen sorgen wir daf\u00fcr, dass Sie die sichere Unterst\u00fctzung erhalten, die Ihnen zusteht.[\/vc_column_text][vc_btn title=&#8220;Mehr erfahren&#8220; align=&#8220;left&#8220; css=&#8220;&#8220; link=&#8220;url:%2Fde%2Fkunde-werden%2F|title:Kunde%20werden&#8220;][\/vc_column_inner][vc_column_inner width=&#8220;1\/2&#8243;][vc_single_image image=&#8220;240&#8243; img_size=&#8220;full&#8220; css=&#8220;&#8220;][\/vc_column_inner][\/vc_row_inner][vc_empty_space height=&#8220;60px&#8220;][\/vc_column][\/vc_row][vc_row][vc_column][vc_empty_space height=&#8220;60px&#8220;][\/vc_column][\/vc_row][vc_row][vc_column width=&#8220;1\/2&#8243;][vc_single_image image=&#8220;289&#8243; img_size=&#8220;full&#8220; css=&#8220;&#8220;][vc_column_text css=&#8220;&#8220;]<\/p>\n<h2>Arbeiten Sie mit uns<\/h2>\n<p>[\/vc_column_text][vc_column_text css=&#8220;&#8220;]Sind Sie an einer Zusammenarbeit mit uns interessiert? Schauen Sie sich unsere aktuellen Stellenangebote an und bewerben Sie sich darauf oder senden Sie uns eine Initiativbewerbung.[\/vc_column_text][vc_btn title=&#8220;Mehr erfahren&#8220; align=&#8220;left&#8220; css=&#8220;&#8220; link=&#8220;url:%2Fde%2Farbeiten-sie-mit-uns%2F|title:Arbeiten%20Sie%20mit%20uns&#8220;][\/vc_column][vc_column width=&#8220;1\/2&#8243;][vc_single_image image=&#8220;292&#8243; img_size=&#8220;full&#8220; css=&#8220;&#8220;][vc_column_text css=&#8220;&#8220;]<\/p>\n<h2>Kontakt<\/h2>\n<p>[\/vc_column_text][vc_column_text css=&#8220;&#8220;]Haben Sie Fragen zu uns, unserem Unternehmen, unseren Leistungen oder m\u00f6chten Sie aus einem anderen Grund mit uns in Kontakt treten? Unsere Kontaktdaten finden Sie hier.[\/vc_column_text][vc_btn title=&#8220;Mehr erfahren&#8220; align=&#8220;left&#8220; css=&#8220;&#8220; link=&#8220;url:%2Fde%2Fkontakt%2F|title:Kontakt&#8220;][\/vc_column][\/vc_row][vc_row][vc_column][vc_empty_space height=&#8220;60px&#8220;][\/vc_column][\/vc_row]<\/p>\n<\/div>","protected":false},"excerpt":{"rendered":"<p>[vc_section full_width=&#8220;stretch_row_content&#8220; el_id=&#8220;video-section&#8220;][vc_row full_width=&#8220;stretch_row_content_no_spaces&#8220;][vc_column][vc_raw_html css=&#8220;&#8220; el_class=&#8220;atlasvoice_no_read&#8220;]JTNDdmlkZW8lMjBwb3N0ZXIlM0QlMjJodHRwcyUzQSUyRiUyRnZjZG4uY21zY21zLnNlJTJGa3VuZGVyJTJGOTQwODg5MjMlMkZpbmRpdmlkZW5zdHJ5Z2doZXQtdmlkZW8yLm1wNCUyMiUyMHByZWxvYWQlM0QlMjJhdXRvJTIyJTIwcGxheXNpbmxpbmUlM0QlMjIlMjIlMjBhdXRvcGxheSUzRCUyMiUyMiUyMG11dGVkJTNEJTIyJTIyJTIwbG9vcCUzRCUyMiUyMiUyMHdpZHRoJTNEJTIyMTAwJTI1JTIyJTIwaGVpZ2h0JTNEJTIyYXV0byUyMiUzRSUwQSUzQ3NvdXJjZSUyMHNyYyUzRCUyMmh0dHBzJTNBJTJGJTJGdmNkbi5jbXNjbXMuc2UlMkZrdW5kZXIlMkY5NDA4ODkyMyUyRmluZGl2aWRlbnN0cnlnZ2hldC12aWRlbzIubXA0JTIyJTIwdHlwZSUzRCUyMnZpZGVvJTJGbXA0JTIyJTNFJTBBJTNDJTJGdmlkZW8lM0U=[\/vc_raw_html][\/vc_column][\/vc_row][vc_row el_id=&#8220;on-top-video&#8220; el_class=&#8220;white darker&#8220;][vc_column][vc_column_text css=&#8220;&#8220;] Individens Trygghet Wir sind f\u00fcr Sie da und sorgen f\u00fcr optimale Sicherheit \u2013 ein Leben lang. Willkommen bei uns! [\/vc_column_text][\/vc_column][\/vc_row][\/vc_section][vc_row][vc_column][vc_empty_space height=&#8220;60px&#8220;][\/vc_column][\/vc_row][vc_row][vc_column width=&#8220;1\/3&#8243;][vc_single_image image=&#8220;372&#8243; img_size=&#8220;full&#8220; css=&#8220;&#8220;][vc_column_text css=&#8220;&#8220;] \u00dcber uns [\/vc_column_text][vc_column_text css=&#8220;&#8220;]Individens Trygghet ist ein Assistance-Unternehmen, das 2025 von Joakim Persson gegr\u00fcndet wurde. Unser Gesch\u00e4ft basiert auf [&hellip;]<\/p>\n","protected":false},"author":2,"featured_media":0,"parent":0,"menu_order":1,"comment_status":"closed","ping_status":"closed","template":"","meta":{"footnotes":""},"class_list":["post-325","page","type-page","status-publish","hentry"],"_links":{"self":[{"href":"https:\/\/individenstrygghet.se\/de\/wp-json\/wp\/v2\/pages\/325","targetHints":{"allow":["GET"]}}],"collection":[{"href":"https:\/\/individenstrygghet.se\/de\/wp-json\/wp\/v2\/pages"}],"about":[{"href":"https:\/\/individenstrygghet.se\/de\/wp-json\/wp\/v2\/types\/page"}],"author":[{"embeddable":true,"href":"https:\/\/individenstrygghet.se\/de\/wp-json\/wp\/v2\/users\/2"}],"replies":[{"embeddable":true,"href":"https:\/\/individenstrygghet.se\/de\/wp-json\/wp\/v2\/comments?post=325"}],"version-history":[{"count":4,"href":"https:\/\/individenstrygghet.se\/de\/wp-json\/wp\/v2\/pages\/325\/revisions"}],"predecessor-version":[{"id":615,"href":"https:\/\/individenstrygghet.se\/de\/wp-json\/wp\/v2\/pages\/325\/revisions\/615"}],"wp:attachment":[{"href":"https:\/\/individenstrygghet.se\/de\/wp-json\/wp\/v2\/media?parent=325"}],"curies":[{"name":"wp","href":"https:\/\/api.w.org\/{rel}","templated":true}]}}