{"id":449,"date":"2025-08-25T09:51:56","date_gmt":"2025-08-25T07:51:56","guid":{"rendered":"https:\/\/individenstrygghet.cmsp.se\/bli-kund\/"},"modified":"2025-10-15T14:31:42","modified_gmt":"2025-10-15T12:31:42","slug":"kunde-werden","status":"publish","type":"page","link":"https:\/\/individenstrygghet.se\/de\/kunde-werden\/","title":{"rendered":"Kunde werden"},"content":{"rendered":"<div class=\"wpb-content-wrapper\"><p>[vc_row full_width=&#8220;stretch_row&#8220; el_id=&#8220;start_inside&#8220; css=&#8220;.vc_custom_1757512167446{background-image: url(\/files\/individenstrygghet.png?id=289) !important;background-position: center !important;background-repeat: no-repeat !important;background-size: cover !important;}&#8220;][vc_column][vc_column_text css=&#8220;&#8220;]<\/p>\n<h1>Kunde werden<\/h1>\n<p>[\/vc_column_text][\/vc_column][\/vc_row][vc_row][vc_column][vc_empty_space height=&#8220;60px&#8220;][\/vc_column][\/vc_row][vc_row][vc_column][vc_column_text css=&#8220;&#8220;]<\/p>\n<h2>So werden Sie Kunde bei uns:<\/h2>\n<p>[\/vc_column_text][vc_row_inner][vc_column_inner width=&#8220;1\/4&#8243;][vc_column_text css=&#8220;&#8220;]<\/p>\n<h3>1. Erstkontakt \u2013 ganz unverbindlich<\/h3>\n<p>Sie denken \u00fcber einen Wechsel des Assistance-Unternehmens nach oder ben\u00f6tigen pers\u00f6nliche Assistenz und m\u00f6chten Kunde bei Individens Trygghet werden? Kontaktieren Sie Ihren lokalen Ansprechpartner oder unsere Telefonzentrale \u2013 wir helfen Ihnen gerne weiter.[\/vc_column_text][\/vc_column_inner][vc_column_inner width=&#8220;1\/4&#8243;][vc_column_text css=&#8220;&#8220;]<\/p>\n<h3>2. Besprechung Ihrer W\u00fcnsche und Bed\u00fcrfnisse<\/h3>\n<p>Der lokale Ansprechpartner l\u00e4dt Sie zu einem Gespr\u00e4ch ein und bespricht mit Ihnen, wie wir Ihre W\u00fcnsche und Bed\u00fcrfnisse optimal erf\u00fcllen k\u00f6nnen. Wir passen Ihre Assistenz individuell an und setzen alles daran, dass Sie genau das bekommen, was Sie brauchen.[\/vc_column_text][\/vc_column_inner][vc_column_inner width=&#8220;1\/4&#8243;][vc_column_text css=&#8220;&#8220;]<\/p>\n<h3>3. Ihre Entscheidung<\/h3>\n<p>Wenn Sie sich f\u00fcr Individens Trygghet als Assistance-Unternehmen oder f\u00fcr die Beantragung pers\u00f6nlicher Assistenz entschieden haben, schlie\u00dfen wir einen Vertrag ab und unterst\u00fctzen Sie in allen Phasen. Wir helfen Ihnen von Anfang an bei allen praktischen Aspekten.[\/vc_column_text][\/vc_column_inner][vc_column_inner width=&#8220;1\/4&#8243;][vc_column_text css=&#8220;&#8220;]<\/p>\n<h3>4. Ihr Start \u2013 Ihre Assistenz<\/h3>\n<p>Sie k\u00f6nnen sich darauf verlassen, dass wir Ihnen einen flexiblen Start erm\u00f6glichen. Wir k\u00fcmmern uns vom ersten Tag an um alles. Wir stellen bei Bedarf Ihre Assistenten ein, Sie erhalten ein eigenes Team f\u00fcr Ihre Verwaltung und Zugang zu einem eigenen Anwalt, der sich mit der pers\u00f6nlichen Assistenz bestens auskennt und noch mehr.[\/vc_column_text][\/vc_column_inner][\/vc_row_inner][\/vc_column][\/vc_row][vc_row][vc_column][vc_empty_space height=&#8220;60px&#8220;][\/vc_column][\/vc_row][vc_row][vc_column][vc_column_text css=&#8220;&#8220;]<\/p>\n<div class=\"n4sEPd\">\n<div class=\"FFpbKc\">\n<h2 class=\"xMmqsf\">Sie k\u00f6nnen sich jederzeit f\u00fcr Individens Trygghet entscheiden.<\/h2>\n<\/div>\n<\/div>\n<p>[\/vc_column_text][vc_column_text css=&#8220;&#8220;]Individens Trygghet organisiert pers\u00f6nliche Unterst\u00fctzung, unabh\u00e4ngig von Ihrem Alter, Ihrem Wohnort in Schweden, Ihrer Sprache, Ihrer Diagnose und Ihrem Unterst\u00fctzungsbedarf. Wir bieten Unterst\u00fctzung auf Grundlage von Entscheidungen der Kommunen oder der schwedischen Sozialversicherungsagentur an. Gemeinsam mit Ihnen und basierend auf Ihren Bed\u00fcrfnissen sorgen wir daf\u00fcr, dass Sie die sichere Unterst\u00fctzung erhalten, auf die Sie Anspruch haben.[\/vc_column_text][vc_row_inner][vc_column_inner width=&#8220;1\/2&#8243;][vc_column_text css=&#8220;&#8220;]<\/p>\n<h3>Wenn Sie bereits eine Entscheidung getroffen haben \u2013 wir unterst\u00fctzen Sie beim Unternehmenswechsel.<\/h3>\n<p>Die Wahl von Individens Trygghet als Ihrem Unterst\u00fctzungsvermittler ist ganz einfach. Wir erstellen einen Kundenvertrag und eine Vollmacht und verwalten den Wechsel f\u00fcr Sie. Wir unterst\u00fctzen Sie bei allem, von der K\u00fcndigung Ihres aktuellen Vermittlers bis hin zur Kontaktaufnahme mit Beh\u00f6rden.<\/p>\n<p>Gemeinsam vereinbaren wir einen Starttermin. Anschlie\u00dfend beginnen wir umgehend mit der Planung Ihrer Unterst\u00fctzung, um Ihnen und Ihren Assistenten optimale Voraussetzungen f\u00fcr einen sicheren Start zu bieten.[\/vc_column_text][\/vc_column_inner][vc_column_inner width=&#8220;1\/2&#8243;][vc_column_text css=&#8220;&#8220;]<\/p>\n<h3>Wenn Sie noch keine Entscheidung haben \u2013 wir helfen Ihnen bei der Beantragung.<\/h3>\n<p>Die Rechtsberatung von Individens Trygghet unterst\u00fctzt Sie ganz einfach bei der Beantragung pers\u00f6nlicher Assistenz. Wir erstellen eine Vollmacht und begleiten Sie durch den gesamten Antragsprozess. Wir unterst\u00fctzen Sie bei allen Fragen, von der Zusammenstellung Ihres Assistenzbedarfs \u00fcber die erforderlichen Bescheinigungen bis hin zum Antrag bei der Gemeinde oder der Sozialversicherung. Zu Ihrer Sicherheit nimmt unsere Rechtsberatung auch an Besprechungen mit den Fallmanagern teil. So stellen wir sicher, dass Sie die richtige Entscheidung zur Unterst\u00fctzung erhalten.<\/p>\n<p>Die Rechtsberatung ist kostenlos, sofern Sie im Falle einer positiven Entscheidung Individens Trygghet als Unterst\u00fctzungsorganisator w\u00e4hlen[\/vc_column_text][\/vc_column_inner][\/vc_row_inner][\/vc_column][\/vc_row][vc_row][vc_column][vc_empty_space height=&#8220;60px&#8220;][\/vc_column][\/vc_row][vc_row][vc_column][vc_column_text css=&#8220;&#8220;]<\/p>\n<h2>Interessensbekundung<\/h2>\n<p>[\/vc_column_text][vc_column_text css=&#8220;&#8220;]Die Sicherheit und Freiheit unserer Kunden stehen immer im Mittelpunkt. Wir sind rund um die Uhr f\u00fcr Sie da. Wir helfen Ihnen bei allen Fragen, von der Einstellung und Verwaltung bis hin zur Rechtsberatung. Unsere Mission ist es, Ihr Leben zu vereinfachen \u2013 damit Sie Ihren Alltag wieder in den Griff bekommen. Nehmen Sie Kontakt mit uns auf, indem Sie das Formular ausf\u00fcllen.[\/vc_column_text][vc_column_text css=&#8220;&#8220;]<\/p>\n<div class=\"frm_forms  with_frm_style frm_style_formidables-stilmall\" id=\"frm_form_13_container\" data-token=\"5c04c872b8ceb2376382aa4480337c94\">\n<form enctype=\"multipart\/form-data\" method=\"post\" class=\"frm-show-form  frm_pro_form \" id=\"form_intresseanmalan-bli-kund-de\" data-token=\"5c04c872b8ceb2376382aa4480337c94\">\n<div class=\"frm_form_fields \">\n<fieldset>\n<legend class=\"frm_screen_reader\">Intresseanm\u00e4lan (Bli kund) DE<\/legend>\r\n\r\n<div class=\"frm_fields_container\">\n<input type=\"hidden\" name=\"frm_action\" value=\"create\" \/>\n<input type=\"hidden\" name=\"form_id\" value=\"13\" \/>\n<input type=\"hidden\" name=\"frm_hide_fields_13\" id=\"frm_hide_fields_13\" value=\"\" \/>\n<input type=\"hidden\" name=\"form_key\" value=\"intresseanmalan-bli-kund-de\" \/>\n<input type=\"hidden\" name=\"item_meta[0]\" value=\"\" \/>\n<input type=\"hidden\" id=\"frm_submit_entry_13\" name=\"frm_submit_entry_13\" value=\"6008ca30c2\" \/><input type=\"hidden\" name=\"_wp_http_referer\" value=\"\/de\/wp-json\/wp\/v2\/pages\/449\" \/><div id=\"frm_field_78_container\" class=\"frm_form_field form-field  frm_top_container\">\r\n\t<div  id=\"field_knlkx4_label\" class=\"frm_primary_label\">Name\r\n\t\t<span class=\"frm_required\" aria-hidden=\"true\"><\/span>\r\n\t<\/div>\r\n\t<fieldset aria-labelledby=\"field_knlkx4_label\">\n\t<legend class=\"frm_screen_reader frm_hidden\">\n\t\tName\t<\/legend>\n\n\t<div  class=\"frm_combo_inputs_container\" id=\"frm_combo_inputs_container_78\" data-name-layout=\"first_last\">\n\t\t\t\t\t<div\n\t\t\t\tid=\"frm_field_78-first_container\"\n\t\t\t\tclass=\"frm_form_field form-field frm_form_subfield-first  frm6\"\n\t\t\t\tdata-sub-field-name=\"first\"\n\t\t\t>\n\t\t\t\t<label for=\"field_knlkx4_first\" class=\"frm_screen_reader frm_hidden\">\n\t\t\t\t\tVorname\t\t\t\t<\/label>\n\n\t\t\t\t<input  type=\"text\" id=\"field_knlkx4_first\" value=\"\" name=\"item_meta[78][first]\" autocomplete=\"given-name\" data-invmsg=\"Name ist ung\u00fcltig\" aria-invalid=\"false\"  \/><div class=\"frm_description\" id=\"frm_field_78_first_desc\">Vorname<\/div>\t\t\t<\/div>\n\t\t\t\t\t\t<div\n\t\t\t\tid=\"frm_field_78-last_container\"\n\t\t\t\tclass=\"frm_form_field form-field frm_form_subfield-last  frm6\"\n\t\t\t\tdata-sub-field-name=\"last\"\n\t\t\t>\n\t\t\t\t<label for=\"field_knlkx4_last\" class=\"frm_screen_reader frm_hidden\">\n\t\t\t\t\tNachname\t\t\t\t<\/label>\n\n\t\t\t\t<input  type=\"text\" id=\"field_knlkx4_last\" value=\"\" name=\"item_meta[78][last]\" autocomplete=\"family-name\" data-invmsg=\"Name ist ung\u00fcltig\" aria-invalid=\"false\"  \/><div class=\"frm_description\" id=\"frm_field_78_last_desc\">Nachname<\/div>\t\t\t<\/div>\n\t\t\t\t<\/div>\n<\/fieldset>\n\r\n\t\r\n\t\r\n<\/div>\n<div id=\"frm_field_79_container\" class=\"frm_form_field form-field  frm_top_container\">\r\n\t<label for=\"field_u7cyq4\" id=\"field_u7cyq4_label\" class=\"frm_primary_label\">E-Mail\r\n\t\t<span class=\"frm_required\" aria-hidden=\"true\"><\/span>\r\n\t<\/label>\r\n\t<input type=\"email\" id=\"field_u7cyq4\" name=\"item_meta[79]\" value=\"\"  autocomplete=\"email\"  data-invmsg=\"E-Mail \u00e4r ogiltigt\" aria-invalid=\"false\"  \/>\r\n\t\r\n\t\r\n<\/div>\n<div id=\"frm_field_80_container\" class=\"frm_form_field form-field  frm_top_container\">\r\n\t<label for=\"field_3bvsw4\" id=\"field_3bvsw4_label\" class=\"frm_primary_label\">Telefon\r\n\t\t<span class=\"frm_required\" aria-hidden=\"true\"><\/span>\r\n\t<\/label>\r\n\t<input type=\"tel\" id=\"field_3bvsw4\" name=\"item_meta[80]\" value=\"\"  data-invmsg=\"Telefon \u00e4r ogiltigt\" aria-invalid=\"false\" pattern=\"((\\+\\d{1,3}(-|.| )?\\(?\\d\\)?(-| |.)?\\d{1,5})|(\\(?\\d{2,6}\\)?))(-|.| )?(\\d{3,4})(-|.| )?(\\d{4})(( x| ext)\\d{1,5}){0,1}$\"  \/>\r\n\t\r\n\t\r\n<\/div>\n<div id=\"frm_field_81_container\" class=\"frm_form_field form-field  frm_top_container\">\r\n\t<label for=\"field_i32ha4\" id=\"field_i32ha4_label\" class=\"frm_primary_label\">Beschreibung Ihrer Person und Ihrer Bed\u00fcrfnisse\r\n\t\t<span class=\"frm_required\" aria-hidden=\"true\"><\/span>\r\n\t<\/label>\r\n\t<textarea name=\"item_meta[81]\" id=\"field_i32ha4\" rows=\"5\"  data-invmsg=\"Beschreibung Ihrer Person und Ihrer Bed\u00fcrfnisse \u00e4r ogiltigt\" aria-invalid=\"false\"  ><\/textarea>\r\n\t\r\n\t\r\n<\/div>\n<div id=\"frm_field_82_container\" class=\"frm_form_field form-field  frm_required_field frm_top_container vertical_radio\">\r\n\t<div  id=\"field_sp9084_label\" class=\"frm_primary_label\">Ich stimme der Verarbeitung meiner personenbezogenen Daten gem\u00e4\u00df der <a href=\"\/integritetspolicy\/\">Datenschutzerkl\u00e4rung zu<\/a>.\r\n\t\t<span class=\"frm_required\" aria-hidden=\"true\">*<\/span>\r\n\t<\/div>\r\n\t<div class=\"frm_opt_container\" aria-labelledby=\"field_sp9084_label\" role=\"group\">\t\t<div class=\"frm_checkbox\" id=\"frm_checkbox_82-0\">\t\t\t<label  for=\"field_sp9084-0\">\n\t\t\t<input type=\"checkbox\" name=\"item_meta[82][]\" id=\"field_sp9084-0\" value=\"Ja\"  data-reqmsg=\"Ich stimme der Verarbeitung meiner personenbezogenen Daten gem\u00e4\u00df der &lt;a href=&quot;\/integritetspolicy\/&quot;&gt;Datenschutzerkl\u00e4rung zu&lt;\/a&gt;. kan inte vara tom.\" data-invmsg=\"Ich stimme der Verarbeitung meiner personenbezogenen Daten gem\u00e4\u00df der &lt;a href=&quot;\/integritetspolicy\/&quot;&gt;Datenschutzerkl\u00e4rung zu&lt;\/a&gt;. \u00e4r ogiltigt\"   aria-required=\"true\"  \/> Ja<\/label><\/div>\n<\/div>\r\n\t\r\n\t\r\n<\/div>\n<div id=\"frm_field_83_container\" class=\"frm_form_field form-field  frm_none_container\">\r\n\t<label for=\"g-recaptcha-response\" id=\"field_gvbfu4_label\" class=\"frm_primary_label\">\r\n\t\t<span class=\"frm_required\" aria-hidden=\"true\"><\/span>\r\n\t<\/label>\r\n\t<div  id=\"field_gvbfu4\" class=\"frm-g-recaptcha\" data-sitekey=\"6LfUnLkrAAAAAKetdm8uSPvgH7Yae0QjNyVG9Kt7\" data-size=\"invisible\" data-theme=\"light\"><\/div>\r\n\t\r\n\t\r\n<\/div>\n<div id=\"frm_field_84_container\" class=\"frm_form_field form-field \">\r\n\t<div class=\"frm_submit frm_flex\">\r\n<button class=\"frm_button_submit frm_final_submit\" type=\"submit\"   formnovalidate=\"formnovalidate\">Senden<\/button>\r\n\r\n\r\n\r\n<\/div>\r\n<\/div>\n\t<input type=\"hidden\" name=\"item_key\" value=\"\" \/>\n\t\t\t<div id=\"frm_field_152_container\">\n\t\t\t<label for=\"field_10u2u\" >\n\t\t\t\tFalls Du menschlich bist, lasse dieses Feld leer.\t\t\t<\/label>\n\t\t\t<input  id=\"field_10u2u\" type=\"text\" class=\"frm_form_field form-field frm_verify\" name=\"item_meta[152]\" value=\"\"  \/>\n\t\t<\/div>\n\t\t<input name=\"frm_state\" type=\"hidden\" value=\"mTnx3TtDQsD7tWyWGRtScmqJrAQGd4rU35KAhhPCeOEO7Hf7Xz0UvlTzCTvKNmG8\" \/><\/div>\n<\/fieldset>\n<\/div>\n\n<\/form>\n<\/div>\n\n<p>[\/vc_column_text][\/vc_column][\/vc_row][vc_row][vc_column][vc_empty_space height=&#8220;60px&#8220;][\/vc_column][\/vc_row]<\/p>\n<\/div>","protected":false},"excerpt":{"rendered":"<p>[vc_row full_width=&#8220;stretch_row&#8220; el_id=&#8220;start_inside&#8220; css=&#8220;.vc_custom_1757512167446{background-image: url(\/files\/individenstrygghet.png?id=289) !important;background-position: center !important;background-repeat: no-repeat !important;background-size: cover !important;}&#8220;][vc_column][vc_column_text css=&#8220;&#8220;] Kunde werden [\/vc_column_text][\/vc_column][\/vc_row][vc_row][vc_column][vc_empty_space height=&#8220;60px&#8220;][\/vc_column][\/vc_row][vc_row][vc_column][vc_column_text css=&#8220;&#8220;] So werden Sie Kunde bei uns: [\/vc_column_text][vc_row_inner][vc_column_inner width=&#8220;1\/4&#8243;][vc_column_text css=&#8220;&#8220;] 1. Erstkontakt \u2013 ganz unverbindlich Sie denken \u00fcber einen Wechsel des Assistance-Unternehmens nach oder ben\u00f6tigen pers\u00f6nliche Assistenz und m\u00f6chten Kunde bei Individens Trygghet werden? Kontaktieren Sie Ihren lokalen [&hellip;]<\/p>\n","protected":false},"author":2,"featured_media":0,"parent":0,"menu_order":0,"comment_status":"closed","ping_status":"closed","template":"","meta":{"footnotes":""},"class_list":["post-449","page","type-page","status-publish","hentry"],"_links":{"self":[{"href":"https:\/\/individenstrygghet.se\/de\/wp-json\/wp\/v2\/pages\/449","targetHints":{"allow":["GET"]}}],"collection":[{"href":"https:\/\/individenstrygghet.se\/de\/wp-json\/wp\/v2\/pages"}],"about":[{"href":"https:\/\/individenstrygghet.se\/de\/wp-json\/wp\/v2\/types\/page"}],"author":[{"embeddable":true,"href":"https:\/\/individenstrygghet.se\/de\/wp-json\/wp\/v2\/users\/2"}],"replies":[{"embeddable":true,"href":"https:\/\/individenstrygghet.se\/de\/wp-json\/wp\/v2\/comments?post=449"}],"version-history":[{"count":4,"href":"https:\/\/individenstrygghet.se\/de\/wp-json\/wp\/v2\/pages\/449\/revisions"}],"predecessor-version":[{"id":650,"href":"https:\/\/individenstrygghet.se\/de\/wp-json\/wp\/v2\/pages\/449\/revisions\/650"}],"wp:attachment":[{"href":"https:\/\/individenstrygghet.se\/de\/wp-json\/wp\/v2\/media?parent=449"}],"curies":[{"name":"wp","href":"https:\/\/api.w.org\/{rel}","templated":true}]}}