{"id":463,"date":"2025-08-25T10:45:28","date_gmt":"2025-08-25T08:45:28","guid":{"rendered":"https:\/\/individenstrygghet.cmsp.se\/jobba-hos-oss\/"},"modified":"2025-10-16T12:59:47","modified_gmt":"2025-10-16T10:59:47","slug":"arbeiten-sie-mit-uns","status":"publish","type":"page","link":"https:\/\/individenstrygghet.se\/de\/arbeiten-sie-mit-uns\/","title":{"rendered":"Arbeiten Sie mit uns"},"content":{"rendered":"<div class=\"wpb-content-wrapper\"><p>[vc_row full_width=&#8220;stretch_row&#8220; el_id=&#8220;start_inside&#8220; css=&#8220;.vc_custom_1757512434670{background-image: url(\/files\/individenstrygghet3.png?id=236) !important;background-position: center !important;background-repeat: no-repeat !important;background-size: cover !important;}&#8220;][vc_column][vc_column_text css=&#8220;&#8220;]<\/p>\n<h1>Arbeiten Sie mit uns<\/h1>\n<p>[\/vc_column_text][\/vc_column][\/vc_row][vc_row][vc_column][vc_empty_space height=&#8220;60px&#8220;][\/vc_column][\/vc_row][vc_row][vc_column width=&#8220;1\/2&#8243;][vc_column_text css=&#8220;&#8220;]<\/p>\n<h2>Stellenangebote<\/h2>\n<p>[\/vc_column_text][vc_raw_html css=&#8220;&#8220; el_class=&#8220;atlasvoice_no_read&#8220;]JTNDc2NyaXB0JTIwc3JjJTNEJTIyaHR0cHMlM0ElMkYlMkZzY3JpcHRzLnRlYW10YWlsb3ItY2RuLmNvbSUyRndpZGdldHMlMkZldS1waW5rJTJGam9icy5qcyUyMiUyMGFzeW5jJTIwY2hhcnNldCUzRCUyMnV0Zi04JTIyJTNFJTNDJTJGc2NyaXB0JTNFJTNDZGl2JTIwY2xhc3MlM0QlMjJ0ZWFtdGFpbG9yLWpvYnMtd2lkZ2V0JTIyJTIwZGF0YS10ZWFtdGFpbG9yLWxpbWl0JTNEJTIyMjAlMjIlMjBkYXRhLXRlYW10YWlsb3ItYXBpLWtleSUzRCUyMmd3bUJWSGJleUJtZmxYX2g2aWlWeVVnQ0g1NnRIbWV1MTVnbk5OSkQlMjIlM0UlM0MlMkZkaXYlM0U=[\/vc_raw_html][\/vc_column][vc_column width=&#8220;1\/2&#8243;][vc_column_text css=&#8220;&#8220;]<\/p>\n<h2>Initiativbewerbung<\/h2>\n<p>[\/vc_column_text][vc_column_text css=&#8220;&#8220;]<\/p>\n<div class=\"frm_forms  with_frm_style frm_style_formidables-stilmall\" id=\"frm_form_14_container\" data-token=\"5c04c872b8ceb2376382aa4480337c94\">\n<form enctype=\"multipart\/form-data\" method=\"post\" class=\"frm-show-form  frm_pro_form \" id=\"form_spontanansokan-de\" data-token=\"5c04c872b8ceb2376382aa4480337c94\">\n<div class=\"frm_form_fields \">\n<fieldset>\n<legend class=\"frm_screen_reader\">Spontanans\u00f6kan DE<\/legend>\r\n\r\n<div class=\"frm_fields_container\">\n<input type=\"hidden\" name=\"frm_action\" value=\"create\" \/>\n<input type=\"hidden\" name=\"form_id\" value=\"14\" \/>\n<input type=\"hidden\" name=\"frm_hide_fields_14\" id=\"frm_hide_fields_14\" value=\"\" \/>\n<input type=\"hidden\" name=\"form_key\" value=\"spontanansokan-de\" \/>\n<input type=\"hidden\" name=\"item_meta[0]\" value=\"\" \/>\n<input type=\"hidden\" id=\"frm_submit_entry_14\" name=\"frm_submit_entry_14\" value=\"b677151d20\" \/><input type=\"hidden\" name=\"_wp_http_referer\" value=\"\/de\/wp-json\/wp\/v2\/pages\/463\" \/><div id=\"frm_field_85_container\" class=\"frm_form_field form-field  frm_top_container\">\r\n\t<div  id=\"field_d2i2y4_label\" class=\"frm_primary_label\">Name\r\n\t\t<span class=\"frm_required\" aria-hidden=\"true\"><\/span>\r\n\t<\/div>\r\n\t<fieldset aria-labelledby=\"field_d2i2y4_label\">\n\t<legend class=\"frm_screen_reader frm_hidden\">\n\t\tName\t<\/legend>\n\n\t<div  class=\"frm_combo_inputs_container\" id=\"frm_combo_inputs_container_85\" data-name-layout=\"first_last\">\n\t\t\t\t\t<div\n\t\t\t\tid=\"frm_field_85-first_container\"\n\t\t\t\tclass=\"frm_form_field form-field frm_form_subfield-first  frm6\"\n\t\t\t\tdata-sub-field-name=\"first\"\n\t\t\t>\n\t\t\t\t<label for=\"field_d2i2y4_first\" class=\"frm_screen_reader frm_hidden\">\n\t\t\t\t\tVorname\t\t\t\t<\/label>\n\n\t\t\t\t<input  type=\"text\" id=\"field_d2i2y4_first\" value=\"\" name=\"item_meta[85][first]\" autocomplete=\"given-name\" data-invmsg=\"Name ist ung\u00fcltig\" aria-invalid=\"false\"  \/><div class=\"frm_description\" id=\"frm_field_85_first_desc\">Vorname<\/div>\t\t\t<\/div>\n\t\t\t\t\t\t<div\n\t\t\t\tid=\"frm_field_85-last_container\"\n\t\t\t\tclass=\"frm_form_field form-field frm_form_subfield-last  frm6\"\n\t\t\t\tdata-sub-field-name=\"last\"\n\t\t\t>\n\t\t\t\t<label for=\"field_d2i2y4_last\" class=\"frm_screen_reader frm_hidden\">\n\t\t\t\t\tNachname\t\t\t\t<\/label>\n\n\t\t\t\t<input  type=\"text\" id=\"field_d2i2y4_last\" value=\"\" name=\"item_meta[85][last]\" autocomplete=\"family-name\" data-invmsg=\"Name ist ung\u00fcltig\" aria-invalid=\"false\"  \/><div class=\"frm_description\" id=\"frm_field_85_last_desc\">Nachname<\/div>\t\t\t<\/div>\n\t\t\t\t<\/div>\n<\/fieldset>\n\r\n\t\r\n\t\r\n<\/div>\n<div id=\"frm_field_86_container\" class=\"frm_form_field form-field  frm_top_container\">\r\n\t<label for=\"field_raf7i4\" id=\"field_raf7i4_label\" class=\"frm_primary_label\">E-Mail\r\n\t\t<span class=\"frm_required\" aria-hidden=\"true\"><\/span>\r\n\t<\/label>\r\n\t<input type=\"email\" id=\"field_raf7i4\" name=\"item_meta[86]\" value=\"\"  autocomplete=\"email\"  data-invmsg=\"E-Mail \u00e4r ogiltigt\" aria-invalid=\"false\"  \/>\r\n\t\r\n\t\r\n<\/div>\n<div id=\"frm_field_87_container\" class=\"frm_form_field form-field  frm_top_container\">\r\n\t<label for=\"field_309fp4\" id=\"field_309fp4_label\" class=\"frm_primary_label\">Telefon\r\n\t\t<span class=\"frm_required\" aria-hidden=\"true\"><\/span>\r\n\t<\/label>\r\n\t<input type=\"tel\" id=\"field_309fp4\" name=\"item_meta[87]\" value=\"\"  data-invmsg=\"Telefon \u00e4r ogiltigt\" aria-invalid=\"false\" pattern=\"((\\+\\d{1,3}(-|.| )?\\(?\\d\\)?(-| |.)?\\d{1,5})|(\\(?\\d{2,6}\\)?))(-|.| )?(\\d{3,4})(-|.| )?(\\d{4})(( x| ext)\\d{1,5}){0,1}$\"  \/>\r\n\t\r\n\t\r\n<\/div>\n<div id=\"frm_field_88_container\" class=\"frm_form_field form-field  frm_top_container\">\r\n\t<label for=\"field_m9xz84\" id=\"field_m9xz84_label\" class=\"frm_primary_label\">Zu Ihrer Person\r\n\t\t<span class=\"frm_required\" aria-hidden=\"true\"><\/span>\r\n\t<\/label>\r\n\t<textarea name=\"item_meta[88]\" id=\"field_m9xz84\" rows=\"5\"  data-invmsg=\"Zu Ihrer Person \u00e4r ogiltigt\" aria-invalid=\"false\"  ><\/textarea>\r\n\t\r\n\t\r\n<\/div>\n<div id=\"frm_field_89_container\" class=\"frm_form_field form-field  frm_top_container\">\r\n\t<label for=\"field_cuzek4\" id=\"field_cuzek4_label\" class=\"frm_primary_label\">Lebenslauf & weitere Dokumente\r\n\t\t<span class=\"frm_required\" aria-hidden=\"true\"><\/span>\r\n\t<\/label>\r\n\t<input type=\"hidden\"  data-invmsg=\"Lebenslauf &amp; weitere Dokumente \u00e4r ogiltigt\" aria-invalid=\"false\"   name=\"item_meta[89][]\"  value=\"\" data-frmfile=\"89\" \/>\n\n<div class=\"frm_dropzone frm_multi_upload frm_clearfix\" id=\"file89_dropzone\" role=\"group\" >\n\t<div class=\"fallback\">\n\t\t<input type=\"file\" name=\"file89[]\" id=\"field_cuzek4\"\n\t\t\t data-frmfile=\"89\" multiple=\"multiple\"  data-invmsg=\"Lebenslauf &amp; weitere Dokumente \u00e4r ogiltigt\" aria-invalid=\"false\"  \t\t\t\/>\n\t\t\t\t<div class=\"frm_clearfix \"><\/div>\n\t<\/div>\n\t<div class=\"dz-message needsclick\">\n\t\t\t\t<svg  viewBox=\"0 0 18 18\" class=\"frmsvg frm-svg-icon\">\n\t<path viewBox=\"0 0 18 18\" fill-rule=\"evenodd\" clip-rule=\"evenodd\" d=\"M8.2 4v8a.8.8 0 001.5 0V4l2.1 2.2A.7.7 0 1013 5L9.5 1.7a.7.7 0 00-1.1 0L5.1 5.2a.8.8 0 001 1l2.1-2zm7.6 4.3c.4 0 .7.3.7.7v6.8c0 .4-.3.7-.8.7H2.3a.8.8 0 01-.8-.8V9A.8.8 0 013 9v6h12V9c0-.4.3-.8.8-.8z\"><\/path>\n<\/svg>\t\t<span class=\"frm_upload_text\"><button type=\"button\" aria-label=\"Lebenslauf &amp; weitere Dokumente. Sl\u00e4pp en fil h\u00e4r eller klicka f\u00f6r att ladda upp.. Maximale Dateigr\u00f6\u00dfe: 268.44MB\">Sl\u00e4pp en fil h\u00e4r eller klicka f\u00f6r att ladda upp.<\/button><\/span>\n\t\t<span class=\"frm_compact_text\"><button type=\"button\" aria-label=\"Lebenslauf &amp; weitere Dokumente. V\u00e4lj fil. Maximale Dateigr\u00f6\u00dfe: 268.44MB\">V\u00e4lj fil<\/button><\/span>\n\t\t<div class=\"frm_small_text\">\n\t\t\t<p>Maximale Dateigr\u00f6\u00dfe: 268.44MB<\/p>\n\t\t<\/div>\n\t<\/div>\n<\/div>\n\t\r\n\t\r\n\t\r\n<\/div>\n<div id=\"frm_field_90_container\" class=\"frm_form_field form-field  frm_required_field frm_top_container vertical_radio\">\r\n\t<div  id=\"field_3mk5y4_label\" class=\"frm_primary_label\">Ich stimme der Verarbeitung meiner personenbezogenen Daten gem\u00e4\u00df der <a href=\"\/integritetspolicy\/\">Datenschutzerkl\u00e4rung zu.<\/a>.\r\n\t\t<span class=\"frm_required\" aria-hidden=\"true\">*<\/span>\r\n\t<\/div>\r\n\t<div class=\"frm_opt_container\" aria-labelledby=\"field_3mk5y4_label\" role=\"group\">\t\t<div class=\"frm_checkbox\" id=\"frm_checkbox_90-0\">\t\t\t<label  for=\"field_3mk5y4-0\">\n\t\t\t<input type=\"checkbox\" name=\"item_meta[90][]\" id=\"field_3mk5y4-0\" value=\"Ja\"  data-reqmsg=\"Ich stimme der Verarbeitung meiner personenbezogenen Daten gem\u00e4\u00df der &lt;a href=&quot;\/integritetspolicy\/&quot;&gt;Datenschutzerkl\u00e4rung zu.&lt;\/a&gt;. kan inte vara tom.\" data-invmsg=\"Ich stimme der Verarbeitung meiner personenbezogenen Daten gem\u00e4\u00df der &lt;a href=&quot;\/integritetspolicy\/&quot;&gt;Datenschutzerkl\u00e4rung zu.&lt;\/a&gt;. \u00e4r ogiltigt\"   aria-required=\"true\"  \/> Ja<\/label><\/div>\n<\/div>\r\n\t\r\n\t\r\n<\/div>\n<div id=\"frm_field_91_container\" class=\"frm_form_field form-field  frm_none_container\">\r\n\t<label for=\"g-recaptcha-response\" id=\"field_wk9x4_label\" class=\"frm_primary_label\">\r\n\t\t<span class=\"frm_required\" aria-hidden=\"true\"><\/span>\r\n\t<\/label>\r\n\t<div  id=\"field_wk9x4\" class=\"frm-g-recaptcha\" data-sitekey=\"6LfUnLkrAAAAAKetdm8uSPvgH7Yae0QjNyVG9Kt7\" data-size=\"invisible\" data-theme=\"light\"><\/div>\r\n\t\r\n\t\r\n<\/div>\n<div id=\"frm_field_92_container\" class=\"frm_form_field form-field \">\r\n\t<div class=\"frm_submit frm_flex\">\r\n<button class=\"frm_button_submit frm_final_submit\" type=\"submit\"   formnovalidate=\"formnovalidate\">Senden<\/button>\r\n\r\n\r\n\r\n<\/div>\r\n<\/div>\n\t<input type=\"hidden\" name=\"item_key\" value=\"\" \/>\n\t\t\t<div id=\"frm_field_152_container\">\n\t\t\t<label for=\"field_w22of\" >\n\t\t\t\tFalls Du menschlich bist, lasse dieses Feld leer.\t\t\t<\/label>\n\t\t\t<input  id=\"field_w22of\" type=\"text\" class=\"frm_form_field form-field frm_verify\" name=\"item_meta[152]\" value=\"\"  \/>\n\t\t<\/div>\n\t\t<input name=\"frm_state\" type=\"hidden\" value=\"mTnx3TtDQsD7tWyWGRtScmX+sIZSp7SWH2vyS9upKkQO7Hf7Xz0UvlTzCTvKNmG8\" \/><\/div>\n<\/fieldset>\n<\/div>\n\n<\/form>\n<\/div>\n\n<p>[\/vc_column_text][\/vc_column][\/vc_row][vc_row][vc_column][vc_empty_space height=&#8220;60px&#8220;][\/vc_column][\/vc_row]<\/p>\n<\/div>","protected":false},"excerpt":{"rendered":"<p>[vc_row full_width=&#8220;stretch_row&#8220; el_id=&#8220;start_inside&#8220; css=&#8220;.vc_custom_1757512434670{background-image: url(\/files\/individenstrygghet3.png?id=236) !important;background-position: center !important;background-repeat: no-repeat !important;background-size: cover !important;}&#8220;][vc_column][vc_column_text css=&#8220;&#8220;] Arbeiten Sie mit uns [\/vc_column_text][\/vc_column][\/vc_row][vc_row][vc_column][vc_empty_space height=&#8220;60px&#8220;][\/vc_column][\/vc_row][vc_row][vc_column width=&#8220;1\/2&#8243;][vc_column_text css=&#8220;&#8220;] Stellenangebote [\/vc_column_text][vc_raw_html css=&#8220;&#8220; el_class=&#8220;atlasvoice_no_read&#8220;]JTNDc2NyaXB0JTIwc3JjJTNEJTIyaHR0cHMlM0ElMkYlMkZzY3JpcHRzLnRlYW10YWlsb3ItY2RuLmNvbSUyRndpZGdldHMlMkZldS1waW5rJTJGam9icy5qcyUyMiUyMGFzeW5jJTIwY2hhcnNldCUzRCUyMnV0Zi04JTIyJTNFJTNDJTJGc2NyaXB0JTNFJTNDZGl2JTIwY2xhc3MlM0QlMjJ0ZWFtdGFpbG9yLWpvYnMtd2lkZ2V0JTIyJTIwZGF0YS10ZWFtdGFpbG9yLWxpbWl0JTNEJTIyMjAlMjIlMjBkYXRhLXRlYW10YWlsb3ItYXBpLWtleSUzRCUyMmd3bUJWSGJleUJtZmxYX2g2aWlWeVVnQ0g1NnRIbWV1MTVnbk5OSkQlMjIlM0UlM0MlMkZkaXYlM0U=[\/vc_raw_html][\/vc_column][vc_column width=&#8220;1\/2&#8243;][vc_column_text css=&#8220;&#8220;] Initiativbewerbung [\/vc_column_text][vc_column_text css=&#8220;&#8220;] [\/vc_column_text][\/vc_column][\/vc_row][vc_row][vc_column][vc_empty_space height=&#8220;60px&#8220;][\/vc_column][\/vc_row]<\/p>\n","protected":false},"author":2,"featured_media":0,"parent":0,"menu_order":0,"comment_status":"closed","ping_status":"closed","template":"","meta":{"footnotes":""},"class_list":["post-463","page","type-page","status-publish","hentry"],"_links":{"self":[{"href":"https:\/\/individenstrygghet.se\/de\/wp-json\/wp\/v2\/pages\/463","targetHints":{"allow":["GET"]}}],"collection":[{"href":"https:\/\/individenstrygghet.se\/de\/wp-json\/wp\/v2\/pages"}],"about":[{"href":"https:\/\/individenstrygghet.se\/de\/wp-json\/wp\/v2\/types\/page"}],"author":[{"embeddable":true,"href":"https:\/\/individenstrygghet.se\/de\/wp-json\/wp\/v2\/users\/2"}],"replies":[{"embeddable":true,"href":"https:\/\/individenstrygghet.se\/de\/wp-json\/wp\/v2\/comments?post=463"}],"version-history":[{"count":5,"href":"https:\/\/individenstrygghet.se\/de\/wp-json\/wp\/v2\/pages\/463\/revisions"}],"predecessor-version":[{"id":706,"href":"https:\/\/individenstrygghet.se\/de\/wp-json\/wp\/v2\/pages\/463\/revisions\/706"}],"wp:attachment":[{"href":"https:\/\/individenstrygghet.se\/de\/wp-json\/wp\/v2\/media?parent=463"}],"curies":[{"name":"wp","href":"https:\/\/api.w.org\/{rel}","templated":true}]}}