{"id":488,"date":"2025-08-25T10:48:59","date_gmt":"2025-08-25T08:48:59","guid":{"rendered":"https:\/\/individenstrygghet.cmsp.se\/om-oss\/"},"modified":"2025-10-14T09:40:02","modified_gmt":"2025-10-14T07:40:02","slug":"uber-uns","status":"publish","type":"page","link":"https:\/\/individenstrygghet.se\/de\/uber-uns\/","title":{"rendered":"\u00dcber uns"},"content":{"rendered":"<div class=\"wpb-content-wrapper\"><p>[vc_row full_width=&#8220;stretch_row&#8220; el_id=&#8220;start_inside&#8220; css=&#8220;.vc_custom_1760080018992{background-image: url(\/files\/individenstrygghet10-e1760076688872.jpg?id=368) !important;background-position: center !important;background-repeat: no-repeat !important;background-size: cover !important;}&#8220;][vc_column][vc_column_text css=&#8220;&#8220;]<\/p>\n<h1>\u00dcber Individens Trygghet<\/h1>\n<p>[\/vc_column_text][\/vc_column][\/vc_row][vc_row][vc_column][vc_empty_space height=&#8220;60px&#8220;][\/vc_column][\/vc_row][vc_row][vc_column width=&#8220;1\/2&#8243;][vc_column_text css=&#8220;&#8220;]<\/p>\n<h2>\u00dcber das Unternehmen<\/h2>\n<p>[\/vc_column_text][vc_column_text css=&#8220;&#8220;]Individens Trygghet ist ein Assistenzunternehmen, das 2025 von Joakim Persson gegr\u00fcndet wurde. Unser Gesch\u00e4ft basiert auf N\u00e4he, Engagement und Sicherheit \u2013 sowohl f\u00fcr unsere Kunden als auch f\u00fcr unsere Mitarbeiter.<\/p>\n<p>Wir glauben, dass jeder Mensch das Recht auf ein bestm\u00f6gliches Leben hat, unabh\u00e4ngig von Funktionseinschr\u00e4nkungen. Deshalb arbeiten wir t\u00e4glich daran, pers\u00f6nliche und sinnvolle Assistenz zu schaffen, die auf den Bed\u00fcrfnissen und W\u00fcnschen des Einzelnen basiert.<\/p>\n<p>Unser CEO, Joakim Persson, verf\u00fcgt \u00fcber mehr als 15 Jahre Erfahrung in den Bereichen pers\u00f6nliche Assistenz und Recht. Dank seiner Expertise, seines Engagements und seiner pers\u00f6nlichen Erfahrung hat sich Individens Trygghet schnell zu einem renommierten Unternehmen in der Branche entwickelt \u2013 und ist sowohl f\u00fcr Kunden als auch f\u00fcr Mitarbeiter eine Selbstverst\u00e4ndlichkeit.<\/p>\n<p>M\u00f6chten Sie wissen, was wir f\u00fcr Sie tun k\u00f6nnen?<br \/>\nZ\u00f6gern Sie nicht, uns bei Individens Trygghet zu kontaktieren \u2013 wir sind f\u00fcr Sie da.[\/vc_column_text][\/vc_column][vc_column width=&#8220;1\/2&#8243;][vc_single_image image=&#8220;372&#8243; img_size=&#8220;full&#8220; css=&#8220;&#8220;][\/vc_column][\/vc_row][vc_row][vc_column][vc_empty_space height=&#8220;60px&#8220;][\/vc_column][\/vc_row][vc_row full_width=&#8220;stretch_row&#8220; css=&#8220;.vc_custom_1760080083899{background-color: #222222 !important;}&#8220;][vc_column][vc_empty_space height=&#8220;60px&#8220;][vc_column_text css=&#8220;&#8220;]<\/p>\n<h2 style=\"text-align: center;\">\u00dcber den Gr\u00fcnder<\/h2>\n<p>[\/vc_column_text][vc_row_inner][vc_column_inner width=&#8220;1\/2&#8243;][vc_column_text css=&#8220;&#8220;]<\/p>\n<h3>Hallo!<\/h3>\n<p>Mein Name ist Joakim Persson und ich bin Gr\u00fcnder und Gesch\u00e4ftsf\u00fchrer von Individens Trygghet. Ich bin Mitte 30 und verf\u00fcge \u00fcber mehr als 15 Jahre Erfahrung in den Bereichen pers\u00f6nliche Assistenz und Recht.<\/p>\n<p>Im Laufe meiner Berufslaufbahn hatte ich das Privileg, f\u00fcr verschiedene Assistenzunternehmen zu arbeiten. Im Laufe der Jahre habe ich jedoch festgestellt, dass viele mehr versprechen, als sie halten k\u00f6nnen \u2013 und genau deshalb habe ich mich entschieden, mein eigenes Unternehmen zu gr\u00fcnden, bei dem Qualit\u00e4t, Sicherheit und R\u00fccksichtnahme im Mittelpunkt stehen. So entstand Individens Trygghet.[\/vc_column_text][\/vc_column_inner][vc_column_inner width=&#8220;1\/2&#8243;][vc_column_text css=&#8220;&#8220;]Meine eigene Erfahrung hat mir zudem ein tieferes Verst\u00e4ndnis daf\u00fcr gegeben, wie wichtig funktionale Assistenz ist. Ich selbst sitze im Rollstuhl und habe mehrere Jahre lang pers\u00f6nliche Assistenz in Anspruch genommen. Daher wei\u00df ich genau, wie wichtig die richtige Unterst\u00fctzung ist \u2013 sowohl im Alltag als auch f\u00fcr die Lebensqualit\u00e4t.<\/p>\n<p>Deshalb ist es mir ein Herzensanliegen, anderen zu einem sichereren und freieren Alltag zu verhelfen.<\/p>\n<p><em>Mit freundlichen Gr\u00fc\u00dfen,<\/em><br \/>\n<em>Joakim Persson<\/em><br \/>\n<em>Gesch\u00e4ftsf\u00fchrer, Individens Trygghet<\/em>[\/vc_column_text][\/vc_column_inner][\/vc_row_inner][vc_empty_space height=&#8220;60px&#8220;][\/vc_column][\/vc_row]<\/p>\n<\/div>","protected":false},"excerpt":{"rendered":"<p>[vc_row full_width=&#8220;stretch_row&#8220; el_id=&#8220;start_inside&#8220; css=&#8220;.vc_custom_1760080018992{background-image: url(\/files\/individenstrygghet10-e1760076688872.jpg?id=368) !important;background-position: center !important;background-repeat: no-repeat !important;background-size: cover !important;}&#8220;][vc_column][vc_column_text css=&#8220;&#8220;] \u00dcber Individens Trygghet [\/vc_column_text][\/vc_column][\/vc_row][vc_row][vc_column][vc_empty_space height=&#8220;60px&#8220;][\/vc_column][\/vc_row][vc_row][vc_column width=&#8220;1\/2&#8243;][vc_column_text css=&#8220;&#8220;] \u00dcber das Unternehmen [\/vc_column_text][vc_column_text css=&#8220;&#8220;]Individens Trygghet ist ein Assistenzunternehmen, das 2025 von Joakim Persson gegr\u00fcndet wurde. Unser Gesch\u00e4ft basiert auf N\u00e4he, Engagement und Sicherheit \u2013 sowohl f\u00fcr unsere Kunden als auch f\u00fcr unsere Mitarbeiter. Wir [&hellip;]<\/p>\n","protected":false},"author":2,"featured_media":0,"parent":0,"menu_order":0,"comment_status":"closed","ping_status":"closed","template":"","meta":{"footnotes":""},"class_list":["post-488","page","type-page","status-publish","hentry"],"_links":{"self":[{"href":"https:\/\/individenstrygghet.se\/de\/wp-json\/wp\/v2\/pages\/488","targetHints":{"allow":["GET"]}}],"collection":[{"href":"https:\/\/individenstrygghet.se\/de\/wp-json\/wp\/v2\/pages"}],"about":[{"href":"https:\/\/individenstrygghet.se\/de\/wp-json\/wp\/v2\/types\/page"}],"author":[{"embeddable":true,"href":"https:\/\/individenstrygghet.se\/de\/wp-json\/wp\/v2\/users\/2"}],"replies":[{"embeddable":true,"href":"https:\/\/individenstrygghet.se\/de\/wp-json\/wp\/v2\/comments?post=488"}],"version-history":[{"count":3,"href":"https:\/\/individenstrygghet.se\/de\/wp-json\/wp\/v2\/pages\/488\/revisions"}],"predecessor-version":[{"id":588,"href":"https:\/\/individenstrygghet.se\/de\/wp-json\/wp\/v2\/pages\/488\/revisions\/588"}],"wp:attachment":[{"href":"https:\/\/individenstrygghet.se\/de\/wp-json\/wp\/v2\/media?parent=488"}],"curies":[{"name":"wp","href":"https:\/\/api.w.org\/{rel}","templated":true}]}}