{"id":503,"date":"2025-08-25T09:34:48","date_gmt":"2025-08-25T07:34:48","guid":{"rendered":"https:\/\/individenstrygghet.cmsp.se\/personlig-assistans\/"},"modified":"2025-10-14T13:56:36","modified_gmt":"2025-10-14T11:56:36","slug":"personliche-assistenz","status":"publish","type":"page","link":"https:\/\/individenstrygghet.se\/de\/personliche-assistenz\/","title":{"rendered":"Pers\u00f6nliche Assistenz"},"content":{"rendered":"<div class=\"wpb-content-wrapper\"><p>[vc_row full_width=&#8220;stretch_row&#8220; el_id=&#8220;start_inside&#8220; css=&#8220;.vc_custom_1757512630476{background-image: url(\/files\/individenstrygghet2-1.png?id=292) !important;background-position: center !important;background-repeat: no-repeat !important;background-size: cover !important;}&#8220;][vc_column][vc_column_text css=&#8220;&#8220;]<\/p>\n<h1>Pers\u00f6nliche Assistenz<\/h1>\n<p>[\/vc_column_text][\/vc_column][\/vc_row][vc_row][vc_column][vc_empty_space height=&#8220;60px&#8220;][\/vc_column][\/vc_row][vc_row][vc_column width=&#8220;1\/2&#8243;][vc_column_text css=&#8220;&#8220;]<\/p>\n<h2>Was ist pers\u00f6nliche Assistenz?<\/h2>\n<p>[\/vc_column_text][vc_column_text css=&#8220;&#8220;]Bei pers\u00f6nlicher Assistenz geht es darum, Ihr Leben so zu gestalten, wie Sie es m\u00f6chten \u2013 mit Freiheit, Sicherheit und Teilhabe. Uns ist es wichtig, dass die Unterst\u00fctzung auf Ihre individuellen Bed\u00fcrfnisse und W\u00fcnsche zugeschnitten ist, damit Sie Ihren Alltag nach Ihren W\u00fcnschen gestalten k\u00f6nnen. Das kann Hilfe zu Hause, in der Schule, am Arbeitsplatz oder in der Freizeit sein. Wir sind f\u00fcr Sie da und sorgen f\u00fcr Ihre optimale Sicherheit \u2013 ein Leben lang.<\/p>\n<p>Sie k\u00f6nnen pers\u00f6nliche Assistenz bei Ihrer Gemeinde oder der schwedischen Sozialversicherungsagentur beantragen. Dies ist m\u00f6glich, wenn Sie aufgrund einer Behinderung Hilfe bei den sogenannten Grundbed\u00fcrfnissen ben\u00f6tigen. Dies kann zum Beispiel Hilfe bei der K\u00f6rperpflege, beim Essen, An- und Ausziehen oder bei der Kommunikation mit anderen sein.<\/p>\n<p>Sowohl Erwachsene als auch Kinder k\u00f6nnen pers\u00f6nliche Assistenz erhalten.<\/p>\n<p>Wenn Sie eine erhebliche Behinderung haben, haben Sie Anspruch auf Unterst\u00fctzung, um ein m\u00f6glichst gutes und unabh\u00e4ngiges Leben f\u00fchren zu k\u00f6nnen. Dies ist der Zweck des Unterst\u00fctzungs- und Dienstleistungsgesetzes (LSS) f\u00fcr bestimmte behinderte Menschen.[\/vc_column_text][vc_column_text css=&#8220;&#8220;]<\/p>\n<h3>Wer hat Anspruch auf pers\u00f6nliche Assistenz?<\/h3>\n<p>Der Anspruch auf pers\u00f6nliche Assistenz ist im Gesetz zur Unterst\u00fctzung und Betreuung bestimmter Menschen mit Behinderungen (LSS) geregelt. Das Gesetz soll Menschen mit schweren und dauerhaften Behinderungen die M\u00f6glichkeit geben, ein gutes und unabh\u00e4ngiges Leben zu f\u00fchren \u2013 mit der gleichen Freiheit wie alle anderen.<\/p>\n<p>Um Anspruch auf Leistungen des LSS zu haben, m\u00fcssen Sie einem von drei Personenkreisen angeh\u00f6ren. Die Personenkreise beschreiben verschiedene Gruppen von Menschen mit unterschiedlichen Behinderungsarten. Die Zugeh\u00f6rigkeit zu einem Personenkreis bedeutet nicht automatisch, dass Sie Unterst\u00fctzung erhalten, ist aber ein erster Schritt auf dem Weg zu der ben\u00f6tigten Unterst\u00fctzung.<\/p>\n<p>Bei uns ist jeder Mensch einzigartig, und unsere Aufgabe ist es, die Unterst\u00fctzung zu finden, die Sicherheit, Freiheit und Lebensqualit\u00e4t schafft \u2013 ein Leben lang.[\/vc_column_text][\/vc_column][vc_column width=&#8220;1\/2&#8243;][vc_single_image image=&#8220;236&#8243; img_size=&#8220;500&#215;800&#8243; css=&#8220;&#8220;][\/vc_column][\/vc_row][vc_row][vc_column][vc_empty_space height=&#8220;60px&#8220;][\/vc_column][\/vc_row][vc_row][vc_column width=&#8220;1\/2&#8243;][vc_single_image image=&#8220;368&#8243; img_size=&#8220;full&#8220; css=&#8220;&#8220;][vc_column_text css=&#8220;&#8220;]<\/p>\n<h3>Pers\u00f6nliche Assistenz, zugeschnitten auf die Bed\u00fcrfnisse Ihres Kindes<\/h3>\n<p>Eine Frage, die Sie als Eltern oder Angeh\u00f6rige eines Kindes, das pers\u00f6nliche Assistenz ben\u00f6tigt, vielleicht stellen: Wie funktioniert pers\u00f6nliche Assistenz in der Schule? Gem\u00e4\u00df dem Sozialgesetzbuch (Kapitel 106 24 \u00a7 1 und 2) wird grunds\u00e4tzlich kein staatlicher Unterst\u00fctzungszuschuss f\u00fcr die Zeit gew\u00e4hrt, in der sich eine Person mit Behinderung in der Kinderbetreuung, in der Schule oder bei allt\u00e4glichen Aktivit\u00e4ten aufh\u00e4lt oder daran teilnimmt. Es ist jedoch m\u00f6glich, Unterst\u00fctzungszuschuss zu erhalten, wenn besondere Gr\u00fcnde vorliegen. Der Grund daf\u00fcr, dass Kinder in der Vorschule und Schule normalerweise keine pers\u00f6nliche Assistenz erhalten, liegt darin, dass es in der Verantwortung der Kommunen liegt, die Unterst\u00fctzung zu gew\u00e4hrleisten, die Kinder, Jugendliche (und Erwachsene) mit Behinderungen in der Schule ben\u00f6tigen. F\u00fcr andere Bildungseinrichtungen wie Volkshochschulen oder Universit\u00e4ten sieht das Sozialgesetzbuch eine Ausnahme vor: Dann kann auch einer Person, die am Unterricht teilnimmt, pers\u00f6nliche Assistenz gew\u00e4hrt werden.[\/vc_column_text][\/vc_column][vc_column width=&#8220;1\/2&#8243;][vc_column_text css=&#8220;&#8220;]<\/p>\n<h2>Unterst\u00fctzung f\u00fcr Kinder<\/h2>\n<p>[\/vc_column_text][vc_column_text css=&#8220;&#8220;]Mit pers\u00f6nlicher Assistenz erh\u00e4lt Ihr Kind die M\u00f6glichkeit, wie andere Kinder zu leben, zu spielen und sich zu entwickeln. Bei uns erh\u00e4lt Ihr Kind individuell angepasste Unterst\u00fctzung.<\/p>\n<p>Wir bieten Ihnen Wissen f\u00fcr den Tag, an dem Sie von zu Hause ausziehen, einen neuen Antrag stellen oder neue pers\u00f6nliche Assistenten einarbeiten m\u00fcssen. Wir wissen, wie wichtig es sein kann, Familien kennenzulernen, die ebenfalls mit pers\u00f6nlicher Assistenz leben. Jedes Jahr organisiert Individens Trygghet lokale Veranstaltungen.<\/p>\n<p>Wir glauben, dass jeder das Recht auf ein gutes Leben hat und dass Kinder mit verschiedenen Behinderungen die M\u00f6glichkeit haben sollten, wie andere Kinder zu leben. Als Eltern eines Kindes mit Behinderung k\u00f6nnen Sie sich bei uns sicher f\u00fchlen. Wir unterst\u00fctzen Sie dabei, f\u00fcr das Recht Ihres Kindes auf Assistenz zu k\u00e4mpfen und die pers\u00f6nliche Assistenz auf Ihre und die Bed\u00fcrfnisse Ihres Kindes abzustimmen.[\/vc_column_text][vc_toggle title=&#8220;Autismus und autismus\u00e4hnliche Erkrankungen&#8220; css=&#8220;&#8220;]Kinder mit Autismus haben Schwierigkeiten mit der sozialen Interaktion und k\u00f6nnen \u00fcberempfindlich auf verschiedene Sinneseindr\u00fccke reagieren. Bei uns erh\u00e4lt Ihr Kind individuell angepasste F\u00f6rderung, die auf festen Routinen und Sicherheit basiert.<\/p>\n<p><strong>Was ist Autismus?<\/strong><br \/>\nAutismus ist eine dauerhafte neurobiologische Behinderung, die meist angeboren ist. Typisch f\u00fcr Menschen mit Autismus sind Schwierigkeiten in der sozialen Interaktion und Kommunikation mit anderen. Sie k\u00f6nnen eingeschr\u00e4nkte und repetitive Verhaltensmuster und Interessen aufweisen. Die Schwere der Probleme ist bei jedem Menschen unterschiedlich, aber Autismus tritt h\u00e4ufig zusammen mit Epilepsie, geistiger Behinderung, Phobien, Zwangsst\u00f6rungen sowie Seh- oder H\u00f6rbehinderungen auf.<\/p>\n<p><strong>Symptome<\/strong><br \/>\nAutismus wird oft schon im fr\u00fchen Kindesalter erkannt und tritt h\u00e4ufiger bei Jungen als bei M\u00e4dchen auf. Typische Merkmale von Autismus sind:<\/p>\n<ul>\n<li>Schwierigkeiten in der sozialen Interaktion und Kommunikation<\/li>\n<li>Schwierigkeiten beim Blickkontakt<\/li>\n<li>Schwierigkeiten beim Verstehen von Mimik, Gestik und Tonfall<\/li>\n<li>Repetitives Verhalten<\/li>\n<li>Eingeschr\u00e4nkte Interessen und Aktivit\u00e4ten<\/li>\n<li>Eingeschr\u00e4nkter Wortschatz<\/li>\n<li>Starke Reaktionen auf unterschiedliche Sinneseindr\u00fccke<\/li>\n<li>Schwierigkeiten beim Aufnehmen und Sortieren von Eindr\u00fccken<\/li>\n<li>Gro\u00dfes Bed\u00fcrfnis nach Routine<\/li>\n<\/ul>\n<p>Als Eltern eines autistischen Kindes k\u00f6nnen Sie sich bei uns sicher f\u00fchlen. Wir verf\u00fcgen \u00fcber fundiertes Wissen und langj\u00e4hrige Erfahrung im Bereich Autismus und helfen Ihnen, die Unterst\u00fctzung an die individuellen Bed\u00fcrfnisse Ihres Kindes anzupassen.[\/vc_toggle][vc_toggle title=&#8220;Zerebralparese&#8220; css=&#8220;&#8220;]Das Leben mit Zerebralparese kann von Mensch zu Mensch sehr unterschiedlich sein. Viele Menschen kommen ohne pers\u00f6nliche Hilfe sehr gut zurecht, andere ben\u00f6tigen hingegen viel Hilfe.<\/p>\n<p><strong>Was ist Zerebralparese?<\/strong><br \/>\nZerebralparese ist ein Sammelbegriff f\u00fcr St\u00f6rungen der Muskelkontrolle, die durch eine Hirnverletzung verursacht werden, bevor das Gehirn vollst\u00e4ndig entwickelt ist. Zerebralparese bedeutet L\u00e4hmung aufgrund einer Hirnsch\u00e4digung, und Menschen mit Zerebralparese leiden typischerweise an verschiedenen Bewegungseinschr\u00e4nkungen. Eine Zerebralparese-Verletzung wird oft schon im Kleinkindalter erkannt und bleibt ein Leben lang bestehen.<\/p>\n<p><strong>Drei Arten von Zerebralparese<\/strong><br \/>\nZerebralparese wird in drei verschiedene Typen unterteilt: spastische, dyskinetische und ataktische Zerebralparese.<\/p>\n<p><strong>Spastische Zerebralparese<\/strong><br \/>\nSpastische Zerebralparese, bei der die Muskelspannung unausgeglichen ist, ist die h\u00e4ufigste Form der Zerebralparese. Die Muskeln sind schw\u00e4cher und angespannter als normal, was zu unwillk\u00fcrlichen Muskelverspannungen f\u00fchrt. Angespannte Muskeln wachsen nicht gut und k\u00f6nnen zu Gelenkfehlbildungen f\u00fchren.<\/p>\n<p><strong>Dyskinetische Zerebralparese<\/strong><br \/>\nBei einer dyskinetischen Zerebralparese kommt es zu unwillk\u00fcrlichen Wurf- oder Drehbewegungen im gesamten K\u00f6rper, insbesondere in Mund, Zunge und Rachen. Manchmal verharrt der K\u00f6rper in verzerrten Positionen und kann sich nur schwer bewegen.<\/p>\n<p><strong>Ataktische Zerebralparese<\/strong><br \/>\nAtaktische Zerebralparese ist selten und verursacht Gleichgewichtsst\u00f6rungen, Zittern und Schwierigkeiten bei der Bewegungskoordination. Bei ataktischer Zerebralparese treten h\u00e4ufig auch Muskelverspannungen in den Beinen auf.<\/p>\n<p><strong>Symptome<\/strong><br \/>\nDie Symptome sind von Person zu Person unterschiedlich. Manche haben kaum Beschwerden, andere k\u00f6nnen folgende Symptome aufweisen:<\/p>\n<ul>\n<li>Muskelverspannungen und unwillk\u00fcrliche Bewegungen<\/li>\n<li>Skoliose (krummes Wachstum der Wirbels\u00e4ule)<\/li>\n<li>Magen-Darm-Probleme<\/li>\n<li>Schielen und andere Sehbehinderungen<\/li>\n<li>H\u00f6rbehinderung<\/li>\n<li>Epilepsie<\/li>\n<li>Intellektuelle Behinderung<\/li>\n<li>Schwierigkeiten beim Sprechen, Schlucken und Atmen<\/li>\n<\/ul>\n<p>Als Eltern eines Kindes mit Zerebralparese sind Sie bei uns gut aufgehoben. Wir unterst\u00fctzen Sie von der Beratung bis zur Vermittlung von Assistenzkr\u00e4ften. Viele unserer Klienten mit CP f\u00fchren mit pers\u00f6nlicher Assistenz ein gutes Leben.[\/vc_toggle][vc_toggle title=&#8220;Geistige Behinderung&#8220; css=&#8220;&#8220;]Es gibt verschiedene Grade geistiger Behinderung, und der F\u00f6rderbedarf ist sehr unterschiedlich. Wir passen die pers\u00f6nliche Betreuung so an, dass sich Ihr Kind wohlf\u00fchlt, lernt und sich entwickelt, genau wie andere Kinder.<\/p>\n<p><strong>Was ist geistige Behinderung?<\/strong><br \/>\nMenschen mit geistiger Behinderung ben\u00f6tigen mehr Zeit und Unterst\u00fctzung als andere, um Dinge zu lernen, Zusammenh\u00e4nge zu verstehen und sich zu entwickeln. Geistige Behinderung kann auf Chromosomen-, fetale oder angeborene Defekte zur\u00fcckzuf\u00fchren sein und tritt h\u00e4ufig zusammen mit beispielsweise Epilepsie, Zerebralparese, Autismus, Sehst\u00f6rungen, Herzfehlern, Depressionen, Schlaf- und Essst\u00f6rungen auf.<\/p>\n<p><strong>Symptome<\/strong><br \/>\nDie Probleme werden oft beim Schuleintritt bemerkt. H\u00e4ufige Anzeichen einer geistigen Behinderung sind:<\/p>\n<ul>\n<li>Verminderte Intelligenz<\/li>\n<li>Sprachschwierigkeiten<\/li>\n<li>Seh- oder H\u00f6rbehinderung<\/li>\n<li>Verminderte Lernf\u00e4higkeit<\/li>\n<li>Geringere soziale F\u00e4higkeiten<\/li>\n<li>Geringere F\u00e4higkeit, praktische Aufgaben wie Essen, Waschen und<\/li>\n<li>Anziehen zu bew\u00e4ltigen<\/li>\n<\/ul>\n<p>Der F\u00f6rderbedarf von Menschen mit geistiger Behinderung kann unterschiedlich sein. Bei Individens Trygghet verf\u00fcgen wir \u00fcber umfangreiche Erfahrung bei der Suche nach pers\u00f6nlicher Unterst\u00fctzung f\u00fcr Menschen mit geistiger Behinderung und stellen sicher, dass die Unterst\u00fctzung individuell zugeschnitten ist, sodass die Bed\u00fcrfnisse Ihres Kindes erf\u00fcllt werden.[\/vc_toggle][\/vc_column][\/vc_row][vc_row][vc_column][vc_empty_space height=&#8220;60px&#8220;][\/vc_column][\/vc_row][vc_row][vc_column width=&#8220;1\/2&#8243;][vc_column_text css=&#8220;&#8220;]<\/p>\n<h2>Hilfe f\u00fcr Erwachsene<\/h2>\n<p>[\/vc_column_text][vc_column_text css=&#8220;&#8220;]Wir bieten individuell zugeschnittene pers\u00f6nliche Hilfe, bei der Ihre Bed\u00fcrfnisse und W\u00fcnsche im Mittelpunkt stehen.<\/p>\n<p>Schwierigkeiten beim Bewegen oder Sprechen, der fehlende Zugang zur Toilette oder das selbstst\u00e4ndige Duschen sind unglaublich belastend. Mit Hilfe pers\u00f6nlicher Assistenten k\u00f6nnen wir Ihnen die Unterst\u00fctzung bieten, die Sie ben\u00f6tigen.<\/p>\n<p>Wir von Individens Trygghet verf\u00fcgen \u00fcber umfassende Erfahrung in der Unterst\u00fctzung von Kunden mit unterschiedlichen Bed\u00fcrfnissen. Bei uns k\u00f6nnen Sie sich sicher f\u00fchlen. Wir helfen Ihnen, den bestm\u00f6glichen Alltag f\u00fcr sich und Ihre Angeh\u00f6rigen zu gestalten. Kontaktieren Sie uns und wir informieren Sie gerne dar\u00fcber, wie wir Ihnen helfen k\u00f6nnen.[\/vc_column_text][vc_toggle title=&#8220;Erworbene Hirnverletzungen&#8220; css=&#8220;&#8220;]Eine Hirnverletzung kann sowohl f\u00fcr die betroffene Person als auch f\u00fcr ihre Angeh\u00f6rigen eine gro\u00dfe und pl\u00f6tzliche Ver\u00e4nderung im Leben bedeuten. Pers\u00f6nliche Assistenz kann die notwendige Unterst\u00fctzung im Alltag sein.<\/p>\n<p><strong>Was ist eine erworbene Hirnverletzung?<\/strong><br \/>\nEine erworbene Hirnverletzung ist eine Verletzung, die nicht angeboren, sondern nach der Geburt entstanden ist. Die Verletzung kann beispielsweise durch \u00e4u\u00dfere Gewalteinwirkung bei einem Unfall, einem Angriff, einem Schlaganfall oder einer anderen Erkrankung verursacht werden und beispielsweise Sprache, Sehverm\u00f6gen, Gleichgewicht, Empfindung, Ged\u00e4chtnis, Pers\u00f6nlichkeit oder Motorik beeintr\u00e4chtigen.<\/p>\n<p><strong>Probleme<\/strong><br \/>\nEine Hirnverletzung kann viele verschiedene Behinderungen verursachen, sowohl sichtbare als auch unsichtbare. Die auftretenden Schwierigkeiten h\u00e4ngen von der Art der Verletzung, ihrem Ausma\u00df und den gesch\u00e4digten Hirnarealen ab.<\/p>\n<p><strong>Beispiele f\u00fcr k\u00f6rperliche Probleme<\/strong><\/p>\n<ul>\n<li>Muskelschw\u00e4che<\/li>\n<li>L\u00e4hmungen<\/li>\n<li>Sprachschwierigkeiten<\/li>\n<li>Gleichgewichtsst\u00f6rungen<\/li>\n<li>Motorische St\u00f6rungen<\/li>\n<\/ul>\n<p><strong>Beispiele f\u00fcr weitere Probleme<\/strong><\/p>\n<ul>\n<li>Ged\u00e4chtnisst\u00f6rungen<\/li>\n<li>Konzentrationsschwierigkeiten<\/li>\n<li>St\u00f6rungen des logischen Denkens<\/li>\n<li>Kommunikationsschwierigkeiten<\/li>\n<li>Hirnm\u00fcdigkeit<\/li>\n<li>Pers\u00f6nlichkeitsver\u00e4nderungen<\/li>\n<li>Stimmungsschwankungen und Depressionen<\/li>\n<\/ul>\n<p>Bei Individens Trygghet erhalten Sie mit einer Hirnverletzung Unterst\u00fctzung in allen Bereichen, von der Beratung bis zur Vermittlung von Assistenzkr\u00e4ften. Viele unserer Klienten berichten uns, wie sie mit pers\u00f6nlicher Assistenz ihr Leben und ihre Freiheit zur\u00fcckgewonnen haben.[\/vc_toggle][vc_toggle title=&#8220;Schlaganfall&#8220; css=&#8220;&#8220;]Ein Schlaganfall kann das Leben v\u00f6llig ver\u00e4ndern \u2013 nicht nur f\u00fcr den Betroffenen, sondern auch f\u00fcr seine Angeh\u00f6rigen. Mit pers\u00f6nlicher Assistenz kann der Alltag leichter zu bew\u00e4ltigen sein.<\/p>\n<p><strong>Was ist ein Schlaganfall?<\/strong><br \/>\nAls Schlaganfall bezeichnet man eine Hirnsch\u00e4digung, die durch ein Blutgerinnsel oder eine Blutung im Gehirn verursacht wird. Die meisten Menschen, die einen Schlaganfall erleiden, sind \u00fcber 65 Jahre alt, aber auch j\u00fcngere Menschen k\u00f6nnen betroffen sein. Bluthochdruck, Vorhofflimmern, hohe Blutfettwerte, Diabetes und Rauchen erh\u00f6hen das Schlaganfallrisiko.<\/p>\n<p><strong>Symptome<\/strong><br \/>\nDer Zustand kann lebensbedrohlich sein und erfordert eine Notfallversorgung im Krankenhaus. Wenn Sie vermuten, dass jemand einen Schlaganfall erlitten hat, rufen Sie sofort die 112 an.<\/p>\n<p>Der Sauerstoffmangel im Gehirn w\u00e4hrend eines Schlaganfalls verursacht folgende Symptome:<\/p>\n<ul>\n<li>L\u00e4hmung<\/li>\n<li>Schw\u00e4che<\/li>\n<li>Gef\u00fchlsverlust in einem K\u00f6rperteil<\/li>\n<li>Sprachschwierigkeiten<\/li>\n<li>Schwierigkeiten beim Verstehen von Gespr\u00e4chen<\/li>\n<li>Sehst\u00f6rungen<\/li>\n<li>Schwindel<\/li>\n<li>Starke Kopfschmerzen<\/li>\n<\/ul>\n<p>Viele Menschen haben nach einem Schlaganfall anhaltende Beschwerden. M\u00f6glicherweise treten Ged\u00e4chtnis- und Konzentrationsschwierigkeiten auf, Ihre Pers\u00f6nlichkeit kann sich ver\u00e4ndern und Sie k\u00f6nnen unter Depressionen, Angstzust\u00e4nden, epileptischen Anf\u00e4llen und starker M\u00fcdigkeit leiden.[\/vc_toggle][vc_toggle title=&#8220;Multiple Sklerose (MS)&#8220; css=&#8220;&#8220;]Wenn Sie an MS leiden, kann ein pers\u00f6nlicher Assistent Ihren Alltag entscheidend verbessern. Bei Individens Trygghet passen wir die Unterst\u00fctzung an Ihre individuellen Bed\u00fcrfnisse an.<\/p>\n<p><strong>Was ist MS?<\/strong><br \/>\nMultiple Sklerose (MS) ist eine chronische neurologische Erkrankung. Die Krankheit, die in der Regel zwischen dem 20. und 40. Lebensjahr beginnt, wird durch Vernarbungen der Nervenzellen an verschiedenen Stellen des zentralen Nervensystems, also im Gehirn und R\u00fcckenmark, verursacht.<\/p>\n<p>Es gibt verschiedene Formen der Erkrankung, aber die \u00fcberwiegende Mehrheit der Menschen leidet an schubf\u00f6rmig remittierender MS. Dabei kommt es zu periodischen Beschwerden, sogenannten Sch\u00fcben, die einige Tage bis Monate andauern k\u00f6nnen.<\/p>\n<p><strong>Symptome<\/strong><br \/>\nBei MS-Betroffenen treten h\u00e4ufig mehrere der folgenden Symptome auf:<\/p>\n<ul>\n<li>Taubheitsgef\u00fchl in Armen, Beinen und Gesicht<\/li>\n<li>Gleichgewichtsst\u00f6rungen<\/li>\n<li>Sehst\u00f6rungen<\/li>\n<li>Sprachst\u00f6rungen<\/li>\n<li>Muskelsteifheit<\/li>\n<li>M\u00fcdigkeit<\/li>\n<li>Stimmungsschwankungen<\/li>\n<li>Depression<\/li>\n<li>Ged\u00e4chtnis- und Konzentrationsprobleme<\/li>\n<li>Schmerzen<\/li>\n<\/ul>\n<p>MS ist nicht heilbar, aber es gibt Medikamente, die das Fortschreiten der Krankheit verlangsamen und die Symptome lindern k\u00f6nnen.[\/vc_toggle][\/vc_column][vc_column width=&#8220;1\/2&#8243;][vc_single_image image=&#8220;240&#8243; img_size=&#8220;full&#8220; css=&#8220;&#8220;][\/vc_column][\/vc_row][vc_row][vc_column][vc_empty_space height=&#8220;60px&#8220;][\/vc_column][\/vc_row][vc_row equal_height=&#8220;yes&#8220; content_placement=&#8220;middle&#8220;][vc_column width=&#8220;1\/2&#8243;][vc_single_image image=&#8220;220&#8243; img_size=&#8220;full&#8220; css=&#8220;&#8220;][\/vc_column][vc_column width=&#8220;1\/2&#8243;][vc_column_text css=&#8220;&#8220;]<\/p>\n<h2>Das Gesetz \u00fcber die Unterst\u00fctzung und Betreuung bestimmter Menschen mit Behinderungen (LSS)<\/h2>\n<p>[\/vc_column_text][vc_column_text css=&#8220;&#8220;]Wenn Sie eine Behinderung haben, haben Sie das Recht, Unterst\u00fctzung zu beantragen, um ein m\u00f6glichst gutes und unabh\u00e4ngiges Leben f\u00fchren zu k\u00f6nnen. Dies ist der Zweck des Gesetzes \u00fcber die Unterst\u00fctzung und Betreuung bestimmter Menschen mit Behinderungen (LSS).<\/p>\n<p>Das Recht auf ein gutes und unabh\u00e4ngiges Leben umfasst beispielsweise die M\u00f6glichkeit zu arbeiten, zu studieren oder einer anderen sinnvollen Besch\u00e4ftigung nachzugehen. Sie sollten auch am gesellschaftlichen Leben teilnehmen k\u00f6nnen. Beispielsweise sollten Sie an verschiedenen Kultur- und Freizeitaktivit\u00e4ten zu den gleichen Bedingungen wie andere teilnehmen k\u00f6nnen.[\/vc_column_text][\/vc_column][\/vc_row][vc_row equal_height=&#8220;yes&#8220; content_placement=&#8220;middle&#8220;][vc_column width=&#8220;1\/2&#8243;][vc_column_text css=&#8220;&#8220;]<\/p>\n<h3>Die Verantwortung der Gemeinde<\/h3>\n<p>Die Gemeinde ist in erster Linie daf\u00fcr verantwortlich, dass das LSS eingehalten wird. Sie muss Ihren Bedarf ermitteln und Ihnen die ben\u00f6tigte Unterst\u00fctzung und Betreuung anbieten.<\/p>\n<p>Sie sollten an der Gestaltung und Umsetzung der Unterst\u00fctzung mitwirken k\u00f6nnen. Sie haben das Recht auf eine Dolmetscherleistung, um die Informationen bei Bedarf zu verstehen.<\/p>\n<h3>Kinder sollten einbezogen werden<\/h3>\n<p>Wenn ein Kind Hilfe ben\u00f6tigt, ist es wichtig, dass es verst\u00e4ndliche Informationen erh\u00e4lt. Das Kind sollte teilhaben und seine eigenen Gedanken und W\u00fcnsche \u00e4u\u00dfern k\u00f6nnen. Entscheidungstr\u00e4ger m\u00fcssen das Wohl des Kindes ermitteln und dies bei der Entscheidung \u00fcber den Unterst\u00fctzungsbedarf ber\u00fccksichtigen.[\/vc_column_text][\/vc_column][vc_column width=&#8220;1\/2&#8243;][vc_single_image image=&#8220;372&#8243; img_size=&#8220;full&#8220; css=&#8220;&#8220;][\/vc_column][\/vc_row][vc_row equal_height=&#8220;yes&#8220; content_placement=&#8220;middle&#8220;][vc_column width=&#8220;1\/2&#8243;][vc_single_image image=&#8220;218&#8243; img_size=&#8220;full&#8220; css=&#8220;&#8220;][\/vc_column][vc_column width=&#8220;1\/2&#8243;][vc_column_text css=&#8220;&#8220;]<\/p>\n<h2>Drei vom LSS abgedeckte Personengruppen<\/h2>\n<p>Das LSS beschreibt, welche Personen vom Gesetz abgedeckt sind. Sie k\u00f6nnen Unterst\u00fctzung beantragen, wenn Sie zu einer der folgenden Gruppen geh\u00f6ren:<\/p>\n<ul>\n<li>Sie haben eine geistige Behinderung, Autismus oder eine autismus\u00e4hnliche Erkrankung.<\/li>\n<li>Sie haben eine erhebliche und dauerhafte geistige Behinderung infolge einer Hirnverletzung im Erwachsenenalter, die durch Gewalt oder eine k\u00f6rperliche Erkrankung verursacht wurde.<\/li>\n<li>Sie haben andere schwere dauerhafte k\u00f6rperliche oder geistige Behinderungen, die eindeutig nicht auf das normale Altern zur\u00fcckzuf\u00fchren sind. Das bedeutet, dass Sie gro\u00dfe Schwierigkeiten haben, allt\u00e4gliche Dinge alleine zu bew\u00e4ltigen. Beispielsweise k\u00f6nnen Sie Schwierigkeiten haben, sich anzuziehen, zu kochen, sich fortzubewegen oder mit anderen zu kommunizieren.<\/li>\n<\/ul>\n<p>[\/vc_column_text][\/vc_column][\/vc_row][vc_row][vc_column][vc_empty_space height=&#8220;60px&#8220;][\/vc_column][\/vc_row]<\/p>\n<\/div>","protected":false},"excerpt":{"rendered":"<p>[vc_row full_width=&#8220;stretch_row&#8220; el_id=&#8220;start_inside&#8220; css=&#8220;.vc_custom_1757512630476{background-image: url(\/files\/individenstrygghet2-1.png?id=292) !important;background-position: center !important;background-repeat: no-repeat !important;background-size: cover !important;}&#8220;][vc_column][vc_column_text css=&#8220;&#8220;] Pers\u00f6nliche Assistenz [\/vc_column_text][\/vc_column][\/vc_row][vc_row][vc_column][vc_empty_space height=&#8220;60px&#8220;][\/vc_column][\/vc_row][vc_row][vc_column width=&#8220;1\/2&#8243;][vc_column_text css=&#8220;&#8220;] Was ist pers\u00f6nliche Assistenz? [\/vc_column_text][vc_column_text css=&#8220;&#8220;]Bei pers\u00f6nlicher Assistenz geht es darum, Ihr Leben so zu gestalten, wie Sie es m\u00f6chten \u2013 mit Freiheit, Sicherheit und Teilhabe. Uns ist es wichtig, dass die Unterst\u00fctzung auf Ihre individuellen [&hellip;]<\/p>\n","protected":false},"author":2,"featured_media":0,"parent":0,"menu_order":0,"comment_status":"closed","ping_status":"closed","template":"","meta":{"footnotes":""},"class_list":["post-503","page","type-page","status-publish","hentry"],"_links":{"self":[{"href":"https:\/\/individenstrygghet.se\/de\/wp-json\/wp\/v2\/pages\/503","targetHints":{"allow":["GET"]}}],"collection":[{"href":"https:\/\/individenstrygghet.se\/de\/wp-json\/wp\/v2\/pages"}],"about":[{"href":"https:\/\/individenstrygghet.se\/de\/wp-json\/wp\/v2\/types\/page"}],"author":[{"embeddable":true,"href":"https:\/\/individenstrygghet.se\/de\/wp-json\/wp\/v2\/users\/2"}],"replies":[{"embeddable":true,"href":"https:\/\/individenstrygghet.se\/de\/wp-json\/wp\/v2\/comments?post=503"}],"version-history":[{"count":3,"href":"https:\/\/individenstrygghet.se\/de\/wp-json\/wp\/v2\/pages\/503\/revisions"}],"predecessor-version":[{"id":598,"href":"https:\/\/individenstrygghet.se\/de\/wp-json\/wp\/v2\/pages\/503\/revisions\/598"}],"wp:attachment":[{"href":"https:\/\/individenstrygghet.se\/de\/wp-json\/wp\/v2\/media?parent=503"}],"curies":[{"name":"wp","href":"https:\/\/api.w.org\/{rel}","templated":true}]}}