{"id":554,"date":"2023-02-02T10:41:25","date_gmt":"2023-02-02T09:41:25","guid":{"rendered":"https:\/\/individenstrygghet.cmsp.se\/integritetspolicy\/"},"modified":"2025-10-13T16:58:04","modified_gmt":"2025-10-13T14:58:04","slug":"integritetspolicy","status":"publish","type":"page","link":"https:\/\/individenstrygghet.se\/de\/integritetspolicy\/","title":{"rendered":"Integritetspolicy"},"content":{"rendered":"<div class=\"wpb-content-wrapper\"><p>[vc_row full_width=&#8220;stretch_row&#8220; el_id=&#8220;start_inside&#8220;][vc_column][vc_column_text]<\/p>\n<h1>Integritetspolicy<\/h1>\n<p>[\/vc_column_text][\/vc_column][\/vc_row][vc_row][vc_column][vc_empty_space height=&#8220;65px&#8220;][\/vc_column][\/vc_row][vc_row][vc_column width=&#8220;1\/2&#8243;][vc_column_text css=&#8220;&#8220;]Skyddet f\u00f6r dina personuppgifter \u00e4r av h\u00f6gsta vikt f\u00f6r oss. I integritetspolicyn kan du l\u00e4sa om hur vi behandlar dina personuppgifter och vilka r\u00e4ttigheter du har betr\u00e4ffande personuppgifter.<\/p>\n<p><strong>Personuppgiftsansvarig<\/strong><br \/>\nPersonuppgiftsansvarig f\u00f6r behandlingen av dina personuppgifter \u00e4r:<\/p>\n<p><strong>Individens Trygghet<\/strong><br \/>\nOrg nr: 930523-4693<br \/>\nKulst\u00f6tareg\u00e5ngen 6 Bv<br \/>\n418 39 G\u00f6teborg<\/p>\n<p><strong>Vilka och varifr\u00e5n samlar vi in personuppgifter?<\/strong><br \/>\nN\u00e4r du \u00e4r i kontakt med oss (t.ex. vid k\u00f6p, ifyllande av formul\u00e4r eller bes\u00f6k p\u00e5 webbsidan) samlar vi in personuppgifter om dig. De uppgifter vi samlar in \u00e4r namn, personnummer, adress, e-postadress och telefonnummer, k\u00f6p-, order- och anv\u00e4ndningshistorik, IP-adress samt information som du l\u00e4mnar till v\u00e5r kundtj\u00e4nst.<\/p>\n<p><strong>Definitioner<\/strong><br \/>\nPersonuppgifter \u00e4r all information som relaterar till en identifierad eller identifierbar fysisk person. S\u00e5dan data kan till exempel vara namn, bild, personnummer, e-postadress och hemadress, IP-adress, information om kompetens, utbildning eller tidigare erfarenhet. \u00c4ven om en enda uppgift kanske inte r\u00e4cker f\u00f6r att identifiera dig som individ, kan en uppgift utg\u00f6ra Personuppgifter om den, i kombination med andra uppgifter kan kopplas till dig.<\/p>\n<p>\u201dBehandling\u201d av Personuppgifter betyder i huvudsak en \u00e5tg\u00e4rd eller kombination av \u00e5tg\u00e4rder betr\u00e4ffande Personuppgifter, s\u00e5som insamling, registrering, organisering, strukturering, lagring, bearbetning eller \u00e4ndring, framtagning, l\u00e4sning, anv\u00e4ndning, utl\u00e4mning genom \u00f6verf\u00f6ring, spridning eller tillhandah\u00e5llande p\u00e5 annat s\u00e4tt, justering eller sammanf\u00f6rande, begr\u00e4nsning, radering eller f\u00f6rst\u00f6ring.<\/p>\n<p><strong>Vilka Personuppgifter samlas in och varf\u00f6r?<\/strong><br \/>\nVi samlar in uppgifter n\u00e4r du till exempel anv\u00e4nder v\u00e5ra tj\u00e4nster, registrerar dig f\u00f6r v\u00e5ra kurser och seminarier, prenumererar p\u00e5 v\u00e5rt nyhetsbrev, ans\u00f6ker om jobb, deltar i enk\u00e4ter eller kontaktar oss i olika typer av fr\u00e5gor.<br \/>\nVi samlar \u00e4ven in Personuppgifter som \u00e4r n\u00f6dv\u00e4ndiga f\u00f6r att administrera din kundrelation med oss och f\u00f6r att tillhandah\u00e5lla tj\u00e4nster i enlighet med v\u00e5rt \u00f6msesidiga avtal. Detta inkluderar vanligtvis information som ditt namn och telefonnummer, din adress och e-postadress, men kan ocks\u00e5 inneh\u00e5lla annan information, till exempel IP-adress. Vi kan samla in Personuppgifter om dig fr\u00e5n olika k\u00e4llor.<\/p>\n<p>Uppgifter som h\u00e4mtas in automatiskt n\u00e4r du bes\u00f6ker v\u00e5r webbsida.<br \/>\nVi (och tredje parts tj\u00e4nsteleverant\u00f6rer som agerar p\u00e5 v\u00e5ra v\u00e4gnar) anv\u00e4nder cookies och andra verktyg (som webbanalysverktyg och pixeltaggar) f\u00f6r att automatiskt samla in information om dig n\u00e4r du anv\u00e4nder v\u00e5r webbplats, med f\u00f6rbeh\u00e5ll f\u00f6r villkoren i denna Integritetspolicy och till\u00e4mpliga lagar och f\u00f6rordningar. De typer av uppgifter som samlas in automatiskt kan inneh\u00e5lla:<\/p>\n<ul>\n<li>Information om vilken typ av webbl\u00e4sare du anv\u00e4nder<\/li>\n<li>Anv\u00e4ndarbeteende och interaktionsdata f\u00f6r de webbsidor du har tittat p\u00e5<\/li>\n<li>Din IP-adress<\/li>\n<li>Spr\u00e5ket i din webbl\u00e4sare<\/li>\n<li>Din geografiska plats (begr\u00e4nsad till stad och land);<\/li>\n<li>Din n\u00e4toperat\u00f6r<\/li>\n<\/ul>\n<p><strong>Information som kan h\u00e4mtas in fr\u00e5n andra k\u00e4llor<\/strong><br \/>\nVi kan f\u00e5 Personuppgifter om dig fr\u00e5n andra legitima k\u00e4llor, inklusive information fr\u00e5n kommersiellt tillg\u00e4ngliga k\u00e4llor, s\u00e5som offentliga databaser och data-aggregat\u00f6rer, samt information fr\u00e5n tredje part. De typer av Personuppgifter som vi kan h\u00e4mta fr\u00e5n s\u00e5dana k\u00e4llor inkluderar:<\/p>\n<ul>\n<li>Namn<\/li>\n<li>Adress<\/li>\n<li>E-postadress<\/li>\n<li>Telefonnummer<\/li>\n<li>Faxnummer<\/li>\n<li>Titel och arbetsplats<\/li>\n<li>Referenser (vid anst\u00e4llningsprocess)<\/li>\n<\/ul>\n<p><strong>F\u00f6r vilket syfte Behandlas Personuppgifter?<\/strong><br \/>\nDe Personuppgifter som vi samlar om dig kommer att anv\u00e4ndas f\u00f6r:<\/p>\n<ul>\n<li>Att f\u00f6lja lagliga krav eller lagliga auktoritetsf\u00f6rfr\u00e5gningar<\/li>\n<li>Administrativa och interna aff\u00e4rs\u00e4ndam\u00e5l<\/li>\n<li>Att f\u00f6rse dig med produkter och tj\u00e4nster samt att informera dig om nya produkter, tj\u00e4nster och evenemang<\/li>\n<li>Att utv\u00e4rdera och f\u00f6rb\u00e4ttra v\u00e5rt erbjudande till, och kommunikation med, kunder<\/li>\n<li>Utveckling av v\u00e5r verksamhet och v\u00e5ra tj\u00e4nster<\/li>\n<li>Databehandling f\u00f6r reklam\u00e4ndam\u00e5l<\/li>\n<li>Statistik<\/li>\n<\/ul>\n<p><strong>Behandling av Personuppgifter p\u00e5 grund av r\u00e4ttslig f\u00f6rpliktelse<\/strong><br \/>\nBehandling av Personuppgifter \u00e4r ocks\u00e5 till\u00e5tet om nationell lagstiftning beg\u00e4r, kr\u00e4ver eller till\u00e5ter detta. Typen och omfattningen av Behandlingen m\u00e5ste vara n\u00f6dv\u00e4ndig f\u00f6r den lagligt godk\u00e4nda databehandlingsverksamheten och m\u00e5ste f\u00f6lja g\u00e4llande lagbest\u00e4mmelser.[\/vc_column_text][\/vc_column][vc_column width=&#8220;1\/2&#8243;][vc_column_text]<strong>Behandling av Personuppgifter p\u00e5 grund av ber\u00e4ttigade intressen<\/strong><br \/>\nPersonuppgifter kan ocks\u00e5 behandlas om det \u00e4r n\u00f6dv\u00e4ndigt f\u00f6r ett ber\u00e4ttigat intresse hos oss.<br \/>\nBer\u00e4ttigade intressen \u00e4r i allm\u00e4nhet r\u00e4ttsliga (t.ex. insamling av utest\u00e5ende fordringar) eller kommersiell karakt\u00e4r (t.ex. undvikande av kontraktsbrott). Vi kan till exempel ha ansett att vi har ett ber\u00e4ttigat intresse f\u00f6r att kunna uppfylla v\u00e5ra skyldigheter gentemot dig och att administrera ditt kundkonto.<\/p>\n<p><strong>Anv\u00e4ndardata och internet<\/strong><br \/>\nOm Personuppgifter samlas in, bearbetas och anv\u00e4nds p\u00e5 webbplatser eller i appar m\u00e5ste de registrerade informeras om detta i ett integritetsutl\u00e5tande och i f\u00f6rekommande fall informeras om cookies. Integritetsutl\u00e5tanden och eventuell cookies information m\u00e5ste integreras s\u00e5 att de \u00e4r l\u00e4tta att identifiera, direkt tillg\u00e4ngliga och konsekvent tillg\u00e4ngliga f\u00f6r de registrerade. Om anv\u00e4ndningsprofiler (sp\u00e5rning) skapas f\u00f6r att utv\u00e4rdera anv\u00e4ndningen av webbplatser och appar, m\u00e5ste de registrerade alltid informeras i integritetsutl\u00e5tandet. Personlig sp\u00e5rning f\u00e5r endast utf\u00f6ras om det \u00e4r till\u00e5tet enligt nationell lagstiftning eller efter samtycke fr\u00e5n den registrerade. Om webbplatser eller appar kan f\u00e5 tillg\u00e5ng till Personuppgifter inom ett omr\u00e5de som \u00e4r begr\u00e4nsat till registrerade anv\u00e4ndare, m\u00e5ste identifieringen och godk\u00e4nnandet av den registrerade erbjuda tillr\u00e4ckligt skydd vid \u00e5tkomst.<\/p>\n<p><strong>Hur l\u00e4nge lagras Personuppgifter?<\/strong><br \/>\nDen information vi samlar om dig kommer att sparas under v\u00e5r aff\u00e4rsrelation med kunden. Vi kommer dock att ta bort din personliga information tre (3) \u00e5r fr\u00e5n n\u00e4r aff\u00e4rsrelationen avslutats. Observera att vissa uppgifter m\u00e5ste lagras under en l\u00e4ngre tid, \u00e4ven efter att ett aff\u00e4rsf\u00f6rh\u00e5llande har avslutats, n\u00e4r det kr\u00e4vs enligt nationell lagstiftning. S\u00e5dana krav kan exempelvis framg\u00e5 av skattelagstiftning eller bokf\u00f6ringslagar. Observera ocks\u00e5 att vissa dom\u00e4nnamnregistreringar ocks\u00e5 kr\u00e4ver att viss data lagras under en l\u00e4ngre tid.<\/p>\n<p>Ingen information om dig kommer att sparas l\u00e4ngre \u00e4n vad som \u00e4r n\u00f6dv\u00e4ndigt eller p\u00e5 ett s\u00e4tt som strider mot lagen.<\/p>\n<p><strong>Utgivande av personuppgifter<\/strong><br \/>\nVi har r\u00e4tt att anlita Underbitr\u00e4den f\u00f6r att Behandla Personuppgifter p\u00e5 dina v\u00e4gnar. Vi f\u00f6rbinder oss att informera dig om v\u00e5ra m\u00f6jliga planer p\u00e5 att anst\u00e4lla och\/eller ers\u00e4tta ett Underbitr\u00e4de, vilket ger dig m\u00f6jlighet att g\u00f6ra inv\u00e4ndningar mot s\u00e5dana \u00e4ndringar.<\/p>\n<p>Om vi anlitar Underbitr\u00e4den f\u00f6r att Behandla Personuppgifter p\u00e5 dina v\u00e4gnar, \u00e4r vi fullt ansvariga gentemot dig f\u00f6r s\u00e5dana Underbitr\u00e4den.<br \/>\nF\u00f6retag som Behandlar Personuppgifter p\u00e5 v\u00e5ra v\u00e4gnar kommer alltid att ing\u00e5 ett personuppgiftsbitr\u00e4desavtal med oss f\u00f6r att s\u00e4kerst\u00e4lla att en h\u00f6g skyddsniv\u00e5 f\u00f6r dina Personuppgifter uppr\u00e4tth\u00e5lls av v\u00e5ra partners. N\u00e4r det g\u00e4ller icke-EU\/EES-partners, tas s\u00e4rskilda skydds\u00e5tg\u00e4rder, exempelvis tecknandet av avtal som inneh\u00e5ller standardiserade klausuler f\u00f6r data\u00f6verf\u00f6ring som antagits av EU-kommissionen.<\/p>\n<p>Dina Personuppgifter kan ocks\u00e5 l\u00e4mnas ut till tredje part n\u00e4r (i) det kr\u00e4vs enligt lag, andra lagstadgade eller statliga beslut, eller (ii) information l\u00e4mnas till f\u00f6rs\u00e4kringsbolag, banker eller f\u00f6rm\u00e5nspartners enligt ovan.<br \/>\nVi kan ocks\u00e5 avsl\u00f6ja Personuppgifter till tredje part, till exempel polisen, skattemyndigheten eller n\u00e5gon annan myndighet, vid en brottsutredning eller om vi annars \u00e4r skyldiga att l\u00e4mna s\u00e5dan information utifr\u00e5n lag eller myndighetsbeslut.<br \/>\nVi kommer inte att avsl\u00f6ja dina Personuppgifter i n\u00e5gon annan m\u00e5n \u00e4n vad som beskrivs.<\/p>\n<p><strong>Dina r\u00e4ttigheter i enlighet med g\u00e4llande dataskyddslagar<\/strong><br \/>\nDu har r\u00e4tt att, i enlighet med g\u00e4llande dataskyddslagar, beg\u00e4ra tillg\u00e5ng till de Personuppgifter som Behandlas om dig n\u00e4r som helst. Du har ocks\u00e5 r\u00e4tt att f\u00e5 felaktiga Personuppgifter om dig korrigerade, beg\u00e4ra att vi raderar dina Personuppgifter, begr\u00e4nsa v\u00e5r Behandling av dina Personuppgifter, ut\u00f6va din r\u00e4tt till dataportabilitet och mots\u00e4tta dig Behandlingen av dina Personuppgifter.<br \/>\nN\u00e4r Behandlingen baseras p\u00e5 samtycke har du r\u00e4tt att \u00e5terkalla ditt samtycke till den Behandlingen n\u00e4r som helst. Du har ocks\u00e5 r\u00e4tt att n\u00e4r som helst l\u00e4mna in klagom\u00e5l hos en tillsynsmyndighet om du tror att dina Personuppgifter Behandlas i strid med till\u00e4mplig lagstiftning om dataskydd.<\/p>\n<p><strong>Cookies<\/strong><br \/>\nVi anv\u00e4nder cookies p\u00e5 denna webbplats. En cookie \u00e4r en liten del data som skickas fr\u00e5n en webbsida och som lagras i en anv\u00e4ndares webbl\u00e4sare, mobiltelefon, surfplatta eller annan enhet medan anv\u00e4ndaren surfar p\u00e5 webbsidan. En cookie kan hj\u00e4lpa webbsidans leverant\u00f6r att k\u00e4nna igen din enhet n\u00e4sta g\u00e5ng du bes\u00f6ker webbsidan, ge dig tillg\u00e5ng till vissa funktioner p\u00e5 webbsidan och\/eller registrera dina surfm\u00f6nster. Det finns annan teknik som pixel-taggar, webbuggar, webblagring och andra liknande filer och teknologi som kan ha samma funktioner som cookies. Vi anv\u00e4nder termen &#8222;cookies&#8220; f\u00f6r cookies och all s\u00e5dan liknande teknologi.<\/p>\n<p>Vi anv\u00e4nder b\u00e5de &#8222;persistent cookies&#8220; och &#8222;session cookies&#8220;. Medan persistent cookies kvarst\u00e5r p\u00e5 din dator under en l\u00e4ngre tid tas session cookies automatiskt bort n\u00e4r webbl\u00e4sarf\u00f6nstret \u00e4r st\u00e4ngt.[\/vc_column_text][\/vc_column][\/vc_row][vc_row][vc_column][vc_column_text][cookie_declaration][\/vc_column_text][\/vc_column][\/vc_row]<\/p>\n<\/div>","protected":false},"excerpt":{"rendered":"<p>[vc_row full_width=&#8220;stretch_row&#8220; el_id=&#8220;start_inside&#8220;][vc_column][vc_column_text] Integritetspolicy [\/vc_column_text][\/vc_column][\/vc_row][vc_row][vc_column][vc_empty_space height=&#8220;65px&#8220;][\/vc_column][\/vc_row][vc_row][vc_column width=&#8220;1\/2&#8243;][vc_column_text css=&#8220;&#8220;]Skyddet f\u00f6r dina personuppgifter \u00e4r av h\u00f6gsta vikt f\u00f6r oss. I integritetspolicyn kan du l\u00e4sa om hur vi behandlar dina personuppgifter och vilka r\u00e4ttigheter du har betr\u00e4ffande personuppgifter. Personuppgiftsansvarig Personuppgiftsansvarig f\u00f6r behandlingen av dina personuppgifter \u00e4r: Individens Trygghet Org nr: 930523-4693 Kulst\u00f6tareg\u00e5ngen 6 Bv 418 39 G\u00f6teborg Vilka [&hellip;]<\/p>\n","protected":false},"author":4,"featured_media":0,"parent":0,"menu_order":200,"comment_status":"closed","ping_status":"closed","template":"","meta":{"footnotes":""},"class_list":["post-554","page","type-page","status-publish","hentry"],"_links":{"self":[{"href":"https:\/\/individenstrygghet.se\/de\/wp-json\/wp\/v2\/pages\/554","targetHints":{"allow":["GET"]}}],"collection":[{"href":"https:\/\/individenstrygghet.se\/de\/wp-json\/wp\/v2\/pages"}],"about":[{"href":"https:\/\/individenstrygghet.se\/de\/wp-json\/wp\/v2\/types\/page"}],"author":[{"embeddable":true,"href":"https:\/\/individenstrygghet.se\/de\/wp-json\/wp\/v2\/users\/4"}],"replies":[{"embeddable":true,"href":"https:\/\/individenstrygghet.se\/de\/wp-json\/wp\/v2\/comments?post=554"}],"version-history":[{"count":1,"href":"https:\/\/individenstrygghet.se\/de\/wp-json\/wp\/v2\/pages\/554\/revisions"}],"predecessor-version":[{"id":555,"href":"https:\/\/individenstrygghet.se\/de\/wp-json\/wp\/v2\/pages\/554\/revisions\/555"}],"wp:attachment":[{"href":"https:\/\/individenstrygghet.se\/de\/wp-json\/wp\/v2\/media?parent=554"}],"curies":[{"name":"wp","href":"https:\/\/api.w.org\/{rel}","templated":true}]}}