{"id":719,"date":"2025-10-17T09:54:39","date_gmt":"2025-10-17T07:54:39","guid":{"rendered":"https:\/\/individenstrygghet.cmsp.se\/gesetz\/prislista\/"},"modified":"2025-11-28T15:34:03","modified_gmt":"2025-11-28T14:34:03","slug":"preisliste","status":"publish","type":"page","link":"https:\/\/individenstrygghet.se\/de\/juridik\/preisliste\/","title":{"rendered":"Preisliste"},"content":{"rendered":"<div class=\"wpb-content-wrapper\"><p>[vc_row full_width=&#8220;stretch_row&#8220; el_id=&#8220;start_inside&#8220; css=&#8220;.vc_custom_1757503179473{background-image: url(\/files\/juridik.png?id=282) !important;background-position: center !important;background-repeat: no-repeat !important;background-size: cover !important;}&#8220;][vc_column][vc_column_text css=&#8220;&#8220;]<\/p>\n<h1>Preisliste<\/h1>\n<p>[\/vc_column_text][\/vc_column][\/vc_row][vc_row][vc_column][vc_empty_space height=&#8220;60px&#8220;][\/vc_column][\/vc_row][vc_row][vc_column width=&#8220;1\/2&#8243;][vc_column_text css=&#8220;&#8220;]<\/p>\n<h2>Unsere Leistungen und Preise<\/h2>\n<table>\n<tbody>\n<tr>\n<td><strong>Einf\u00fchrendes Gespr\u00e4ch<\/strong><\/td>\n<td style=\"text-align: right;\">Kostenlos\/pro Stunde<\/td>\n<\/tr>\n<tr>\n<td><strong>Juristische Dienstleistungen im Familienrecht<\/strong><\/td>\n<td style=\"text-align: right;\">3.500 SEK zzgl. MwSt.\/pro Stunde<\/td>\n<\/tr>\n<tr>\n<td><strong>Rechtsberatung im Wirtschaftsrecht<\/strong><\/td>\n<td style=\"text-align: right;\">6.595 SEK zzgl. MwSt.\/pro Stunde<\/td>\n<\/tr>\n<tr>\n<td><strong>Hilfe bei Antr\u00e4gen\/Widerspr\u00fcchen an die Gemeinde oder die Sozialversicherung<\/strong><\/td>\n<td style=\"text-align: right;\">2.595 SEK zzgl. MwSt.\/pro Stunde<\/td>\n<\/tr>\n<tr>\n<td><strong>Hilfe bei der Erstellung eines Testaments<\/strong><\/td>\n<td style=\"text-align: right;\">3.495 SEK zzgl. MwSt.\/pro Stunde<\/td>\n<\/tr>\n<\/tbody>\n<\/table>\n<p>&nbsp;<\/p>\n<h3>Alle juristischen Dienstleistungen sind kostenlos, solange Sie Kunde bei Individens Trygghet sind.<\/h3>\n<p>Wenn Sie mehr \u00fcber die anderen von uns angebotenen juristischen Dienstleistungen erfahren m\u00f6chten, k\u00f6nnen Sie sich gerne an uns wenden.[\/vc_column_text][vc_btn title=&#8220;Kontaktieren Sie uns&#8220; css=&#8220;&#8220; link=&#8220;url:%2Fde%2Fkontakt%2F|title:Kontaktieren%20Sie%20uns&#8220;][\/vc_column][vc_column width=&#8220;1\/2&#8243;][\/vc_column][\/vc_row][vc_row][vc_column][vc_empty_space height=&#8220;60px&#8220;][\/vc_column][\/vc_row]<\/p>\n<\/div>","protected":false},"excerpt":{"rendered":"<p>[vc_row full_width=&#8220;stretch_row&#8220; el_id=&#8220;start_inside&#8220; css=&#8220;.vc_custom_1757503179473{background-image: url(\/files\/juridik.png?id=282) !important;background-position: center !important;background-repeat: no-repeat !important;background-size: cover !important;}&#8220;][vc_column][vc_column_text css=&#8220;&#8220;] Preisliste [\/vc_column_text][\/vc_column][\/vc_row][vc_row][vc_column][vc_empty_space height=&#8220;60px&#8220;][\/vc_column][\/vc_row][vc_row][vc_column width=&#8220;1\/2&#8243;][vc_column_text css=&#8220;&#8220;] Unsere Leistungen und Preise Einf\u00fchrendes Gespr\u00e4ch Kostenlos\/pro Stunde Juristische Dienstleistungen im Familienrecht 3.500 SEK zzgl. MwSt.\/pro Stunde Rechtsberatung im Wirtschaftsrecht 6.595 SEK zzgl. MwSt.\/pro Stunde Hilfe bei Antr\u00e4gen\/Widerspr\u00fcchen an die Gemeinde oder die Sozialversicherung 2.595 SEK zzgl. [&hellip;]<\/p>\n","protected":false},"author":2,"featured_media":0,"parent":474,"menu_order":0,"comment_status":"closed","ping_status":"closed","template":"","meta":{"footnotes":""},"class_list":["post-719","page","type-page","status-publish","hentry"],"_links":{"self":[{"href":"https:\/\/individenstrygghet.se\/de\/wp-json\/wp\/v2\/pages\/719","targetHints":{"allow":["GET"]}}],"collection":[{"href":"https:\/\/individenstrygghet.se\/de\/wp-json\/wp\/v2\/pages"}],"about":[{"href":"https:\/\/individenstrygghet.se\/de\/wp-json\/wp\/v2\/types\/page"}],"author":[{"embeddable":true,"href":"https:\/\/individenstrygghet.se\/de\/wp-json\/wp\/v2\/users\/2"}],"replies":[{"embeddable":true,"href":"https:\/\/individenstrygghet.se\/de\/wp-json\/wp\/v2\/comments?post=719"}],"version-history":[{"count":3,"href":"https:\/\/individenstrygghet.se\/de\/wp-json\/wp\/v2\/pages\/719\/revisions"}],"predecessor-version":[{"id":817,"href":"https:\/\/individenstrygghet.se\/de\/wp-json\/wp\/v2\/pages\/719\/revisions\/817"}],"up":[{"embeddable":true,"href":"https:\/\/individenstrygghet.se\/de\/wp-json\/wp\/v2\/pages\/474"}],"wp:attachment":[{"href":"https:\/\/individenstrygghet.se\/de\/wp-json\/wp\/v2\/media?parent=719"}],"curies":[{"name":"wp","href":"https:\/\/api.w.org\/{rel}","templated":true}]}}