{"id":460,"date":"2025-08-25T10:45:28","date_gmt":"2025-08-25T08:45:28","guid":{"rendered":"https:\/\/individenstrygghet.cmsp.se\/jobba-hos-oss\/"},"modified":"2025-10-16T13:01:23","modified_gmt":"2025-10-16T11:01:23","slug":"work-with-us","status":"publish","type":"page","link":"https:\/\/individenstrygghet.se\/en\/work-with-us\/","title":{"rendered":"Work with us"},"content":{"rendered":"<div class=\"wpb-content-wrapper\"><p>[vc_row full_width=&#8221;stretch_row&#8221; el_id=&#8221;start_inside&#8221; css=&#8221;.vc_custom_1757512434670{background-image: url(\/files\/individenstrygghet3.png?id=236) !important;background-position: center !important;background-repeat: no-repeat !important;background-size: cover !important;}&#8221;][vc_column][vc_column_text css=&#8221;&#8221;]<\/p>\n<h1>Work with us<\/h1>\n<p>[\/vc_column_text][\/vc_column][\/vc_row][vc_row][vc_column][vc_empty_space height=&#8221;60px&#8221;][\/vc_column][\/vc_row][vc_row][vc_column width=&#8221;1\/2&#8243;][vc_column_text css=&#8221;&#8221;]<\/p>\n<h2>Job openings<\/h2>\n<p>[\/vc_column_text][vc_raw_html css=&#8221;&#8221; el_class=&#8221;atlasvoice_no_read&#8221;]JTNDc2NyaXB0JTIwc3JjJTNEJTIyaHR0cHMlM0ElMkYlMkZzY3JpcHRzLnRlYW10YWlsb3ItY2RuLmNvbSUyRndpZGdldHMlMkZldS1waW5rJTJGam9icy5qcyUyMiUyMGFzeW5jJTIwY2hhcnNldCUzRCUyMnV0Zi04JTIyJTNFJTNDJTJGc2NyaXB0JTNFJTNDZGl2JTIwY2xhc3MlM0QlMjJ0ZWFtdGFpbG9yLWpvYnMtd2lkZ2V0JTIyJTIwZGF0YS10ZWFtdGFpbG9yLWxpbWl0JTNEJTIyMjAlMjIlMjBkYXRhLXRlYW10YWlsb3ItYXBpLWtleSUzRCUyMmd3bUJWSGJleUJtZmxYX2g2aWlWeVVnQ0g1NnRIbWV1MTVnbk5OSkQlMjIlM0UlM0MlMkZkaXYlM0U=[\/vc_raw_html][\/vc_column][vc_column width=&#8221;1\/2&#8243;][vc_column_text css=&#8221;&#8221;]<\/p>\n<h2>Spontaneous application<\/h2>\n<p>[\/vc_column_text][vc_column_text css=&#8221;&#8221;]<\/p>\n<div class=\"frm_forms  with_frm_style frm_style_formidables-stilmall\" id=\"frm_form_11_container\" data-token=\"5c04c872b8ceb2376382aa4480337c94\">\n<form enctype=\"multipart\/form-data\" method=\"post\" class=\"frm-show-form  frm_pro_form \" id=\"form_spontanansokan-en\" data-token=\"5c04c872b8ceb2376382aa4480337c94\">\n<div class=\"frm_form_fields \">\n<fieldset>\n<legend class=\"frm_screen_reader\">Spontanans\u00f6kan EN<\/legend>\r\n\r\n<div class=\"frm_fields_container\">\n<input type=\"hidden\" name=\"frm_action\" value=\"create\" \/>\n<input type=\"hidden\" name=\"form_id\" value=\"11\" \/>\n<input type=\"hidden\" name=\"frm_hide_fields_11\" id=\"frm_hide_fields_11\" value=\"\" \/>\n<input type=\"hidden\" name=\"form_key\" value=\"spontanansokan-en\" \/>\n<input type=\"hidden\" name=\"item_meta[0]\" value=\"\" \/>\n<input type=\"hidden\" id=\"frm_submit_entry_11\" name=\"frm_submit_entry_11\" value=\"6008ca30c2\" \/><input type=\"hidden\" name=\"_wp_http_referer\" value=\"\/en\/wp-json\/wp\/v2\/pages\/460\" \/><div id=\"frm_field_64_container\" class=\"frm_form_field form-field  frm_top_container\">\r\n\t<div  id=\"field_d2i2y3_label\" class=\"frm_primary_label\">Name\r\n\t\t<span class=\"frm_required\" aria-hidden=\"true\"><\/span>\r\n\t<\/div>\r\n\t<fieldset aria-labelledby=\"field_d2i2y3_label\">\n\t<legend class=\"frm_screen_reader frm_hidden\">\n\t\tName\t<\/legend>\n\n\t<div  class=\"frm_combo_inputs_container\" id=\"frm_combo_inputs_container_64\" data-name-layout=\"first_last\">\n\t\t\t\t\t<div\n\t\t\t\tid=\"frm_field_64-first_container\"\n\t\t\t\tclass=\"frm_form_field form-field frm_form_subfield-first  frm6\"\n\t\t\t\tdata-sub-field-name=\"first\"\n\t\t\t>\n\t\t\t\t<label for=\"field_d2i2y3_first\" class=\"frm_screen_reader frm_hidden\">\n\t\t\t\t\tFirst name\t\t\t\t<\/label>\n\n\t\t\t\t<input  type=\"text\" id=\"field_d2i2y3_first\" value=\"\" name=\"item_meta[64][first]\" autocomplete=\"given-name\" data-invmsg=\"Name is invalid\" aria-invalid=\"false\"  \/><div class=\"frm_description\" id=\"frm_field_64_first_desc\">First name<\/div>\t\t\t<\/div>\n\t\t\t\t\t\t<div\n\t\t\t\tid=\"frm_field_64-last_container\"\n\t\t\t\tclass=\"frm_form_field form-field frm_form_subfield-last  frm6\"\n\t\t\t\tdata-sub-field-name=\"last\"\n\t\t\t>\n\t\t\t\t<label for=\"field_d2i2y3_last\" class=\"frm_screen_reader frm_hidden\">\n\t\t\t\t\tLast name\t\t\t\t<\/label>\n\n\t\t\t\t<input  type=\"text\" id=\"field_d2i2y3_last\" value=\"\" name=\"item_meta[64][last]\" autocomplete=\"family-name\" data-invmsg=\"Name is invalid\" aria-invalid=\"false\"  \/><div class=\"frm_description\" id=\"frm_field_64_last_desc\">Last name<\/div>\t\t\t<\/div>\n\t\t\t\t<\/div>\n<\/fieldset>\n\r\n\t\r\n\t\r\n<\/div>\n<div id=\"frm_field_65_container\" class=\"frm_form_field form-field  frm_top_container\">\r\n\t<label for=\"field_raf7i3\" id=\"field_raf7i3_label\" class=\"frm_primary_label\">Email\r\n\t\t<span class=\"frm_required\" aria-hidden=\"true\"><\/span>\r\n\t<\/label>\r\n\t<input type=\"email\" id=\"field_raf7i3\" name=\"item_meta[65]\" value=\"\"  autocomplete=\"email\"  data-invmsg=\"Email \u00e4r ogiltigt\" aria-invalid=\"false\"  \/>\r\n\t\r\n\t\r\n<\/div>\n<div id=\"frm_field_66_container\" class=\"frm_form_field form-field  frm_top_container\">\r\n\t<label for=\"field_309fp3\" id=\"field_309fp3_label\" class=\"frm_primary_label\">Telephone\r\n\t\t<span class=\"frm_required\" aria-hidden=\"true\"><\/span>\r\n\t<\/label>\r\n\t<input type=\"tel\" id=\"field_309fp3\" name=\"item_meta[66]\" value=\"\"  data-invmsg=\"Telephone \u00e4r ogiltigt\" aria-invalid=\"false\" pattern=\"((\\+\\d{1,3}(-|.| )?\\(?\\d\\)?(-| |.)?\\d{1,5})|(\\(?\\d{2,6}\\)?))(-|.| )?(\\d{3,4})(-|.| )?(\\d{4})(( x| ext)\\d{1,5}){0,1}$\"  \/>\r\n\t\r\n\t\r\n<\/div>\n<div id=\"frm_field_67_container\" class=\"frm_form_field form-field  frm_top_container\">\r\n\t<label for=\"field_m9xz83\" id=\"field_m9xz83_label\" class=\"frm_primary_label\">About you\r\n\t\t<span class=\"frm_required\" aria-hidden=\"true\"><\/span>\r\n\t<\/label>\r\n\t<textarea name=\"item_meta[67]\" id=\"field_m9xz83\" rows=\"5\"  data-invmsg=\"About you \u00e4r ogiltigt\" aria-invalid=\"false\"  ><\/textarea>\r\n\t\r\n\t\r\n<\/div>\n<div id=\"frm_field_68_container\" class=\"frm_form_field form-field  frm_top_container\">\r\n\t<label for=\"field_cuzek3\" id=\"field_cuzek3_label\" class=\"frm_primary_label\">CV & other documents\r\n\t\t<span class=\"frm_required\" aria-hidden=\"true\"><\/span>\r\n\t<\/label>\r\n\t<input type=\"hidden\"  data-invmsg=\"CV &amp; other documents \u00e4r ogiltigt\" aria-invalid=\"false\"   name=\"item_meta[68][]\"  value=\"\" data-frmfile=\"68\" \/>\n\n<div class=\"frm_dropzone frm_multi_upload frm_clearfix\" id=\"file68_dropzone\" role=\"group\" >\n\t<div class=\"fallback\">\n\t\t<input type=\"file\" name=\"file68[]\" id=\"field_cuzek3\"\n\t\t\t data-frmfile=\"68\" multiple=\"multiple\"  data-invmsg=\"CV &amp; other documents \u00e4r ogiltigt\" aria-invalid=\"false\"  \t\t\t\/>\n\t\t\t\t<div class=\"frm_clearfix \"><\/div>\n\t<\/div>\n\t<div class=\"dz-message needsclick\">\n\t\t\t\t<svg  viewBox=\"0 0 18 18\" class=\"frmsvg frm-svg-icon\">\n\t<path viewBox=\"0 0 18 18\" fill-rule=\"evenodd\" clip-rule=\"evenodd\" d=\"M8.2 4v8a.8.8 0 001.5 0V4l2.1 2.2A.7.7 0 1013 5L9.5 1.7a.7.7 0 00-1.1 0L5.1 5.2a.8.8 0 001 1l2.1-2zm7.6 4.3c.4 0 .7.3.7.7v6.8c0 .4-.3.7-.8.7H2.3a.8.8 0 01-.8-.8V9A.8.8 0 013 9v6h12V9c0-.4.3-.8.8-.8z\"><\/path>\n<\/svg>\t\t<span class=\"frm_upload_text\"><button type=\"button\" aria-label=\"CV &amp; other documents. Sl\u00e4pp en fil h\u00e4r eller klicka f\u00f6r att ladda upp.. Maximum file size: 268.44MB\">Sl\u00e4pp en fil h\u00e4r eller klicka f\u00f6r att ladda upp.<\/button><\/span>\n\t\t<span class=\"frm_compact_text\"><button type=\"button\" aria-label=\"CV &amp; other documents. V\u00e4lj fil. Maximum file size: 268.44MB\">V\u00e4lj fil<\/button><\/span>\n\t\t<div class=\"frm_small_text\">\n\t\t\t<p>Maximum file size: 268.44MB<\/p>\n\t\t<\/div>\n\t<\/div>\n<\/div>\n\t\r\n\t\r\n\t\r\n<\/div>\n<div id=\"frm_field_69_container\" class=\"frm_form_field form-field  frm_required_field frm_top_container vertical_radio\">\r\n\t<div  id=\"field_3mk5y3_label\" class=\"frm_primary_label\">I agree to the processing of my personal data in accordance with the <a href=\"\/integritetspolicy\/\">privacy policy<\/a>.\r\n\t\t<span class=\"frm_required\" aria-hidden=\"true\">*<\/span>\r\n\t<\/div>\r\n\t<div class=\"frm_opt_container\" aria-labelledby=\"field_3mk5y3_label\" role=\"group\">\t\t<div class=\"frm_checkbox\" id=\"frm_checkbox_69-0\">\t\t\t<label  for=\"field_3mk5y3-0\">\n\t\t\t<input type=\"checkbox\" name=\"item_meta[69][]\" id=\"field_3mk5y3-0\" value=\"Yes\"  data-reqmsg=\"I agree to the processing of my personal data in accordance with the &lt;a href=&quot;\/integritetspolicy\/&quot;&gt;privacy policy&lt;\/a&gt;. kan inte vara tom.\" data-invmsg=\"I agree to the processing of my personal data in accordance with the &lt;a href=&quot;\/integritetspolicy\/&quot;&gt;privacy policy&lt;\/a&gt;. \u00e4r ogiltigt\"   aria-required=\"true\"  \/> Yes<\/label><\/div>\n<\/div>\r\n\t\r\n\t\r\n<\/div>\n<div id=\"frm_field_70_container\" class=\"frm_form_field form-field  frm_none_container\">\r\n\t<label for=\"g-recaptcha-response\" id=\"field_wk9x3_label\" class=\"frm_primary_label\">\r\n\t\t<span class=\"frm_required\" aria-hidden=\"true\"><\/span>\r\n\t<\/label>\r\n\t<div  id=\"field_wk9x3\" class=\"frm-g-recaptcha\" data-sitekey=\"6LfUnLkrAAAAAKetdm8uSPvgH7Yae0QjNyVG9Kt7\" data-size=\"invisible\" data-theme=\"light\"><\/div>\r\n\t\r\n\t\r\n<\/div>\n<div id=\"frm_field_71_container\" class=\"frm_form_field form-field \">\r\n\t<div class=\"frm_submit frm_flex\">\r\n<button class=\"frm_button_submit frm_final_submit\" type=\"submit\"   formnovalidate=\"formnovalidate\">Send<\/button>\r\n\r\n\r\n\r\n<\/div>\r\n<\/div>\n\t<input type=\"hidden\" name=\"item_key\" value=\"\" \/>\n\t\t\t<div id=\"frm_field_152_container\">\n\t\t\t<label for=\"field_my6zt\" >\n\t\t\t\tIf you are human, leave this field blank.\t\t\t<\/label>\n\t\t\t<input  id=\"field_my6zt\" type=\"text\" class=\"frm_form_field form-field frm_verify\" name=\"item_meta[152]\" value=\"\"  \/>\n\t\t<\/div>\n\t\t<input name=\"frm_state\" type=\"hidden\" value=\"mTnx3TtDQsD7tWyWGRtSctLD5sXSlVGmEKBILJU56aUO7Hf7Xz0UvlTzCTvKNmG8\" \/><\/div>\n<\/fieldset>\n<\/div>\n\n<\/form>\n<\/div>\n\n<p>[\/vc_column_text][\/vc_column][\/vc_row][vc_row][vc_column][vc_empty_space height=&#8221;60px&#8221;][\/vc_column][\/vc_row]<\/p>\n<\/div>","protected":false},"excerpt":{"rendered":"<p>[vc_row full_width=&#8221;stretch_row&#8221; el_id=&#8221;start_inside&#8221; css=&#8221;.vc_custom_1757512434670{background-image: url(\/files\/individenstrygghet3.png?id=236) !important;background-position: center !important;background-repeat: no-repeat !important;background-size: cover !important;}&#8221;][vc_column][vc_column_text css=&#8221;&#8221;] Work with us [\/vc_column_text][\/vc_column][\/vc_row][vc_row][vc_column][vc_empty_space height=&#8221;60px&#8221;][\/vc_column][\/vc_row][vc_row][vc_column width=&#8221;1\/2&#8243;][vc_column_text css=&#8221;&#8221;] Job openings [\/vc_column_text][vc_raw_html css=&#8221;&#8221; el_class=&#8221;atlasvoice_no_read&#8221;]JTNDc2NyaXB0JTIwc3JjJTNEJTIyaHR0cHMlM0ElMkYlMkZzY3JpcHRzLnRlYW10YWlsb3ItY2RuLmNvbSUyRndpZGdldHMlMkZldS1waW5rJTJGam9icy5qcyUyMiUyMGFzeW5jJTIwY2hhcnNldCUzRCUyMnV0Zi04JTIyJTNFJTNDJTJGc2NyaXB0JTNFJTNDZGl2JTIwY2xhc3MlM0QlMjJ0ZWFtdGFpbG9yLWpvYnMtd2lkZ2V0JTIyJTIwZGF0YS10ZWFtdGFpbG9yLWxpbWl0JTNEJTIyMjAlMjIlMjBkYXRhLXRlYW10YWlsb3ItYXBpLWtleSUzRCUyMmd3bUJWSGJleUJtZmxYX2g2aWlWeVVnQ0g1NnRIbWV1MTVnbk5OSkQlMjIlM0UlM0MlMkZkaXYlM0U=[\/vc_raw_html][\/vc_column][vc_column width=&#8221;1\/2&#8243;][vc_column_text css=&#8221;&#8221;] Spontaneous application [\/vc_column_text][vc_column_text css=&#8221;&#8221;] [\/vc_column_text][\/vc_column][\/vc_row][vc_row][vc_column][vc_empty_space height=&#8221;60px&#8221;][\/vc_column][\/vc_row]<\/p>\n","protected":false},"author":2,"featured_media":0,"parent":0,"menu_order":0,"comment_status":"closed","ping_status":"closed","template":"","meta":{"footnotes":""},"class_list":["post-460","page","type-page","status-publish","hentry"],"_links":{"self":[{"href":"https:\/\/individenstrygghet.se\/en\/wp-json\/wp\/v2\/pages\/460","targetHints":{"allow":["GET"]}}],"collection":[{"href":"https:\/\/individenstrygghet.se\/en\/wp-json\/wp\/v2\/pages"}],"about":[{"href":"https:\/\/individenstrygghet.se\/en\/wp-json\/wp\/v2\/types\/page"}],"author":[{"embeddable":true,"href":"https:\/\/individenstrygghet.se\/en\/wp-json\/wp\/v2\/users\/2"}],"replies":[{"embeddable":true,"href":"https:\/\/individenstrygghet.se\/en\/wp-json\/wp\/v2\/comments?post=460"}],"version-history":[{"count":5,"href":"https:\/\/individenstrygghet.se\/en\/wp-json\/wp\/v2\/pages\/460\/revisions"}],"predecessor-version":[{"id":708,"href":"https:\/\/individenstrygghet.se\/en\/wp-json\/wp\/v2\/pages\/460\/revisions\/708"}],"wp:attachment":[{"href":"https:\/\/individenstrygghet.se\/en\/wp-json\/wp\/v2\/media?parent=460"}],"curies":[{"name":"wp","href":"https:\/\/api.w.org\/{rel}","templated":true}]}}