{"id":435,"date":"2022-08-10T19:07:54","date_gmt":"2022-08-10T17:07:54","guid":{"rendered":"https:\/\/individenstrygghet.cmsp.se\/hem\/"},"modified":"2025-10-15T08:28:08","modified_gmt":"2025-10-15T06:28:08","slug":"hem","status":"publish","type":"page","link":"https:\/\/individenstrygghet.se\/no\/","title":{"rendered":"Hjem"},"content":{"rendered":"<div class=\"wpb-content-wrapper\"><p>[vc_section full_width=&raquo;stretch_row_content&raquo; el_id=&raquo;video-section&raquo;][vc_row full_width=&raquo;stretch_row_content_no_spaces&raquo;][vc_column][vc_raw_html css=&raquo;&raquo; el_class=&raquo;atlasvoice_no_read&raquo;]JTNDdmlkZW8lMjBwb3N0ZXIlM0QlMjJodHRwcyUzQSUyRiUyRnZjZG4uY21zY21zLnNlJTJGa3VuZGVyJTJGOTQwODg5MjMlMkZpbmRpdmlkZW5zdHJ5Z2doZXQtdmlkZW8yLm1wNCUyMiUyMHByZWxvYWQlM0QlMjJhdXRvJTIyJTIwcGxheXNpbmxpbmUlM0QlMjIlMjIlMjBhdXRvcGxheSUzRCUyMiUyMiUyMG11dGVkJTNEJTIyJTIyJTIwbG9vcCUzRCUyMiUyMiUyMHdpZHRoJTNEJTIyMTAwJTI1JTIyJTIwaGVpZ2h0JTNEJTIyYXV0byUyMiUzRSUwQSUzQ3NvdXJjZSUyMHNyYyUzRCUyMmh0dHBzJTNBJTJGJTJGdmNkbi5jbXNjbXMuc2UlMkZrdW5kZXIlMkY5NDA4ODkyMyUyRmluZGl2aWRlbnN0cnlnZ2hldC12aWRlbzIubXA0JTIyJTIwdHlwZSUzRCUyMnZpZGVvJTJGbXA0JTIyJTNFJTBBJTNDJTJGdmlkZW8lM0U=[\/vc_raw_html][\/vc_column][\/vc_row][vc_row el_id=&raquo;on-top-video&raquo; el_class=&raquo;white darker&raquo;][vc_column][vc_column_text css=&raquo;&raquo;]<\/p>\n<h2>Individens Trygghet<\/h2>\n<h1>Vi er her for deg og for din optimale trygghet gjennom hele livet.<\/h1>\n<h3>Velkommen til oss!<\/h3>\n<p>[\/vc_column_text][\/vc_column][\/vc_row][\/vc_section][vc_row][vc_column][vc_empty_space height=&raquo;60px&raquo;][\/vc_column][\/vc_row][vc_row][vc_column width=&raquo;1\/3&#8243;][vc_single_image image=&raquo;372&#8243; img_size=&raquo;full&raquo; css=&raquo;&raquo;][vc_column_text css=&raquo;&raquo;]<\/p>\n<h2>Om oss<\/h2>\n<p>[\/vc_column_text][vc_column_text css=&raquo;&raquo;]Individuell Trygghet er et assistansefirma grunnlagt i 2025 av Joakim Persson. V\u00e5r virksomhet er basert p\u00e5 n\u00e6rhet, engasjement og trygghet \u2013 b\u00e5de for v\u00e5re kunder og v\u00e5re ansatte.[\/vc_column_text][vc_btn title=&raquo;Les mer&raquo; css=&raquo;&raquo; link=&raquo;url:%2Fno%2Fom-oss%2F|title:Om%20oss&raquo;][\/vc_column][vc_column width=&raquo;1\/3&#8243;][vc_single_image image=&raquo;368&#8243; img_size=&raquo;full&raquo; css=&raquo;&raquo;][vc_column_text css=&raquo;&raquo;]<\/p>\n<h2>Personlig assistanse<\/h2>\n<p>[\/vc_column_text][vc_column_text css=&raquo;&raquo;]Personlig assistanse handler om at du skal kunne leve livet ditt slik du vil \u2013 med frihet, trygghet og deltakelse. For oss er det viktig at st\u00f8tten utformes etter dine behov og \u00f8nsker.[\/vc_column_text][vc_btn title=&raquo;Les mer&raquo; css=&raquo;&raquo; link=&raquo;url:%2Fno%2Fpersonlig-assistanse%2F|title:Personlig%20assistanse&raquo;][\/vc_column][vc_column width=&raquo;1\/3&#8243;][vc_single_image image=&raquo;378&#8243; img_size=&raquo;full&raquo; css=&raquo;&raquo;][vc_column_text css=&raquo;&raquo;]<\/p>\n<h2>Juridisk<\/h2>\n<p>[\/vc_column_text][vc_column_text css=&raquo;&raquo;]Hvis du allerede har en beslutning \u2013 hjelper vi deg med \u00e5 bytte selskap. Hvis du ikke har en beslutning \u2013 hjelper vi deg med \u00e5 s\u00f8ke. Vi hjelper deg med hvert steg, og den juridiske hjelpen er gratis.[\/vc_column_text][vc_btn title=&raquo;Les mer&raquo; css=&raquo;&raquo; link=&raquo;url:%2Fno%2Flov%2F|title:Lov&raquo;][\/vc_column][\/vc_row][vc_row][vc_column][vc_empty_space height=&raquo;60px&raquo;][\/vc_column][\/vc_row][vc_row full_width=&raquo;stretch_row&raquo; css=&raquo;.vc_custom_1760078973950{background-color: #222222 !important;}&raquo;][vc_column][vc_empty_space height=&raquo;60px&raquo;][vc_row_inner equal_height=&raquo;yes&raquo; content_placement=&raquo;middle&raquo;][vc_column_inner width=&raquo;1\/2&#8243;][vc_column_text css=&raquo;&raquo;]<\/p>\n<h2>Bli kunde<\/h2>\n<p>[\/vc_column_text][vc_column_text css=&raquo;&raquo;]Individuell Trygghet arrangerer personlig assistanse uavhengig av hvor gammel du er, hvor i Sverige du bor, hvilket spr\u00e5k du snakker, hvilken diagnose du har eller hvordan ditt behov for hjelp ser ut. Vi tilbyr assistanse basert p\u00e5 vedtak fra kommuner eller den svenske forsikringsmyndigheten. Sammen med deg og basert p\u00e5 dine behov, jobber vi for \u00e5 sikre at du f\u00e5r den trygge hjelpen du har krav p\u00e5.[\/vc_column_text][vc_btn title=&raquo;Les mer&raquo; align=&raquo;left&raquo; css=&raquo;&raquo; link=&raquo;url:%2Fno%2Fbli-kunde%2F|title:Bli%20kunde&raquo;][\/vc_column_inner][vc_column_inner width=&raquo;1\/2&#8243;][vc_single_image image=&raquo;240&#8243; img_size=&raquo;full&raquo; css=&raquo;&raquo;][\/vc_column_inner][\/vc_row_inner][vc_empty_space height=&raquo;60px&raquo;][\/vc_column][\/vc_row][vc_row][vc_column][vc_empty_space height=&raquo;60px&raquo;][\/vc_column][\/vc_row][vc_row][vc_column width=&raquo;1\/2&#8243;][vc_single_image image=&raquo;289&#8243; img_size=&raquo;full&raquo; css=&raquo;&raquo;][vc_column_text css=&raquo;&raquo;]<\/p>\n<h2>Jobb hos oss<\/h2>\n<p>[\/vc_column_text][vc_column_text css=&raquo;&raquo;]Er du interessert i \u00e5 jobbe hos oss? Sjekk ut de ledige stillingene og s\u00f8k p\u00e5 dem, eller send en spontan s\u00f8knad.[\/vc_column_text][vc_btn title=&raquo;Les mer&raquo; align=&raquo;left&raquo; css=&raquo;&raquo; link=&raquo;url:%2Fno%2Fjobb-hos-oss%2F|title:Jobb%20hos%20oss&raquo;][\/vc_column][vc_column width=&raquo;1\/2&#8243;][vc_single_image image=&raquo;292&#8243; img_size=&raquo;full&raquo; css=&raquo;&raquo;][vc_column_text css=&raquo;&raquo;]<\/p>\n<h2>Kontakt oss<\/h2>\n<p>[\/vc_column_text][vc_column_text css=&raquo;&raquo;]Har du sp\u00f8rsm\u00e5l om oss, v\u00e5r virksomhet, v\u00e5re tjenester, eller trenger du \u00e5 kontakte oss av en annen grunn? Finn kontaktinformasjonen v\u00e5r her.[\/vc_column_text][vc_btn title=&raquo;Kontakt oss&raquo; align=&raquo;left&raquo; css=&raquo;&raquo; link=&raquo;url:%2Fno%2Fkontakt-oss%2F|title:Kontakt%20oss&raquo;][\/vc_column][\/vc_row][vc_row][vc_column][vc_empty_space height=&raquo;60px&raquo;][\/vc_column][\/vc_row]<\/p>\n<\/div>","protected":false},"excerpt":{"rendered":"<p>[vc_section full_width=&raquo;stretch_row_content&raquo; el_id=&raquo;video-section&raquo;][vc_row full_width=&raquo;stretch_row_content_no_spaces&raquo;][vc_column][vc_raw_html css=&raquo;&raquo; el_class=&raquo;atlasvoice_no_read&raquo;]JTNDdmlkZW8lMjBwb3N0ZXIlM0QlMjJodHRwcyUzQSUyRiUyRnZjZG4uY21zY21zLnNlJTJGa3VuZGVyJTJGOTQwODg5MjMlMkZpbmRpdmlkZW5zdHJ5Z2doZXQtdmlkZW8yLm1wNCUyMiUyMHByZWxvYWQlM0QlMjJhdXRvJTIyJTIwcGxheXNpbmxpbmUlM0QlMjIlMjIlMjBhdXRvcGxheSUzRCUyMiUyMiUyMG11dGVkJTNEJTIyJTIyJTIwbG9vcCUzRCUyMiUyMiUyMHdpZHRoJTNEJTIyMTAwJTI1JTIyJTIwaGVpZ2h0JTNEJTIyYXV0byUyMiUzRSUwQSUzQ3NvdXJjZSUyMHNyYyUzRCUyMmh0dHBzJTNBJTJGJTJGdmNkbi5jbXNjbXMuc2UlMkZrdW5kZXIlMkY5NDA4ODkyMyUyRmluZGl2aWRlbnN0cnlnZ2hldC12aWRlbzIubXA0JTIyJTIwdHlwZSUzRCUyMnZpZGVvJTJGbXA0JTIyJTNFJTBBJTNDJTJGdmlkZW8lM0U=[\/vc_raw_html][\/vc_column][\/vc_row][vc_row el_id=&raquo;on-top-video&raquo; el_class=&raquo;white darker&raquo;][vc_column][vc_column_text css=&raquo;&raquo;] Individens Trygghet Vi er her for deg og for din optimale trygghet gjennom hele livet. Velkommen til oss! [\/vc_column_text][\/vc_column][\/vc_row][\/vc_section][vc_row][vc_column][vc_empty_space height=&raquo;60px&raquo;][\/vc_column][\/vc_row][vc_row][vc_column width=&raquo;1\/3&#8243;][vc_single_image image=&raquo;372&#8243; img_size=&raquo;full&raquo; css=&raquo;&raquo;][vc_column_text css=&raquo;&raquo;] Om oss [\/vc_column_text][vc_column_text css=&raquo;&raquo;]Individuell Trygghet er et assistansefirma grunnlagt i 2025 av Joakim Persson. V\u00e5r virksomhet er basert p\u00e5 n\u00e6rhet, [&hellip;]<\/p>\n","protected":false},"author":2,"featured_media":0,"parent":0,"menu_order":1,"comment_status":"closed","ping_status":"closed","template":"","meta":{"footnotes":""},"class_list":["post-435","page","type-page","status-publish","hentry"],"_links":{"self":[{"href":"https:\/\/individenstrygghet.se\/no\/wp-json\/wp\/v2\/pages\/435","targetHints":{"allow":["GET"]}}],"collection":[{"href":"https:\/\/individenstrygghet.se\/no\/wp-json\/wp\/v2\/pages"}],"about":[{"href":"https:\/\/individenstrygghet.se\/no\/wp-json\/wp\/v2\/types\/page"}],"author":[{"embeddable":true,"href":"https:\/\/individenstrygghet.se\/no\/wp-json\/wp\/v2\/users\/2"}],"replies":[{"embeddable":true,"href":"https:\/\/individenstrygghet.se\/no\/wp-json\/wp\/v2\/comments?post=435"}],"version-history":[{"count":4,"href":"https:\/\/individenstrygghet.se\/no\/wp-json\/wp\/v2\/pages\/435\/revisions"}],"predecessor-version":[{"id":618,"href":"https:\/\/individenstrygghet.se\/no\/wp-json\/wp\/v2\/pages\/435\/revisions\/618"}],"wp:attachment":[{"href":"https:\/\/individenstrygghet.se\/no\/wp-json\/wp\/v2\/media?parent=435"}],"curies":[{"name":"wp","href":"https:\/\/api.w.org\/{rel}","templated":true}]}}