{"id":453,"date":"2025-08-25T09:51:56","date_gmt":"2025-08-25T07:51:56","guid":{"rendered":"https:\/\/individenstrygghet.cmsp.se\/bli-kund\/"},"modified":"2025-10-15T14:53:51","modified_gmt":"2025-10-15T12:53:51","slug":"bli-kunde","status":"publish","type":"page","link":"https:\/\/individenstrygghet.se\/no\/bli-kunde\/","title":{"rendered":"Bli kunde"},"content":{"rendered":"<div class=\"wpb-content-wrapper\"><p>[vc_row full_width=&raquo;stretch_row&raquo; el_id=&raquo;start_inside&raquo; css=&raquo;.vc_custom_1757512167446{background-image: url(\/files\/individenstrygghet.png?id=289) !important;background-position: center !important;background-repeat: no-repeat !important;background-size: cover !important;}&raquo;][vc_column][vc_column_text css=&raquo;&raquo;]<\/p>\n<h1>Bli kunde<\/h1>\n<p>[\/vc_column_text][\/vc_column][\/vc_row][vc_row][vc_column][vc_empty_space height=&raquo;60px&raquo;][\/vc_column][\/vc_row][vc_row][vc_column][vc_column_text css=&raquo;&raquo;]<\/p>\n<h2>Slik blir du kunde hos oss<\/h2>\n<p>[\/vc_column_text][vc_row_inner][vc_column_inner width=&raquo;1\/4&#8243;][vc_column_text css=&raquo;&raquo;]<\/p>\n<h3>1. F\u00f8rste kontakt \u2013 uten krav<\/h3>\n<p>Vurderer du \u00e5 bytte assistanseselskap eller kanskje trenger du personlig assistanse og \u00f8nsker \u00e5 bli kunde hos Individuens Trygghet? Kontakt enten din lokale informasjonsansvarlige eller v\u00e5rt sentralbord, s\u00e5 hjelper vi deg.[\/vc_column_text][\/vc_column_inner][vc_column_inner width=&raquo;1\/4&#8243;][vc_column_text css=&raquo;&raquo;]<\/p>\n<h3>2. Samtale om dine behov og \u00f8nsker<\/h3>\n<p>Den lokale informasjonsansvarlige inviterer deg til et m\u00f8te og blir enige om hvordan vi best kan im\u00f8tekomme dine \u00f8nsker og behov. Vi skreddersyr din assistanse og gj\u00f8r alt for at du f\u00e5r det du trenger.[\/vc_column_text][\/vc_column_inner][vc_column_inner width=&raquo;1\/4&#8243;][vc_column_text css=&raquo;&raquo;]<\/p>\n<h3>3. Din beslutning<\/h3>\n<p>N\u00e5r du har bestemt deg for \u00e5 velge Individuens Trygghet som ditt assistanseselskap eller \u00e5 s\u00f8ke om personlig assistanse, signerer vi en avtale og st\u00f8tter deg gjennom alle deler. Vi hjelper deg med alt det praktiske fra starten av.[\/vc_column_text][\/vc_column_inner][vc_column_inner width=&raquo;1\/4&#8243;][vc_column_text css=&raquo;&raquo;]<\/p>\n<h3>4. Din oppstart \u2013 din assistanse<\/h3>\n<p>Du kan f\u00f8le deg trygg p\u00e5 at vi leverer en fleksibel oppstart. Vi tar oss av alt fra dag \u00e9n. Vi ansetter assistenter ved behov, du f\u00e5r ditt eget team for administrasjonen og tilgang til din egen advokat som kan alt om personlig assistanse og mer til.[\/vc_column_text][\/vc_column_inner][\/vc_row_inner][\/vc_column][\/vc_row][vc_row][vc_column][vc_empty_space height=&raquo;60px&raquo;][\/vc_column][\/vc_row][vc_row][vc_column][vc_column_text css=&raquo;&raquo;]<\/p>\n<h2>Du kan alltid velge Individens Trygghet<\/h2>\n<p>[\/vc_column_text][vc_column_text css=&raquo;&raquo;]Individens Trygghet ordner personlig assistanse uansett hvor gammel du er, hvor i Sverige du bor, hvilket spr\u00e5k du snakker, hvilken diagnose du har eller hvordan ditt behov for hjelp ser ut. Vi tilbyr bistand basert p\u00e5 vedtak fra kommuner eller den svenske forsikringsmyndigheten. Sammen med deg og basert p\u00e5 dine behov, jobber vi for \u00e5 sikre at du f\u00e5r den trygge bistanden du har krav p\u00e5.[\/vc_column_text][vc_row_inner][vc_column_inner width=&raquo;1\/2&#8243;][vc_column_text css=&raquo;&raquo;]<\/p>\n<h3>Hvis du allerede har en beslutning \u2013 hjelper vi deg med \u00e5 bytte selskap<\/h3>\n<p>Det er enkelt \u00e5 velge Individens Trygghet som din bistandsarrang\u00f8r. Vi skriver en kundeavtale og en fullmakt, deretter administrerer vi endringen for deg. Vi hjelper deg med alt, fra \u00e5 si opp din n\u00e5v\u00e6rende arrang\u00f8r til \u00e5 kontakte myndighetene.<\/p>\n<p>Sammen avtaler vi en oppstartsdato. Deretter begynner vi umiddelbart \u00e5 planlegge bistanden din for \u00e5 gi deg og dine assistenter de beste forutsetningene for en trygg oppstart.[\/vc_column_text][\/vc_column_inner][vc_column_inner width=&raquo;1\/2&#8243;][vc_column_text css=&raquo;&raquo;]<\/p>\n<h3>Hvis du ikke har en avgj\u00f8relse \u2013 hjelper vi deg med \u00e5 s\u00f8ke<\/h3>\n<p>Det er enkelt \u00e5 f\u00e5 hjelp av Individuens Trygghets advokat n\u00e5r du s\u00f8ker om personlig assistanse. Vi skriver en fullmakt og hjelper deg gjennom hele s\u00f8knadsprosessen. Du f\u00e5r hjelp med alt fra \u00e5 sammenstille ditt assistansebehov, hvilke attester som trengs til \u00e5 skrive en s\u00f8knad til kommunen eller Trygdeetaten. For din sikkerhet vil v\u00e5r advokat ogs\u00e5 delta p\u00e5 m\u00f8ter med saksbehandlere. Alt for \u00e5 sikre at du f\u00e5r riktig avgj\u00f8relse om assistanse.<\/p>\n<p>Den juridiske bistanden er gratis, forutsatt at du velger Individuens Trygghet som assistansearrang\u00f8r ved et positivt avgj\u00f8relse.[\/vc_column_text][\/vc_column_inner][\/vc_row_inner][\/vc_column][\/vc_row][vc_row][vc_column][vc_empty_space height=&raquo;60px&raquo;][\/vc_column][\/vc_row][vc_row][vc_column][vc_column_text css=&raquo;&raquo;]<\/p>\n<h2>Interessemelding<\/h2>\n<p>[\/vc_column_text][vc_column_text css=&raquo;&raquo;]V\u00e5re kunders sikkerhet og frihet er alltid i fokus. Vi er p\u00e5 vakt d\u00f8gnet rundt. Vi hjelper med alt fra rekruttering og administrasjon til juridisk st\u00f8tte. V\u00e5rt oppdrag er \u00e5 forenkle livet ditt \u2013 \u00e5 hjelpe deg med \u00e5 finne din hverdagsflyt. Ta kontakt med oss \u200b\u200bved \u00e5 fylle ut skjemaet.[\/vc_column_text][vc_column_text css=&raquo;&raquo;]<\/p>\n<div class=\"frm_forms  with_frm_style frm_style_formidables-stilmall\" id=\"frm_form_16_container\" data-token=\"4e8f083379dd5b517412b76d694466a1\">\n<form enctype=\"multipart\/form-data\" method=\"post\" class=\"frm-show-form  frm_pro_form \" id=\"form_intresseanmalan-bli-kund-no\" data-token=\"4e8f083379dd5b517412b76d694466a1\">\n<div class=\"frm_form_fields \">\n<fieldset>\n<legend class=\"frm_screen_reader\">Intresseanm\u00e4lan (Bli kund) NO<\/legend>\r\n\r\n<div class=\"frm_fields_container\">\n<input type=\"hidden\" name=\"frm_action\" value=\"create\" \/>\n<input type=\"hidden\" name=\"form_id\" value=\"16\" \/>\n<input type=\"hidden\" name=\"frm_hide_fields_16\" id=\"frm_hide_fields_16\" value=\"\" \/>\n<input type=\"hidden\" name=\"form_key\" value=\"intresseanmalan-bli-kund-no\" \/>\n<input type=\"hidden\" name=\"item_meta[0]\" value=\"\" \/>\n<input type=\"hidden\" id=\"frm_submit_entry_16\" name=\"frm_submit_entry_16\" value=\"d56e2e7928\" \/><input type=\"hidden\" name=\"_wp_http_referer\" value=\"\/no\/wp-json\/wp\/v2\/pages\/453\" \/><div id=\"frm_field_99_container\" class=\"frm_form_field form-field  frm_top_container\">\r\n\t<div  id=\"field_knlkx5_label\" class=\"frm_primary_label\">Navn\r\n\t\t<span class=\"frm_required\" aria-hidden=\"true\"><\/span>\r\n\t<\/div>\r\n\t<fieldset aria-labelledby=\"field_knlkx5_label\">\n\t<legend class=\"frm_screen_reader frm_hidden\">\n\t\tNavn\t<\/legend>\n\n\t<div  class=\"frm_combo_inputs_container\" id=\"frm_combo_inputs_container_99\" data-name-layout=\"first_last\">\n\t\t\t\t\t<div\n\t\t\t\tid=\"frm_field_99-first_container\"\n\t\t\t\tclass=\"frm_form_field form-field frm_form_subfield-first  frm6\"\n\t\t\t\tdata-sub-field-name=\"first\"\n\t\t\t>\n\t\t\t\t<label for=\"field_knlkx5_first\" class=\"frm_screen_reader frm_hidden\">\n\t\t\t\t\tFornavn\t\t\t\t<\/label>\n\n\t\t\t\t<input  type=\"text\" id=\"field_knlkx5_first\" value=\"\" name=\"item_meta[99][first]\" autocomplete=\"given-name\" data-invmsg=\"Navn is invalid\" aria-invalid=\"false\"  \/><div class=\"frm_description\" id=\"frm_field_99_first_desc\">Fornavn<\/div>\t\t\t<\/div>\n\t\t\t\t\t\t<div\n\t\t\t\tid=\"frm_field_99-last_container\"\n\t\t\t\tclass=\"frm_form_field form-field frm_form_subfield-last  frm6\"\n\t\t\t\tdata-sub-field-name=\"last\"\n\t\t\t>\n\t\t\t\t<label for=\"field_knlkx5_last\" class=\"frm_screen_reader frm_hidden\">\n\t\t\t\t\tEtternavn\t\t\t\t<\/label>\n\n\t\t\t\t<input  type=\"text\" id=\"field_knlkx5_last\" value=\"\" name=\"item_meta[99][last]\" autocomplete=\"family-name\" data-invmsg=\"Navn is invalid\" aria-invalid=\"false\"  \/><div class=\"frm_description\" id=\"frm_field_99_last_desc\">Etternavn<\/div>\t\t\t<\/div>\n\t\t\t\t<\/div>\n<\/fieldset>\n\r\n\t\r\n\t\r\n<\/div>\n<div id=\"frm_field_100_container\" class=\"frm_form_field form-field  frm_top_container\">\r\n\t<label for=\"field_u7cyq5\" id=\"field_u7cyq5_label\" class=\"frm_primary_label\">E-post\r\n\t\t<span class=\"frm_required\" aria-hidden=\"true\"><\/span>\r\n\t<\/label>\r\n\t<input type=\"email\" id=\"field_u7cyq5\" name=\"item_meta[100]\" value=\"\"  autocomplete=\"email\"  data-invmsg=\"E-post \u00e4r ogiltigt\" aria-invalid=\"false\"  \/>\r\n\t\r\n\t\r\n<\/div>\n<div id=\"frm_field_101_container\" class=\"frm_form_field form-field  frm_top_container\">\r\n\t<label for=\"field_3bvsw5\" id=\"field_3bvsw5_label\" class=\"frm_primary_label\">Telefon\r\n\t\t<span class=\"frm_required\" aria-hidden=\"true\"><\/span>\r\n\t<\/label>\r\n\t<input type=\"tel\" id=\"field_3bvsw5\" name=\"item_meta[101]\" value=\"\"  data-invmsg=\"Telefon \u00e4r ogiltigt\" aria-invalid=\"false\" pattern=\"((\\+\\d{1,3}(-|.| )?\\(?\\d\\)?(-| |.)?\\d{1,5})|(\\(?\\d{2,6}\\)?))(-|.| )?(\\d{3,4})(-|.| )?(\\d{4})(( x| ext)\\d{1,5}){0,1}$\"  \/>\r\n\t\r\n\t\r\n<\/div>\n<div id=\"frm_field_102_container\" class=\"frm_form_field form-field  frm_top_container\">\r\n\t<label for=\"field_i32ha5\" id=\"field_i32ha5_label\" class=\"frm_primary_label\">Beskrivelse av deg selv og dine behov\r\n\t\t<span class=\"frm_required\" aria-hidden=\"true\"><\/span>\r\n\t<\/label>\r\n\t<textarea name=\"item_meta[102]\" id=\"field_i32ha5\" rows=\"5\"  data-invmsg=\"Beskrivelse av deg selv og dine behov \u00e4r ogiltigt\" aria-invalid=\"false\"  ><\/textarea>\r\n\t\r\n\t\r\n<\/div>\n<div id=\"frm_field_103_container\" class=\"frm_form_field form-field  frm_required_field frm_top_container vertical_radio\">\r\n\t<div  id=\"field_sp9085_label\" class=\"frm_primary_label\">Jeg samtykker i behandlingen av mine personopplysninger i samsvar med <a href=\"\/integritetspolicy\/\">personvernerkl\u00e6ringen.<\/a>.\r\n\t\t<span class=\"frm_required\" aria-hidden=\"true\">*<\/span>\r\n\t<\/div>\r\n\t<div class=\"frm_opt_container\" aria-labelledby=\"field_sp9085_label\" role=\"group\">\t\t<div class=\"frm_checkbox\" id=\"frm_checkbox_103-0\">\t\t\t<label  for=\"field_sp9085-0\">\n\t\t\t<input type=\"checkbox\" name=\"item_meta[103][]\" id=\"field_sp9085-0\" value=\"Ja\"  data-reqmsg=\"Jeg samtykker i behandlingen av mine personopplysninger i samsvar med &lt;a href=&quot;\/integritetspolicy\/&quot;&gt;personvernerkl\u00e6ringen.&lt;\/a&gt;. kan inte vara tom.\" data-invmsg=\"Jeg samtykker i behandlingen av mine personopplysninger i samsvar med &lt;a href=&quot;\/integritetspolicy\/&quot;&gt;personvernerkl\u00e6ringen.&lt;\/a&gt;. \u00e4r ogiltigt\"   aria-required=\"true\"  \/> Ja<\/label><\/div>\n<\/div>\r\n\t\r\n\t\r\n<\/div>\n<div id=\"frm_field_104_container\" class=\"frm_form_field form-field  frm_none_container\">\r\n\t<label for=\"g-recaptcha-response\" id=\"field_gvbfu5_label\" class=\"frm_primary_label\">\r\n\t\t<span class=\"frm_required\" aria-hidden=\"true\"><\/span>\r\n\t<\/label>\r\n\t<div  id=\"field_gvbfu5\" class=\"frm-g-recaptcha\" data-sitekey=\"6LfUnLkrAAAAAKetdm8uSPvgH7Yae0QjNyVG9Kt7\" data-size=\"invisible\" data-theme=\"light\"><\/div>\r\n\t\r\n\t\r\n<\/div>\n<div id=\"frm_field_105_container\" class=\"frm_form_field form-field \">\r\n\t<div class=\"frm_submit frm_flex\">\r\n<button class=\"frm_button_submit frm_final_submit\" type=\"submit\"   formnovalidate=\"formnovalidate\">Send<\/button>\r\n\r\n\r\n\r\n<\/div>\r\n<\/div>\n\t<input type=\"hidden\" name=\"item_key\" value=\"\" \/>\n\t\t\t<div id=\"frm_field_152_container\">\n\t\t\t<label for=\"field_5v35j\" >\n\t\t\t\tIf you are human, leave this field blank.\t\t\t<\/label>\n\t\t\t<input  id=\"field_5v35j\" type=\"text\" class=\"frm_form_field form-field frm_verify\" name=\"item_meta[152]\" value=\"\"  \/>\n\t\t<\/div>\n\t\t<input name=\"frm_state\" type=\"hidden\" value=\"mTnx3TtDQsD7tWyWGRtScvecxJrWNF+OzvQW3tsuRd4O7Hf7Xz0UvlTzCTvKNmG8\" \/><\/div>\n<\/fieldset>\n<\/div>\n\n<\/form>\n<\/div>\n\n<p>[\/vc_column_text][\/vc_column][\/vc_row][vc_row][vc_column][vc_empty_space height=&raquo;60px&raquo;][\/vc_column][\/vc_row]<\/p>\n<\/div>","protected":false},"excerpt":{"rendered":"<p>[vc_row full_width=&raquo;stretch_row&raquo; el_id=&raquo;start_inside&raquo; css=&raquo;.vc_custom_1757512167446{background-image: url(\/files\/individenstrygghet.png?id=289) !important;background-position: center !important;background-repeat: no-repeat !important;background-size: cover !important;}&raquo;][vc_column][vc_column_text css=&raquo;&raquo;] Bli kunde [\/vc_column_text][\/vc_column][\/vc_row][vc_row][vc_column][vc_empty_space height=&raquo;60px&raquo;][\/vc_column][\/vc_row][vc_row][vc_column][vc_column_text css=&raquo;&raquo;] Slik blir du kunde hos oss [\/vc_column_text][vc_row_inner][vc_column_inner width=&raquo;1\/4&#8243;][vc_column_text css=&raquo;&raquo;] 1. F\u00f8rste kontakt \u2013 uten krav Vurderer du \u00e5 bytte assistanseselskap eller kanskje trenger du personlig assistanse og \u00f8nsker \u00e5 bli kunde hos Individuens Trygghet? Kontakt enten din [&hellip;]<\/p>\n","protected":false},"author":2,"featured_media":0,"parent":0,"menu_order":0,"comment_status":"closed","ping_status":"closed","template":"","meta":{"footnotes":""},"class_list":["post-453","page","type-page","status-publish","hentry"],"_links":{"self":[{"href":"https:\/\/individenstrygghet.se\/no\/wp-json\/wp\/v2\/pages\/453","targetHints":{"allow":["GET"]}}],"collection":[{"href":"https:\/\/individenstrygghet.se\/no\/wp-json\/wp\/v2\/pages"}],"about":[{"href":"https:\/\/individenstrygghet.se\/no\/wp-json\/wp\/v2\/types\/page"}],"author":[{"embeddable":true,"href":"https:\/\/individenstrygghet.se\/no\/wp-json\/wp\/v2\/users\/2"}],"replies":[{"embeddable":true,"href":"https:\/\/individenstrygghet.se\/no\/wp-json\/wp\/v2\/comments?post=453"}],"version-history":[{"count":4,"href":"https:\/\/individenstrygghet.se\/no\/wp-json\/wp\/v2\/pages\/453\/revisions"}],"predecessor-version":[{"id":661,"href":"https:\/\/individenstrygghet.se\/no\/wp-json\/wp\/v2\/pages\/453\/revisions\/661"}],"wp:attachment":[{"href":"https:\/\/individenstrygghet.se\/no\/wp-json\/wp\/v2\/media?parent=453"}],"curies":[{"name":"wp","href":"https:\/\/api.w.org\/{rel}","templated":true}]}}