{"id":477,"date":"2025-08-25T11:02:01","date_gmt":"2025-08-25T09:02:01","guid":{"rendered":"https:\/\/individenstrygghet.cmsp.se\/juridik\/"},"modified":"2025-10-15T14:45:56","modified_gmt":"2025-10-15T12:45:56","slug":"lov","status":"publish","type":"page","link":"https:\/\/individenstrygghet.se\/no\/lov\/","title":{"rendered":"Lov"},"content":{"rendered":"<div class=\"wpb-content-wrapper\"><p>[vc_row full_width=&raquo;stretch_row&raquo; el_id=&raquo;start_inside&raquo; css=&raquo;.vc_custom_1757503179473{background-image: url(\/files\/juridik.png?id=282) !important;background-position: center !important;background-repeat: no-repeat !important;background-size: cover !important;}&raquo;][vc_column][vc_column_text css=&raquo;&raquo;]<\/p>\n<h1>Lov<\/h1>\n<p>[\/vc_column_text][\/vc_column][\/vc_row][vc_row][vc_column][vc_empty_space height=&raquo;60px&raquo;][\/vc_column][\/vc_row][vc_row][vc_column width=&raquo;1\/2&#8243;][vc_column_text css=&raquo;&raquo;]<\/p>\n<h3>Lov om st\u00f8tte og service til visse funksjonshemmede \u2013 LSS<\/h3>\n<p>Hvis du har en funksjonsnedsettelse, har du rett til \u00e5 s\u00f8ke om st\u00f8tte for \u00e5 kunne leve et s\u00e5 godt og selvstendig liv som mulig. Dette er form\u00e5let med loven om st\u00f8tte og service til visse funksjonshemmede, LSS.<\/p>\n<p>Retten til et godt og selvstendig liv omfatter for eksempel at du skal ha mulighet til \u00e5 jobbe, studere eller ha et annet meningsfullt yrke. Du skal ogs\u00e5 kunne delta i samfunnslivet. For eksempel skal du kunne delta i et bredt spekter av kultur- og fritidsaktiviteter p\u00e5 samme vilk\u00e5r som andre.[\/vc_column_text][vc_column_text css=&raquo;&raquo;]<\/p>\n<h4>Kommunens ansvar<\/h4>\n<p>Det er prim\u00e6rt kommunen som har ansvaret for at LSS f\u00f8lges. Kommunen skal unders\u00f8ke dine behov og tilby den st\u00f8tten og tjenesten du trenger.<\/p>\n<p>Du skal kunne delta i hvordan st\u00f8tten utformes og n\u00e5r den implementeres. Du har rett til tolkning slik at du kan forst\u00e5 informasjonen hvis du trenger det.[\/vc_column_text][vc_column_text css=&raquo;&raquo;]<\/p>\n<h4>Barn skal involveres<\/h4>\n<p>Hvis det er et barn som trenger hjelp, er det viktig at barnet f\u00e5r informasjon som det forst\u00e5r. Det skal v\u00e6re mulig for barnet \u00e5 delta og uttrykke sine egne tanker og \u00f8nsker. De som tar avgj\u00f8relser m\u00e5 finne ut hva som er barnets beste interesser og ta hensyn til dette n\u00e5r de bestemmer hvilken st\u00f8tte som trengs.[\/vc_column_text][vc_column_text css=&raquo;&raquo;]<\/p>\n<h4>Tre grupper som dekkes av LSS<\/h4>\n<ul>\n<li>LSS beskriver hvilke personer som er dekket av loven. Du kan s\u00f8ke om st\u00f8tte hvis du tilh\u00f8rer en av f\u00f8lgende grupper:<\/li>\n<li>Du har en utviklingshemming, autisme eller en autismelignende tilstand.<\/li>\n<li>Du har betydelig og varig utviklingshemming etter en hjerneskade i voksen alder for\u00e5rsaket av vold eller fysisk sykdom.<\/li>\n<li>Du har andre store varige fysiske eller psykiske funksjonshemminger som \u00e5penbart ikke skyldes normal aldring. Dette betyr at du har store problemer med \u00e5 klare hverdagsting p\u00e5 egenh\u00e5nd. For eksempel kan du ha problemer med \u00e5 kle p\u00e5 deg, lage mat, bevege deg rundt eller kommunisere med andre.<\/li>\n<\/ul>\n<p>[\/vc_column_text][vc_column_text css=&raquo;&raquo;]<\/p>\n<h4>Personlig assistanse<\/h4>\n<p>Du kan s\u00f8ke om personlig assistanse fra kommunen eller Trygdeetaten. Du kan gj\u00f8re dette hvis du har en funksjonshemming som betyr at du trenger hjelp med det som kalles grunnleggende behov. Dette kan for eksempel v\u00e6re hjelp med personlig hygiene, spising, p\u00e5kledning og avkledning, eller kommunisering med andre.[\/vc_column_text][vc_column_text css=&raquo;&raquo;]<\/p>\n<h4>B\u00e5de voksne og barn kan motta personlig assistanse<\/h4>\n<p>Hvis du har en betydelig funksjonsnedsettelse, har du rett til \u00e5 s\u00f8ke om st\u00f8tte for \u00e5 kunne leve et s\u00e5 godt og selvstendig liv som mulig. Dette er form\u00e5let med st\u00f8tte- og serviceloven (LSS) for visse funksjonshemmede.[\/vc_column_text][\/vc_column][vc_column width=&raquo;1\/2&#8243;][vc_column_text css=&raquo;&raquo;]<\/p>\n<h3>Du kan alltid velge Individens Trygghet<\/h3>\n<p>Individens Trygghet ordner personlig assistanse uavhengig av hvor gammel du er, hvor i Sverige du bor, hvilket spr\u00e5k du snakker, hvilken diagnose du har eller hvordan ditt behov for hjelp ser ut. Vi tilbyr bistand basert p\u00e5 vedtak fra kommuner eller den svenske forsikringsmyndigheten. Sammen med deg og basert p\u00e5 dine behov, jobber vi for \u00e5 sikre at du f\u00e5r den trygge bistanden du har krav p\u00e5.[\/vc_column_text][vc_column_text css=&raquo;&raquo;]<\/p>\n<h4>Hvis du allerede har en beslutning \u2013 hjelper vi deg med \u00e5 bytte selskap<\/h4>\n<p>Det er enkelt \u00e5 velge Individens Trygghet som din bistandsarrang\u00f8r. Vi skriver en kundeavtale og en fullmakt, deretter administrerer vi endringen for deg. Vi hjelper deg med alt, fra \u00e5 si opp din n\u00e5v\u00e6rende arrang\u00f8r til \u00e5 kontakte myndigheter.<\/p>\n<p>Sammen avtaler vi en oppstartsdato. Deretter begynner vi umiddelbart \u00e5 planlegge bistanden din for \u00e5 gi deg og dine assistenter de beste forutsetningene for en trygg oppstart.[\/vc_column_text][vc_column_text css=&raquo;&raquo;]<\/p>\n<h4>Hvis du ikke har en beslutning \u2013 hjelper vi deg med \u00e5 s\u00f8ke<\/h4>\n<p>Det er enkelt \u00e5 f\u00e5 hjelp av Individens Trygghets advokat n\u00e5r du s\u00f8ker om personlig assistanse. Vi skriver en fullmakt og hjelper deg gjennom hele s\u00f8knadsprosessen. Du f\u00e5r hjelp med alt fra \u00e5 samle inn dine bistandsbehov og hvilke attester som trengs, til \u00e5 skrive en s\u00f8knad til kommunen eller den svenske folkeforsikringen. For din sikkerhet vil v\u00e5r advokat ogs\u00e5 delta p\u00e5 m\u00f8ter med saksbehandlere. Alt for \u00e5 sikre at du f\u00e5r riktig avgj\u00f8relse om bistand.<\/p>\n<p>Den juridiske bistanden er gratis, forutsatt at du velger Individens Trygghet som bistandsarrang\u00f8r ved et positivt avgj\u00f8relse.[\/vc_column_text][\/vc_column][\/vc_row][vc_row][vc_column][vc_empty_space height=&raquo;60px&raquo;][\/vc_column][\/vc_row][vc_row][vc_column][vc_column_text css=&raquo;&raquo;]<\/p>\n<h2>\u00d8nsker du \u00e5 bli kontaktet ang\u00e5ende juridiske tjenester?<\/h2>\n<p>Fyll ut skjemaet, s\u00e5 kontakter vi deg snart.[\/vc_column_text][vc_column_text css=&raquo;&raquo;]<\/p>\n<div class=\"frm_forms  with_frm_style frm_style_formidables-stilmall\" id=\"frm_form_15_container\" data-token=\"4e8f083379dd5b517412b76d694466a1\">\n<form enctype=\"multipart\/form-data\" method=\"post\" class=\"frm-show-form  frm_pro_form \" id=\"form_bli-kontaktad-juridik-no\" data-token=\"4e8f083379dd5b517412b76d694466a1\">\n<div class=\"frm_form_fields \">\n<fieldset>\n<legend class=\"frm_screen_reader\">Bli kontaktad (Juridik) NO<\/legend>\r\n\r\n<div class=\"frm_fields_container\">\n<input type=\"hidden\" name=\"frm_action\" value=\"create\" \/>\n<input type=\"hidden\" name=\"form_id\" value=\"15\" \/>\n<input type=\"hidden\" name=\"frm_hide_fields_15\" id=\"frm_hide_fields_15\" value=\"\" \/>\n<input type=\"hidden\" name=\"form_key\" value=\"bli-kontaktad-juridik-no\" \/>\n<input type=\"hidden\" name=\"item_meta[0]\" value=\"\" \/>\n<input type=\"hidden\" id=\"frm_submit_entry_15\" name=\"frm_submit_entry_15\" value=\"d56e2e7928\" \/><input type=\"hidden\" name=\"_wp_http_referer\" value=\"\/no\/wp-json\/wp\/v2\/pages\/477\" \/><div id=\"frm_field_93_container\" class=\"frm_form_field form-field  frm_top_container frm12 frm_first\">\r\n\t<div  id=\"field_khaxn5_label\" class=\"frm_primary_label\">Navn\r\n\t\t<span class=\"frm_required\" aria-hidden=\"true\"><\/span>\r\n\t<\/div>\r\n\t<fieldset aria-labelledby=\"field_khaxn5_label\">\n\t<legend class=\"frm_screen_reader frm_hidden\">\n\t\tNavn\t<\/legend>\n\n\t<div  class=\"frm_combo_inputs_container\" id=\"frm_combo_inputs_container_93\" data-name-layout=\"first_last\">\n\t\t\t\t\t<div\n\t\t\t\tid=\"frm_field_93-first_container\"\n\t\t\t\tclass=\"frm_form_field form-field frm_form_subfield-first  frm6\"\n\t\t\t\tdata-sub-field-name=\"first\"\n\t\t\t>\n\t\t\t\t<label for=\"field_khaxn5_first\" class=\"frm_screen_reader frm_hidden\">\n\t\t\t\t\tFornavn\t\t\t\t<\/label>\n\n\t\t\t\t<input  type=\"text\" id=\"field_khaxn5_first\" value=\"\" name=\"item_meta[93][first]\" autocomplete=\"given-name\" data-invmsg=\"Navn is invalid\" aria-invalid=\"false\"  \/><div class=\"frm_description\" id=\"frm_field_93_first_desc\">Fornavn<\/div>\t\t\t<\/div>\n\t\t\t\t\t\t<div\n\t\t\t\tid=\"frm_field_93-last_container\"\n\t\t\t\tclass=\"frm_form_field form-field frm_form_subfield-last  frm6\"\n\t\t\t\tdata-sub-field-name=\"last\"\n\t\t\t>\n\t\t\t\t<label for=\"field_khaxn5_last\" class=\"frm_screen_reader frm_hidden\">\n\t\t\t\t\tEtternavn\t\t\t\t<\/label>\n\n\t\t\t\t<input  type=\"text\" id=\"field_khaxn5_last\" value=\"\" name=\"item_meta[93][last]\" autocomplete=\"family-name\" data-invmsg=\"Navn is invalid\" aria-invalid=\"false\"  \/><div class=\"frm_description\" id=\"frm_field_93_last_desc\">Etternavn<\/div>\t\t\t<\/div>\n\t\t\t\t<\/div>\n<\/fieldset>\n\r\n\t\r\n\t\r\n<\/div>\n<div id=\"frm_field_94_container\" class=\"frm_form_field form-field  frm_top_container\">\r\n\t<label for=\"field_xngeg5\" id=\"field_xngeg5_label\" class=\"frm_primary_label\">E-post\r\n\t\t<span class=\"frm_required\" aria-hidden=\"true\"><\/span>\r\n\t<\/label>\r\n\t<input type=\"email\" id=\"field_xngeg5\" name=\"item_meta[94]\" value=\"\"  autocomplete=\"email\"  data-invmsg=\"E-post \u00e4r ogiltigt\" aria-invalid=\"false\"  \/>\r\n\t\r\n\t\r\n<\/div>\n<div id=\"frm_field_95_container\" class=\"frm_form_field form-field  frm_top_container\">\r\n\t<label for=\"field_2vd4k5\" id=\"field_2vd4k5_label\" class=\"frm_primary_label\">Telefon\r\n\t\t<span class=\"frm_required\" aria-hidden=\"true\"><\/span>\r\n\t<\/label>\r\n\t<input type=\"tel\" id=\"field_2vd4k5\" name=\"item_meta[95]\" value=\"\"  data-invmsg=\"Telefon \u00e4r ogiltigt\" aria-invalid=\"false\" pattern=\"((\\+\\d{1,3}(-|.| )?\\(?\\d\\)?(-| |.)?\\d{1,5})|(\\(?\\d{2,6}\\)?))(-|.| )?(\\d{3,4})(-|.| )?(\\d{4})(( x| ext)\\d{1,5}){0,1}$\"  \/>\r\n\t\r\n\t\r\n<\/div>\n<div id=\"frm_field_96_container\" class=\"frm_form_field form-field  frm_required_field frm_top_container frm12 frm_first vertical_radio\">\r\n\t<div  id=\"field_wvliz5_label\" class=\"frm_primary_label\">Jeg samtykker i behandlingen av mine personopplysninger i samsvar med <a href=\"\/integritetspolicy\/\">personvernerkl\u00e6ringen.<\/a>.\r\n\t\t<span class=\"frm_required\" aria-hidden=\"true\">*<\/span>\r\n\t<\/div>\r\n\t<div class=\"frm_opt_container\" aria-labelledby=\"field_wvliz5_label\" role=\"group\">\t\t<div class=\"frm_checkbox\" id=\"frm_checkbox_96-0\">\t\t\t<label  for=\"field_wvliz5-0\">\n\t\t\t<input type=\"checkbox\" name=\"item_meta[96][]\" id=\"field_wvliz5-0\" value=\"Ja\"  data-reqmsg=\"Jeg samtykker i behandlingen av mine personopplysninger i samsvar med &lt;a href=&quot;\/integritetspolicy\/&quot;&gt;personvernerkl\u00e6ringen.&lt;\/a&gt;. kan inte vara tom.\" data-invmsg=\"Jeg samtykker i behandlingen av mine personopplysninger i samsvar med &lt;a href=&quot;\/integritetspolicy\/&quot;&gt;personvernerkl\u00e6ringen.&lt;\/a&gt;. \u00e4r ogiltigt\"   aria-required=\"true\"  \/> Ja<\/label><\/div>\n<\/div>\r\n\t\r\n\t\r\n<\/div>\n<div id=\"frm_field_97_container\" class=\"frm_form_field form-field  frm_none_container frm12 frm_first\">\r\n\t<label for=\"g-recaptcha-response\" id=\"field_wn3oo5_label\" class=\"frm_primary_label\">\r\n\t\t<span class=\"frm_required\" aria-hidden=\"true\"><\/span>\r\n\t<\/label>\r\n\t<div  id=\"field_wn3oo5\" class=\"frm-g-recaptcha\" data-sitekey=\"6LfUnLkrAAAAAKetdm8uSPvgH7Yae0QjNyVG9Kt7\" data-size=\"invisible\" data-theme=\"light\"><\/div>\r\n\t\r\n\t\r\n<\/div>\n<div id=\"frm_field_98_container\" class=\"frm_form_field form-field  frm12 frm_first\">\r\n\t<div class=\"frm_submit frm_flex\">\r\n<button class=\"frm_button_submit frm_final_submit\" type=\"submit\"   formnovalidate=\"formnovalidate\">Send<\/button>\r\n\r\n\r\n\r\n<\/div>\r\n<\/div>\n\t<input type=\"hidden\" name=\"item_key\" value=\"\" \/>\n\t\t\t<div id=\"frm_field_152_container\">\n\t\t\t<label for=\"field_kejlg\" >\n\t\t\t\tIf you are human, leave this field blank.\t\t\t<\/label>\n\t\t\t<input  id=\"field_kejlg\" type=\"text\" class=\"frm_form_field form-field frm_verify\" name=\"item_meta[152]\" value=\"\"  \/>\n\t\t<\/div>\n\t\t<input name=\"frm_state\" type=\"hidden\" value=\"mTnx3TtDQsD7tWyWGRtScoRgcIgz7lv0akUkd51IiDcO7Hf7Xz0UvlTzCTvKNmG8\" \/><\/div>\n<\/fieldset>\n<\/div>\n\n<\/form>\n<\/div>\n\n<p>[\/vc_column_text][\/vc_column][\/vc_row][vc_row][vc_column][vc_empty_space height=&raquo;60px&raquo;][\/vc_column][\/vc_row]<\/p>\n<\/div>","protected":false},"excerpt":{"rendered":"<p>[vc_row full_width=&raquo;stretch_row&raquo; el_id=&raquo;start_inside&raquo; css=&raquo;.vc_custom_1757503179473{background-image: url(\/files\/juridik.png?id=282) !important;background-position: center !important;background-repeat: no-repeat !important;background-size: cover !important;}&raquo;][vc_column][vc_column_text css=&raquo;&raquo;] Lov [\/vc_column_text][\/vc_column][\/vc_row][vc_row][vc_column][vc_empty_space height=&raquo;60px&raquo;][\/vc_column][\/vc_row][vc_row][vc_column width=&raquo;1\/2&#8243;][vc_column_text css=&raquo;&raquo;] Lov om st\u00f8tte og service til visse funksjonshemmede \u2013 LSS Hvis du har en funksjonsnedsettelse, har du rett til \u00e5 s\u00f8ke om st\u00f8tte for \u00e5 kunne leve et s\u00e5 godt og selvstendig liv som mulig. Dette er [&hellip;]<\/p>\n","protected":false},"author":2,"featured_media":0,"parent":0,"menu_order":0,"comment_status":"closed","ping_status":"closed","template":"","meta":{"footnotes":""},"class_list":["post-477","page","type-page","status-publish","hentry"],"_links":{"self":[{"href":"https:\/\/individenstrygghet.se\/no\/wp-json\/wp\/v2\/pages\/477","targetHints":{"allow":["GET"]}}],"collection":[{"href":"https:\/\/individenstrygghet.se\/no\/wp-json\/wp\/v2\/pages"}],"about":[{"href":"https:\/\/individenstrygghet.se\/no\/wp-json\/wp\/v2\/types\/page"}],"author":[{"embeddable":true,"href":"https:\/\/individenstrygghet.se\/no\/wp-json\/wp\/v2\/users\/2"}],"replies":[{"embeddable":true,"href":"https:\/\/individenstrygghet.se\/no\/wp-json\/wp\/v2\/comments?post=477"}],"version-history":[{"count":4,"href":"https:\/\/individenstrygghet.se\/no\/wp-json\/wp\/v2\/pages\/477\/revisions"}],"predecessor-version":[{"id":656,"href":"https:\/\/individenstrygghet.se\/no\/wp-json\/wp\/v2\/pages\/477\/revisions\/656"}],"wp:attachment":[{"href":"https:\/\/individenstrygghet.se\/no\/wp-json\/wp\/v2\/media?parent=477"}],"curies":[{"name":"wp","href":"https:\/\/api.w.org\/{rel}","templated":true}]}}