{"id":490,"date":"2025-08-25T10:48:59","date_gmt":"2025-08-25T08:48:59","guid":{"rendered":"https:\/\/individenstrygghet.cmsp.se\/om-oss\/"},"modified":"2025-10-14T09:37:21","modified_gmt":"2025-10-14T07:37:21","slug":"om-oss","status":"publish","type":"page","link":"https:\/\/individenstrygghet.se\/no\/om-oss\/","title":{"rendered":"Om oss"},"content":{"rendered":"<div class=\"wpb-content-wrapper\"><p>[vc_row full_width=&raquo;stretch_row&raquo; el_id=&raquo;start_inside&raquo; css=&raquo;.vc_custom_1760080018992{background-image: url(\/files\/individenstrygghet10-e1760076688872.jpg?id=368) !important;background-position: center !important;background-repeat: no-repeat !important;background-size: cover !important;}&raquo;][vc_column][vc_column_text css=&raquo;&raquo;]<\/p>\n<h1>Om Individens Trygghet<\/h1>\n<p>[\/vc_column_text][\/vc_column][\/vc_row][vc_row][vc_column][vc_empty_space height=&raquo;60px&raquo;][\/vc_column][\/vc_row][vc_row][vc_column width=&raquo;1\/2&#8243;][vc_column_text css=&raquo;&raquo;]<\/p>\n<h2>Om selskapet<\/h2>\n<p>[\/vc_column_text][vc_column_text css=&raquo;&raquo;]Individuell Trygghet er et assistansefirma grunnlagt i 2025 av Joakim Persson. V\u00e5r virksomhet er basert p\u00e5 n\u00e6rhet, engasjement og trygghet \u2013 b\u00e5de for v\u00e5re kunder og v\u00e5re ansatte.<\/p>\n<p>Vi mener at alle mennesker har rett til et best mulig liv, uavhengig av funksjonsvariasjon. Derfor jobber vi hver dag med \u00e5 skape personlig og meningsfull assistanse som er basert p\u00e5 den enkeltes behov og \u00f8nsker.<\/p>\n<p>V\u00e5r administrerende direkt\u00f8r, Joakim Persson, har over 15 \u00e5rs erfaring innen personlig assistanse og jus. Takket v\u00e6re sin ekspertise, engasjement og personlige erfaring har Individuell Trygghet raskt blitt et navn \u00e5 regne med i bransjen \u2013 og et opplagt valg for b\u00e5de kunder og ansatte.<\/p>\n<p>Vil du vite hva vi kan gj\u00f8re for deg?<br \/>\nIkke n\u00f8l med \u00e5 kontakte oss i Individuell Trygghet \u2013 vi er her for deg.[\/vc_column_text][\/vc_column][vc_column width=&raquo;1\/2&#8243;][vc_single_image image=&raquo;372&#8243; img_size=&raquo;full&raquo; css=&raquo;&raquo;][\/vc_column][\/vc_row][vc_row][vc_column][vc_empty_space height=&raquo;60px&raquo;][\/vc_column][\/vc_row][vc_row full_width=&raquo;stretch_row&raquo; css=&raquo;.vc_custom_1760080083899{background-color: #222222 !important;}&raquo;][vc_column][vc_empty_space height=&raquo;60px&raquo;][vc_column_text css=&raquo;&raquo;]<\/p>\n<h2 style=\"text-align: center;\">Om grunnleggeren<\/h2>\n<p>[\/vc_column_text][vc_row_inner][vc_column_inner width=&raquo;1\/2&#8243;][vc_column_text css=&raquo;&raquo;]<\/p>\n<h3>Hallo!<\/h3>\n<p>Mitt navn er Joakim Persson, og jeg er grunnlegger og administrerende direkt\u00f8r i Individuens Trygghet. Jeg er i 30-\u00e5rene og har mer enn 15 \u00e5rs erfaring innen personlig assistanse og jus.<\/p>\n<p>I l\u00f8pet av mitt yrkesliv har jeg hatt privilegiet \u00e5 jobbe for flere forskjellige assistanseselskaper. Men gjennom \u00e5rene har jeg sett at mange lover mer enn de kan levere \u2013 og det er nettopp derfor jeg bestemte meg for \u00e5 starte mitt eget selskap der kvalitet, sikkerhet og omtanke virkelig st\u00e5r i sentrum. Slik ble Individuens Trygghet f\u00f8dt.[\/vc_column_text][\/vc_column_inner][vc_column_inner width=&raquo;1\/2&#8243;][vc_column_text css=&raquo;&raquo;]Min egen erfaring har ogs\u00e5 gitt meg en dypere forst\u00e5else av hvor viktig funksjonell assistanse er. Jeg sitter selv i rullestol og har hatt personlig assistanse i flere \u00e5r. Dette betyr at jeg virkelig vet hvor mye riktig st\u00f8tte betyr \u2013 b\u00e5de i hverdagen og for livskvaliteten.<\/p>\n<p>Dette er grunnen til at jeg brenner for \u00e5 hjelpe andre til \u00e5 f\u00e5 en tryggere og friere hverdag.<\/p>\n<p><em>Med vennlig hilsen,<\/em><br \/>\n<em>Joakim Persson<\/em><br \/>\n<em>Administrerende direkt\u00f8r, Individens Trygghet<\/em>[\/vc_column_text][\/vc_column_inner][\/vc_row_inner][vc_empty_space height=&raquo;60px&raquo;][\/vc_column][\/vc_row]<\/p>\n<\/div>","protected":false},"excerpt":{"rendered":"<p>[vc_row full_width=&raquo;stretch_row&raquo; el_id=&raquo;start_inside&raquo; css=&raquo;.vc_custom_1760080018992{background-image: url(\/files\/individenstrygghet10-e1760076688872.jpg?id=368) !important;background-position: center !important;background-repeat: no-repeat !important;background-size: cover !important;}&raquo;][vc_column][vc_column_text css=&raquo;&raquo;] Om Individens Trygghet [\/vc_column_text][\/vc_column][\/vc_row][vc_row][vc_column][vc_empty_space height=&raquo;60px&raquo;][\/vc_column][\/vc_row][vc_row][vc_column width=&raquo;1\/2&#8243;][vc_column_text css=&raquo;&raquo;] Om selskapet [\/vc_column_text][vc_column_text css=&raquo;&raquo;]Individuell Trygghet er et assistansefirma grunnlagt i 2025 av Joakim Persson. V\u00e5r virksomhet er basert p\u00e5 n\u00e6rhet, engasjement og trygghet \u2013 b\u00e5de for v\u00e5re kunder og v\u00e5re ansatte. Vi mener at alle [&hellip;]<\/p>\n","protected":false},"author":2,"featured_media":0,"parent":0,"menu_order":0,"comment_status":"closed","ping_status":"closed","template":"","meta":{"footnotes":""},"class_list":["post-490","page","type-page","status-publish","hentry"],"_links":{"self":[{"href":"https:\/\/individenstrygghet.se\/no\/wp-json\/wp\/v2\/pages\/490","targetHints":{"allow":["GET"]}}],"collection":[{"href":"https:\/\/individenstrygghet.se\/no\/wp-json\/wp\/v2\/pages"}],"about":[{"href":"https:\/\/individenstrygghet.se\/no\/wp-json\/wp\/v2\/types\/page"}],"author":[{"embeddable":true,"href":"https:\/\/individenstrygghet.se\/no\/wp-json\/wp\/v2\/users\/2"}],"replies":[{"embeddable":true,"href":"https:\/\/individenstrygghet.se\/no\/wp-json\/wp\/v2\/comments?post=490"}],"version-history":[{"count":3,"href":"https:\/\/individenstrygghet.se\/no\/wp-json\/wp\/v2\/pages\/490\/revisions"}],"predecessor-version":[{"id":586,"href":"https:\/\/individenstrygghet.se\/no\/wp-json\/wp\/v2\/pages\/490\/revisions\/586"}],"wp:attachment":[{"href":"https:\/\/individenstrygghet.se\/no\/wp-json\/wp\/v2\/media?parent=490"}],"curies":[{"name":"wp","href":"https:\/\/api.w.org\/{rel}","templated":true}]}}