{"id":508,"date":"2025-08-25T09:34:48","date_gmt":"2025-08-25T07:34:48","guid":{"rendered":"https:\/\/individenstrygghet.cmsp.se\/personlig-assistans\/"},"modified":"2025-10-14T14:28:16","modified_gmt":"2025-10-14T12:28:16","slug":"personlig-assistanse","status":"publish","type":"page","link":"https:\/\/individenstrygghet.se\/no\/personlig-assistanse\/","title":{"rendered":"Personlig assistanse"},"content":{"rendered":"<div class=\"wpb-content-wrapper\"><p>[vc_row full_width=&raquo;stretch_row&raquo; el_id=&raquo;start_inside&raquo; css=&raquo;.vc_custom_1757512630476{background-image: url(\/files\/individenstrygghet2-1.png?id=292) !important;background-position: center !important;background-repeat: no-repeat !important;background-size: cover !important;}&raquo;][vc_column][vc_column_text css=&raquo;&raquo;]<\/p>\n<h1>Personlig assistanse<\/h1>\n<p>[\/vc_column_text][\/vc_column][\/vc_row][vc_row][vc_column][vc_empty_space height=&raquo;60px&raquo;][\/vc_column][\/vc_row][vc_row][vc_column width=&raquo;1\/2&#8243;][vc_column_text css=&raquo;&raquo;]<\/p>\n<h2>Hva er personlig assistanse?<\/h2>\n<p>[\/vc_column_text][vc_column_text css=&raquo;&raquo;]Personlig assistanse handler om \u00e5 kunne leve livet ditt slik du vil \u2013 med frihet, trygghet og deltakelse. For oss er det viktig at st\u00f8tten utformes etter dine spesifikke behov og \u00f8nsker, slik at du kan f\u00e5 hverdagen til \u00e5 fungere p\u00e5 din egen m\u00e5te. Det kan v\u00e6re hjelp hjemme, p\u00e5 skolen, p\u00e5 jobb eller p\u00e5 fritiden. Vi er her for deg og for din optimale trygghet gjennom hele livet.<\/p>\n<p>Du kan s\u00f8ke om personlig assistanse fra kommunen eller Folketrygden. Du kan gj\u00f8re dette hvis du har en funksjonsnedsettelse som betyr at du trenger hjelp med det som kalles grunnleggende behov. Dette kan for eksempel v\u00e6re hjelp med personlig hygiene, spising, p\u00e5kledning og avkledning eller kommunikasjon med andre.<\/p>\n<p>B\u00e5de voksne og barn kan motta personlig assistanse.<\/p>\n<p>Hvis du har en betydelig funksjonsnedsettelse, har du rett til \u00e5 s\u00f8ke om st\u00f8tte for \u00e5 kunne leve et s\u00e5 godt og selvstendig liv som mulig. Dette er form\u00e5let med st\u00f8tte- og serviceloven (LSS) for visse funksjonshemmede.[\/vc_column_text][vc_column_text css=&raquo;&raquo;]<\/p>\n<h3 data-start=\"116\" data-end=\"160\">Hvem har rett til personlig assistanse?<\/h3>\n<p>Retten til personlig assistanse er regulert i loven om st\u00f8tte og service til visse funksjonshemmede (LSS). Loven eksisterer for \u00e5 gi personer med store og varige funksjonsnedsettelser muligheten til \u00e5 leve et godt og selvstendig liv \u2013 med samme frihet som alle andre.<\/p>\n<p>For \u00e5 ha rett til tiltak gjennom LSS m\u00e5 du tilh\u00f8re en av tre personkretser. Personkretsene beskriver ulike grupper av mennesker med ulike typer funksjonsnedsettelser. \u00c5 tilh\u00f8re en personkrets betyr ikke at du automatisk mottar bistand, men det er et f\u00f8rste skritt mot \u00e5 f\u00e5 den st\u00f8tten du trenger.<\/p>\n<p>Hos oss er hvert menneske unikt, og v\u00e5r oppgave er \u00e5 finne den st\u00f8tten som skaper trygghet, frihet og livskvalitet \u2013 gjennom hele livet.[\/vc_column_text][\/vc_column][vc_column width=&raquo;1\/2&#8243;][vc_single_image image=&raquo;236&#8243; img_size=&raquo;500&#215;800&#8243; css=&raquo;&raquo;][\/vc_column][\/vc_row][vc_row][vc_column][vc_empty_space height=&raquo;60px&raquo;][\/vc_column][\/vc_row][vc_row][vc_column width=&raquo;1\/2&#8243;][vc_single_image image=&raquo;368&#8243; img_size=&raquo;full&raquo; css=&raquo;&raquo;][vc_column_text css=&raquo;&raquo;]<\/p>\n<h3>Personlig assistanse tilpasset barnets behov<\/h3>\n<p>Et sp\u00f8rsm\u00e5l du som forelder eller p\u00e5r\u00f8rende til et barn som trenger personlig assistanse kanskje lurer p\u00e5: hvordan fungerer personlig assistanse p\u00e5 skolen? Hovedregelen i henhold til trygdeloven (kapittel 106 24 \u00a7 1 og 2) er at det ikke gis statlig assistanseerstatning for den tiden en person med funksjonsnedsettelse oppholder seg eller deltar i barnepass, skole eller daglige aktiviteter. Det er imidlertid mulig \u00e5 motta assistanseerstatning hvis det foreligger s\u00e5kalte s\u00e6rlige grunner for det. Grunnen til at barn normalt ikke mottar personlig assistanse i f\u00f8rskole og skole, er at det er en del av kommunenes ansvar \u00e5 gi den st\u00f8tten som barn, unge (og voksne) med funksjonsnedsettelser trenger n\u00e5r de er p\u00e5 skolen. Trygdeloven gj\u00f8r et unntak for andre utdanningsinstitusjoner som folkeh\u00f8gskoler eller universiteter: da kan en person som deltar i undervisning f\u00e5 innvilget personlig assistanse.[\/vc_column_text][\/vc_column][vc_column width=&raquo;1\/2&#8243;][vc_column_text css=&raquo;&raquo;]<\/p>\n<h2>Assistanse til barn<\/h2>\n<p>[\/vc_column_text][vc_column_text css=&raquo;&raquo;]Med personlig assistanse f\u00e5r barnet ditt muligheten til \u00e5 leve, leke og utvikle seg, akkurat som andre barn. Hos oss f\u00e5r barnet ditt individuelt tilpasset assistanse.<\/p>\n<p>Vi tilbyr kunnskap den dagen det er p\u00e5 tide \u00e5 flytte hjemmefra, sende inn en ny s\u00f8knad eller l\u00e6re opp nye personlige assistenter. Vi vet hvor viktig det kan v\u00e6re \u00e5 m\u00f8te familier som ogs\u00e5 bor med personlig assistanse. Hvert \u00e5r arrangerer Individens Trygghet lokale arrangementer.<\/p>\n<p>Vi mener at alle har rett til et godt liv, og at barn med ulike funksjonsnedsettelser skal ha muligheten til \u00e5 leve som andre barn. Som forelder til et barn med funksjonsnedsettelse kan du f\u00f8le deg trygg hos oss. Vi hjelper deg med \u00e5 kjempe for ditt barns rett til assistanse og skreddersyr den personlige assistansen til dine og ditt barns behov.[\/vc_column_text][vc_toggle title=&raquo;Autisme og autismelignende tilstander&raquo; css=&raquo;&raquo;]Barn med autisme har vansker med sosial interaksjon og kan v\u00e6re overf\u00f8lsomme for ulike sanseinntrykk. Hos oss f\u00e5r barnet ditt individuelt tilpasset hjelp som er basert p\u00e5 gjennomg\u00e5ende rutiner og trygghet.<\/p>\n<p><strong>Hva er autisme?<\/strong><br \/>\nAutisme er en permanent nevrobiologisk funksjonshemming som vanligvis er medf\u00f8dt. Typisk for personer med autisme er vansker med sosial interaksjon og kommunikasjon med andre. De kan ha begrensede og repeterende atferdsm\u00f8nstre og interesser. Ulike mennesker har forskjellige alvorlige problemer, men autisme forekommer ofte sammen med for eksempel epilepsi, utviklingshemming, fobier, tvangslidelse og syns- eller h\u00f8rselshemminger.<\/p>\n<p><strong>Symptomer<\/strong><br \/>\nAutisme oppdages ofte i tidlig alder og er vanligere blant gutter enn jenter. Vanlige kjennetegn ved autisme er:<\/p>\n<ul>\n<li>Vansker med sosial interaksjon og kommunikasjon<\/li>\n<li>Vansker med \u00f8yekontakt<\/li>\n<li>Vansker med \u00e5 forst\u00e5 ansiktsuttrykk, gester og tonefall<\/li>\n<li>Repeterende atferd<\/li>\n<li>Begrensede interesser og aktiviteter<\/li>\n<li>Begrenset ordforr\u00e5d<\/li>\n<li>Sterke reaksjoner p\u00e5 ulike sanseinntrykk<\/li>\n<li>Vansker med \u00e5 ta inn og sortere inntrykk<\/li>\n<li>Stort behov for rutiner<\/li>\n<\/ul>\n<p>Som forelder til et barn med autisme kan du f\u00f8le deg trygg hos oss. Vi har solid kunnskap og bred erfaring med autisme og hjelper deg med \u00e5 tilpasse bistanden til ditt barns individuelle behov.[\/vc_toggle][vc_toggle title=&raquo;Cerebral parese&raquo; css=&raquo;&raquo;]Livet med cerebral parese kan variere mye fra person til person. Mange klarer seg veldig bra uten personlig assistanse, mens andre trenger mye hjelp.<\/p>\n<p><strong>Hva er cerebral parese?<\/strong><br \/>\nCP er en samlebetegnelse for forstyrrelser i muskelkontroll for\u00e5rsaket av en hjerneskade f\u00f8r hjernen er fullt utviklet. Cerebral parese betyr lammelse p\u00e5 grunn av hjerneskade, og personer med CP har vanligvis ulike typer bevegelseshemminger. En CP-skade oppdages ofte tidlig hos sm\u00e5 barn, og skaden er permanent gjennom hele livet.<\/p>\n<p><strong>Tre typer CP<\/strong><br \/>\nCerebral parese er delt inn i tre forskjellige typer: spastisk, dyskinetisk og ataksisk CP.<\/p>\n<p><strong>Spastisk CP<\/strong><br \/>\nSpastisk CP, n\u00e5r muskelspenningen er ubalansert, er den vanligste formen for CP-skade. Musklene er b\u00e5de svakere og mer spente enn normalt, noe som f\u00f8rer til ufrivillig muskelspenning. Spente muskler vokser ikke bra og kan for\u00e5rsake misdannede ledd.<\/p>\n<p><strong>Dyskinetisk CP<\/strong><br \/>\nVed dyskinetisk CP forekommer ufrivillige kaste- eller vridningsbevegelser i hele kroppen, og i munn, tunge og hals. Noen ganger kan kroppen sette seg fast i forvrengte stillinger, og det blir vanskelig \u00e5 bevege seg.<\/p>\n<p><strong>Ataktisk CP<\/strong><br \/>\nAtaktisk CP er uvanlig og for\u00e5rsaker balanseforstyrrelser, skjelving og vansker med \u00e5 koordinere bevegelser. Ved ataktisk CP er det ofte ogs\u00e5 muskelspenninger i bena.<\/p>\n<p><strong>Symptomer<\/strong><br \/>\nSymptomer varierer fra person til person. Noen har nesten ingen problemer, mens andre kan ha:<\/p>\n<ul>\n<li>Spente muskler og ufrivillige bevegelser<\/li>\n<li>Skoliose (ryggraden vokser skjevt)<\/li>\n<li>Problemer med mage og tarm<\/li>\n<li>Strabismus og andre synshemminger<\/li>\n<li>H\u00f8rselshemming<\/li>\n<li>Epilepsi<\/li>\n<li>Intellektuell funksjonshemming<\/li>\n<li>Vansker med \u00e5 snakke, svelge og puste<\/li>\n<\/ul>\n<p>Som forelder til et barn med CP kan du f\u00f8le deg trygg hos oss. Vi hjelper deg med alt fra r\u00e5d til \u00e5 rekruttere assistenter. Mange av v\u00e5re klienter med CP lever et godt liv med personlig assistanse.[\/vc_toggle][vc_toggle title=&raquo;Utviklingshemming&raquo; css=&raquo;&raquo;]Det finnes ulike grader av utviklingshemming, og behovet for st\u00f8tte varierer mye. Vi skreddersyr den personlige assistansen slik at barnet ditt f\u00f8ler seg bra, l\u00e6rer ting og utvikler seg, akkurat som andre barn.<\/p>\n<p><strong>Hva er utviklingshemming?<\/strong><br \/>\nNoen med utviklingshemming trenger mer tid og st\u00f8tte enn andre for \u00e5 l\u00e6re ting, forst\u00e5 kontekst og utvikle seg. Utviklingshemming kan skyldes kromosomale, foster- eller f\u00f8dselsdefekter og oppst\u00e5r ofte sammen med for eksempel epilepsi, CP, autisme, nedsatt syn, hjertefeil, depresjon, s\u00f8vn- og spiseforstyrrelser.<\/p>\n<p><strong>Symptomer<\/strong><br \/>\nProblemene blir ofte lagt merke til ved skolestart. Vanlige tegn p\u00e5 utviklingshemming er:<\/p>\n<ul>\n<li>Redusert intelligens<\/li>\n<li>Talevansker<\/li>\n<li>Syns- eller h\u00f8rselshemming<\/li>\n<li>Redusert l\u00e6ringsevne<\/li>\n<li>D\u00e5rligere sosial evne<\/li>\n<li>D\u00e5rligere evne til \u00e5 utf\u00f8re praktiske oppgaver som \u00e5 spise, vaske seg og kle p\u00e5 seg<\/li>\n<\/ul>\n<p>Behovet for st\u00f8tte for personer med utviklingshemming kan variere. Hos Individuell Trygghet har vi lang erfaring med \u00e5 s\u00f8ke personlig assistanse for personer med utviklingshemming, og vi s\u00f8rger for at assistansen er skreddersydd for den enkelte slik at barnets behov blir ivaretatt.[\/vc_toggle][\/vc_column][\/vc_row][vc_row][vc_column][vc_empty_space height=&raquo;60px&raquo;][\/vc_column][\/vc_row][vc_row][vc_column width=&raquo;1\/2&#8243;][vc_column_text css=&raquo;&raquo;]<\/p>\n<h2>Assistanse for voksne<\/h2>\n<p>[\/vc_column_text][vc_column_text css=&raquo;&raquo;]Vi tilbyr individuelt tilpasset personlig assistanse, der dine behov og \u00f8nsker er i fokus.<\/p>\n<p>Det er utrolig vanskelig \u00e5 ha vansker med \u00e5 bevege seg, snakke, ikke kunne g\u00e5 p\u00e5 toalettet eller dusje p\u00e5 egenh\u00e5nd. Med hjelp av personlige assistenter kan vi gi deg den st\u00f8tten du trenger.<\/p>\n<p>Vi i Individuell Trygghet har lang erfaring med assistanse for kunder med ulike behov. Hos oss kan du f\u00f8le deg trygg. Vi hjelper deg med \u00e5 skape en best mulig hverdag for deg og dine n\u00e6rmeste. Ta kontakt med oss, s\u00e5 forteller vi deg mer om hvordan vi kan hjelpe deg.[\/vc_column_text][vc_toggle title=&raquo;Ervervede hjerneskader&raquo; css=&raquo;&raquo;]\u00c5 f\u00e5 en hjerneskade kan bety en stor og plutselig forandring i livet, b\u00e5de for den som er rammet og for de som st\u00e5r dem n\u00e6r. Personlig assistanse kan v\u00e6re den st\u00f8tten som trengs i hverdagen.<\/p>\n<p><strong>Hva er en ervervet hjerneskade?<\/strong><br \/>\nEn ervervet hjerneskade er en skade som ikke er medf\u00f8dt, men som har oppst\u00e5tt etter f\u00f8dselen. Skaden kan for eksempel skyldes ytre vold i en ulykke eller overfall, hjerneslag eller annen sykdom og kan p\u00e5virke for eksempel tale, syn, balanse, sans, hukommelse, personlighet eller motoriske ferdigheter.<\/p>\n<p>Problemer<br \/>\nEn hjerneskade kan for\u00e5rsake mange forskjellige funksjonshemminger, b\u00e5de synlige fysiske og usynlige. Vanskene du opplever avhenger av type skade, omfanget og hvilke deler av hjernen som er skadet.<\/p>\n<p><strong>Eksempler p\u00e5 fysiske problemer<\/strong><\/p>\n<ul>\n<li>Muskelsvakhet<\/li>\n<li>Lammelse<\/li>\n<li>Talevansker<\/li>\n<li>Nedsatt balanse<\/li>\n<li>Nedsatt motorikk<\/li>\n<\/ul>\n<p><strong>Eksempler p\u00e5 andre problemer<\/strong><\/p>\n<ul>\n<li>Nedsatt hukommelse<\/li>\n<li>Konsentrasjonsvansker<\/li>\n<li>Nedsatt logisk tenkning<\/li>\n<li>Kommunikasjonsvansker<\/li>\n<li>Hjernetretthet<\/li>\n<li>Personlighetsendringer<\/li>\n<li>Hum\u00f8rsvingninger og depresjon<\/li>\n<\/ul>\n<p>Hos Individens Trygghet vil du som har f\u00e5tt en hjerneskade f\u00e5 hjelp med alt fra r\u00e5dgivning til rekruttering av assistenter. Mange av v\u00e5re kunder forteller oss hvordan de har gjenvunnet livet og friheten med personlig assistanse.[\/vc_toggle][vc_toggle title=&raquo;Hjerneslag&raquo; css=&raquo;&raquo;]\u00c5 f\u00e5 et hjerneslag kan forandre livet ditt fullstendig, ikke bare for den som rammes, men ogs\u00e5 for de som st\u00e5r deg n\u00e6r. Med personlig assistanse kan hverdagen bli h\u00e5ndterbar.<\/p>\n<p><strong>Hva er et hjerneslag?<\/strong><br \/>\nHjerneskaden for\u00e5rsaket av blodpropp eller bl\u00f8dning i hjernen kalles hjerneslag. De fleste som f\u00e5r hjerneslag er over 65 \u00e5r, men yngre mennesker kan ogs\u00e5 bli rammet. H\u00f8yt blodtrykk, atrieflimmer, h\u00f8yt blodfettinnhold, diabetes og r\u00f8yking \u00f8ker risikoen for hjerneslag.<\/p>\n<p><strong>Symptomer<\/strong><br \/>\nTilstanden kan v\u00e6re livstruende og krever akutt sykehusbehandling. Hvis du mistenker at en person kan ha f\u00e5tt hjerneslag, ring 112 umiddelbart.<\/p>\n<p>Mangel p\u00e5 oksygen som oppst\u00e5r i hjernen under et hjerneslag for\u00e5rsaker f\u00f8lgende symptomer.<\/p>\n<ul>\n<li>Lammelse<\/li>\n<li>Svakhet<\/li>\n<li>Tap av f\u00f8lelse i en del av kroppen<\/li>\n<li>Talevansker<\/li>\n<li>Vansker med \u00e5 forst\u00e5 hva andre sier<\/li>\n<li>Synsforstyrrelser<\/li>\n<li>Svimmelhet<\/li>\n<li>Alvorlig hodepine<\/li>\n<\/ul>\n<p>Mange har langvarige problemer etter et hjerneslag. Du kan oppleve hukommelses- og konsentrasjonsvansker, personligheten din kan endre seg, og du kan lide av depresjon, angst, epileptiske anfall og alvorlig tretthet.[\/vc_toggle][vc_toggle title=&raquo;Multippel sklerose (MS)&raquo; css=&raquo;&raquo;]Hvis du har MS, kan en personlig assistent gj\u00f8re en stor forskjell i hverdagen din. Hos Individens Trygghet tilpasser vi assistansen til dine individuelle behov.<\/p>\n<p><strong>Hva er MS?<\/strong><br \/>\nMultippel sklerose (MS) er en kronisk, nevrologisk sykdom. Sykdommen, som vanligvis debuterer mellom 20 og 40 \u00e5r, er for\u00e5rsaket av arrdannelse i nervecellene p\u00e5 flere forskjellige steder i sentralnervesystemet, det vil si hjernen og ryggmargen.<\/p>\n<p>Det finnes forskjellige former for sykdommen, men de aller fleste lider av attakkvis MS. Da har man periodiske problemer, s\u00e5kalte tilbakefall, som kan vare fra noen f\u00e5 dager til m\u00e5neder.<\/p>\n<p><strong>Symptomer<\/strong><br \/>\nDet er vanlig at personer som er rammet av MS opplever flere av f\u00f8lgende symptomer.<\/p>\n<ul>\n<li>Nummenhet i armer, ben og ansikt<\/li>\n<li>Balanseforstyrrelser<\/li>\n<li>Synsproblemer<\/li>\n<li>Taleforstyrrelser<\/li>\n<li>Muskelstivhet<\/li>\n<li>Tretthet<\/li>\n<li>Hum\u00f8rsvingninger<\/li>\n<li>Depresjon<\/li>\n<li>Hukommelses- og konsentrasjonsproblemer<\/li>\n<li>Smerter<\/li>\n<\/ul>\n<p>MS kan ikke kureres, men det finnes medisiner som bremser sykdomsprogresjonen og kan lindre symptomer.[\/vc_toggle][\/vc_column][vc_column width=&raquo;1\/2&#8243;][vc_single_image image=&raquo;240&#8243; img_size=&raquo;full&raquo; css=&raquo;&raquo;][\/vc_column][\/vc_row][vc_row][vc_column][vc_empty_space height=&raquo;60px&raquo;][\/vc_column][\/vc_row][vc_row equal_height=&raquo;yes&raquo; content_placement=&raquo;middle&raquo;][vc_column width=&raquo;1\/2&#8243;][vc_single_image image=&raquo;220&#8243; img_size=&raquo;full&raquo; css=&raquo;&raquo;][\/vc_column][vc_column width=&raquo;1\/2&#8243;][vc_column_text css=&raquo;&raquo;]<\/p>\n<h2>Lov om st\u00f8tte og service til visse funksjonshemmede \u2013 LSS<\/h2>\n<p>[\/vc_column_text][vc_column_text css=&raquo;&raquo;]Hvis du har en funksjonsnedsettelse, har du rett til \u00e5 s\u00f8ke om st\u00f8tte for \u00e5 kunne leve et s\u00e5 godt og selvstendig liv som mulig. Dette er form\u00e5let med loven om st\u00f8tte og service til visse funksjonshemmede, LSS.<\/p>\n<p>Retten til et godt og selvstendig liv inkluderer for eksempel at du skal ha mulighet til \u00e5 jobbe, studere eller ha et annet meningsfullt yrke. Du skal ogs\u00e5 kunne delta i samfunnslivet. For eksempel skal du kunne delta i et bredt spekter av kultur- og fritidsaktiviteter p\u00e5 samme vilk\u00e5r som andre.[\/vc_column_text][\/vc_column][\/vc_row][vc_row equal_height=&raquo;yes&raquo; content_placement=&raquo;middle&raquo;][vc_column width=&raquo;1\/2&#8243;][vc_column_text css=&raquo;&raquo;]<\/p>\n<h3>Kommunens ansvar<\/h3>\n<p>Det er prim\u00e6rt kommunen som har ansvaret for at LSS f\u00f8lges. Kommunen skal unders\u00f8ke dine behov og tilby den st\u00f8tten og tjenesten du trenger.<\/p>\n<p>Du skal kunne delta i hvordan st\u00f8tten utformes og n\u00e5r den implementeres. Du har rett til tolkning slik at du kan forst\u00e5 informasjonen hvis du trenger det.<\/p>\n<h3>Barn skal involveres<\/h3>\n<p>Hvis det er et barn som trenger hjelp, er det viktig at barnet f\u00e5r informasjon som det forst\u00e5r. Barnet skal kunne delta og uttrykke sine egne tanker og \u00f8nsker. De som tar avgj\u00f8relser m\u00e5 finne ut hva som er barnets beste interesser og ta hensyn til dette n\u00e5r de bestemmer hvilken st\u00f8tte som trengs.[\/vc_column_text][\/vc_column][vc_column width=&raquo;1\/2&#8243;][vc_single_image image=&raquo;372&#8243; img_size=&raquo;full&raquo; css=&raquo;&raquo;][\/vc_column][\/vc_row][vc_row equal_height=&raquo;yes&raquo; content_placement=&raquo;middle&raquo;][vc_column width=&raquo;1\/2&#8243;][vc_single_image image=&raquo;218&#8243; img_size=&raquo;full&raquo; css=&raquo;&raquo;][\/vc_column][vc_column width=&raquo;1\/2&#8243;][vc_column_text css=&raquo;&raquo;]<\/p>\n<h2>Tre grupper som dekkes av LSS<\/h2>\n<p>LSS beskriver hvilke personer som er dekket av loven. Du kan s\u00f8ke om st\u00f8tte hvis du tilh\u00f8rer en av f\u00f8lgende grupper:<\/p>\n<ul>\n<li>Du har en utviklingshemming, autisme eller en autismelignende tilstand.<\/li>\n<li>Du har betydelig og varig utviklingshemming etter en hjerneskade i voksen alder for\u00e5rsaket av vold eller fysisk sykdom.<\/li>\n<li>Du har andre store varige fysiske eller psykiske funksjonshemminger som \u00e5penbart ikke skyldes normal aldring. Dette betyr at du har store problemer med \u00e5 klare hverdagsting p\u00e5 egenh\u00e5nd. For eksempel kan du ha problemer med \u00e5 kle p\u00e5 deg, lage mat, bevege deg eller kommunisere med andre.<\/li>\n<\/ul>\n<p>[\/vc_column_text][\/vc_column][\/vc_row][vc_row][vc_column][vc_empty_space height=&raquo;60px&raquo;][\/vc_column][\/vc_row]<\/p>\n<\/div>","protected":false},"excerpt":{"rendered":"<p>[vc_row full_width=&raquo;stretch_row&raquo; el_id=&raquo;start_inside&raquo; css=&raquo;.vc_custom_1757512630476{background-image: url(\/files\/individenstrygghet2-1.png?id=292) !important;background-position: center !important;background-repeat: no-repeat !important;background-size: cover !important;}&raquo;][vc_column][vc_column_text css=&raquo;&raquo;] Personlig assistanse [\/vc_column_text][\/vc_column][\/vc_row][vc_row][vc_column][vc_empty_space height=&raquo;60px&raquo;][\/vc_column][\/vc_row][vc_row][vc_column width=&raquo;1\/2&#8243;][vc_column_text css=&raquo;&raquo;] Hva er personlig assistanse? [\/vc_column_text][vc_column_text css=&raquo;&raquo;]Personlig assistanse handler om \u00e5 kunne leve livet ditt slik du vil \u2013 med frihet, trygghet og deltakelse. For oss er det viktig at st\u00f8tten utformes etter dine spesifikke behov og [&hellip;]<\/p>\n","protected":false},"author":2,"featured_media":0,"parent":0,"menu_order":0,"comment_status":"closed","ping_status":"closed","template":"","meta":{"footnotes":""},"class_list":["post-508","page","type-page","status-publish","hentry"],"_links":{"self":[{"href":"https:\/\/individenstrygghet.se\/no\/wp-json\/wp\/v2\/pages\/508","targetHints":{"allow":["GET"]}}],"collection":[{"href":"https:\/\/individenstrygghet.se\/no\/wp-json\/wp\/v2\/pages"}],"about":[{"href":"https:\/\/individenstrygghet.se\/no\/wp-json\/wp\/v2\/types\/page"}],"author":[{"embeddable":true,"href":"https:\/\/individenstrygghet.se\/no\/wp-json\/wp\/v2\/users\/2"}],"replies":[{"embeddable":true,"href":"https:\/\/individenstrygghet.se\/no\/wp-json\/wp\/v2\/comments?post=508"}],"version-history":[{"count":3,"href":"https:\/\/individenstrygghet.se\/no\/wp-json\/wp\/v2\/pages\/508\/revisions"}],"predecessor-version":[{"id":600,"href":"https:\/\/individenstrygghet.se\/no\/wp-json\/wp\/v2\/pages\/508\/revisions\/600"}],"wp:attachment":[{"href":"https:\/\/individenstrygghet.se\/no\/wp-json\/wp\/v2\/media?parent=508"}],"curies":[{"name":"wp","href":"https:\/\/api.w.org\/{rel}","templated":true}]}}