{"id":540,"date":"2023-02-02T11:18:19","date_gmt":"2023-02-02T10:18:19","guid":{"rendered":"https:\/\/individenstrygghet.cmsp.se\/kontakta-oss\/"},"modified":"2025-11-28T14:36:51","modified_gmt":"2025-11-28T13:36:51","slug":"kontakt-oss","status":"publish","type":"page","link":"https:\/\/individenstrygghet.se\/no\/kontakt-oss\/","title":{"rendered":"Kontakt oss"},"content":{"rendered":"<div class=\"wpb-content-wrapper\"><p>[vc_row full_width=&raquo;stretch_row&raquo; el_id=&raquo;start_inside&raquo; css=&raquo;.vc_custom_1757513515185{background-image: url(\/files\/individenstrygghet3-1.png?id=297) !important;background-position: center !important;background-repeat: no-repeat !important;background-size: cover !important;}&raquo;][vc_column][vc_column_text css=&raquo;&raquo;]<\/p>\n<h1>Kontakt oss<\/h1>\n<p>[\/vc_column_text][\/vc_column][\/vc_row][vc_row][vc_column][vc_empty_space height=&raquo;60px&raquo;][\/vc_column][\/vc_row][vc_row][vc_column width=&raquo;1\/3&#8243;][vc_column_text css=&raquo;&raquo;]<\/p>\n<h3>Telefon<\/h3>\n<p><a href=\"tel:+46101521100\">+46-10 152 11 00<\/a>[\/vc_column_text][\/vc_column][vc_column width=&raquo;1\/3&#8243;][vc_column_text css=&raquo;&raquo;]<\/p>\n<h3>\u00c5pningstider<\/h3>\n<p>Man\u2013fre: 09:00\u201317:00<br \/>\nLunsjstengt: 12:00\u201313:00<br \/>\nL\u00f8r\u2013s\u00f8n: Stengt[\/vc_column_text][\/vc_column][vc_column width=&raquo;1\/3&#8243;][vc_column_text css=&raquo;&raquo;]<\/p>\n<h3>Jour<\/h3>\n<p>Ved hastesaker etter kontortid eller n\u00e5r kontoret er stengt, kan du kontakte v\u00e5rt n\u00f8dnummer.<\/p>\n<p>N\u00f8dnummer: <a href=\"tel:+46101521200\">+46-10 152 12 00<\/a>[\/vc_column_text][\/vc_column][\/vc_row][vc_row][vc_column][vc_empty_space height=&raquo;60px&raquo;][\/vc_column][\/vc_row][vc_row][vc_column width=&raquo;1\/3&#8243;][vc_single_image image=&raquo;426&#8243; img_size=&raquo;full&raquo; css=&raquo;&raquo;][vc_column_text css=&raquo;&raquo;]<\/p>\n<h3>Joakim Persson<\/h3>\n<p><strong>Administrerende direkt\u00f8r<\/strong><\/p>\n<p><a href=\"mailto:joakim.persson@individenstrygghet.se\">joakim.persson@individenstrygghet.se<\/a><\/p>\n<p>Telefon: <a href=\"tel:+46101521111\">+46-10 152 11 11<\/a><\/p>\n<p>SMS: <a href=\"tel:+46726090303\">+46-72 609 03 03<\/a>[\/vc_column_text][\/vc_column][vc_column width=&raquo;1\/3&#8243;][\/vc_column][vc_column width=&raquo;1\/3&#8243;][\/vc_column][\/vc_row][vc_row][vc_column][vc_empty_space][\/vc_column][\/vc_row][vc_row][vc_column][vc_column_text css=&raquo;&raquo;]<div class=\"frm_forms  with_frm_style frm_style_formidables-stilmall\" id=\"frm_form_23_container\" data-token=\"48f8031a49ccfd834a503208462dfc19\">\n<form enctype=\"multipart\/form-data\" method=\"post\" class=\"frm-show-form  frm_pro_form \" id=\"form_kontakt-no\" data-token=\"48f8031a49ccfd834a503208462dfc19\">\n<div class=\"frm_form_fields \">\n<fieldset>\n<legend class=\"frm_screen_reader\">Kontakta oss NO<\/legend>\r\n\r\n<div class=\"frm_fields_container\">\n<input type=\"hidden\" name=\"frm_action\" value=\"create\" \/>\n<input type=\"hidden\" name=\"form_id\" value=\"23\" \/>\n<input type=\"hidden\" name=\"frm_hide_fields_23\" id=\"frm_hide_fields_23\" value=\"\" \/>\n<input type=\"hidden\" name=\"form_key\" value=\"kontakt-no\" \/>\n<input type=\"hidden\" name=\"item_meta[0]\" value=\"\" \/>\n<input type=\"hidden\" id=\"frm_submit_entry_23\" name=\"frm_submit_entry_23\" value=\"dda8992b21\" \/><input type=\"hidden\" name=\"_wp_http_referer\" value=\"\/no\/wp-json\/wp\/v2\/pages\/540\" \/><div id=\"frm_field_141_container\" class=\"frm_form_field form-field  frm_top_container frm12 frm_first\">\r\n\t<div  id=\"field_khaxn642_label\" class=\"frm_primary_label\">Navn\r\n\t\t<span class=\"frm_required\" aria-hidden=\"true\"><\/span>\r\n\t<\/div>\r\n\t<fieldset aria-labelledby=\"field_khaxn642_label\">\n\t<legend class=\"frm_screen_reader frm_hidden\">\n\t\tNavn\t<\/legend>\n\n\t<div  class=\"frm_combo_inputs_container\" id=\"frm_combo_inputs_container_141\" data-name-layout=\"first_last\">\n\t\t\t\t\t<div\n\t\t\t\tid=\"frm_field_141-first_container\"\n\t\t\t\tclass=\"frm_form_field form-field frm_form_subfield-first  frm6\"\n\t\t\t\tdata-sub-field-name=\"first\"\n\t\t\t>\n\t\t\t\t<label for=\"field_khaxn642_first\" class=\"frm_screen_reader frm_hidden\">\n\t\t\t\t\tFornavn\t\t\t\t<\/label>\n\n\t\t\t\t<input  type=\"text\" id=\"field_khaxn642_first\" value=\"\" name=\"item_meta[141][first]\" autocomplete=\"given-name\" data-invmsg=\"Navn is invalid\" aria-invalid=\"false\"  \/><div class=\"frm_description\" id=\"frm_field_141_first_desc\">Fornavn<\/div>\t\t\t<\/div>\n\t\t\t\t\t\t<div\n\t\t\t\tid=\"frm_field_141-last_container\"\n\t\t\t\tclass=\"frm_form_field form-field frm_form_subfield-last  frm6\"\n\t\t\t\tdata-sub-field-name=\"last\"\n\t\t\t>\n\t\t\t\t<label for=\"field_khaxn642_last\" class=\"frm_screen_reader frm_hidden\">\n\t\t\t\t\tEtternavn\t\t\t\t<\/label>\n\n\t\t\t\t<input  type=\"text\" id=\"field_khaxn642_last\" value=\"\" name=\"item_meta[141][last]\" autocomplete=\"family-name\" data-invmsg=\"Navn is invalid\" aria-invalid=\"false\"  \/><div class=\"frm_description\" id=\"frm_field_141_last_desc\">Etternavn<\/div>\t\t\t<\/div>\n\t\t\t\t<\/div>\n<\/fieldset>\n\r\n\t\r\n\t\r\n<\/div>\n<div id=\"frm_field_142_container\" class=\"frm_form_field form-field  frm_top_container\">\r\n\t<label for=\"field_xngeg642\" id=\"field_xngeg642_label\" class=\"frm_primary_label\">E-post\r\n\t\t<span class=\"frm_required\" aria-hidden=\"true\"><\/span>\r\n\t<\/label>\r\n\t<input type=\"email\" id=\"field_xngeg642\" name=\"item_meta[142]\" value=\"\"  autocomplete=\"email\"  data-invmsg=\"E-post \u00e4r ogiltigt\" aria-invalid=\"false\"  \/>\r\n\t\r\n\t\r\n<\/div>\n<div id=\"frm_field_143_container\" class=\"frm_form_field form-field  frm_top_container\">\r\n\t<label for=\"field_2vd4k642\" id=\"field_2vd4k642_label\" class=\"frm_primary_label\">Telefon\r\n\t\t<span class=\"frm_required\" aria-hidden=\"true\"><\/span>\r\n\t<\/label>\r\n\t<input type=\"tel\" id=\"field_2vd4k642\" name=\"item_meta[143]\" value=\"\"  data-invmsg=\"Telefon \u00e4r ogiltigt\" aria-invalid=\"false\" pattern=\"((\\+\\d{1,3}(-|.| )?\\(?\\d\\)?(-| |.)?\\d{1,5})|(\\(?\\d{2,6}\\)?))(-|.| )?(\\d{3,4})(-|.| )?(\\d{4})(( x| ext)\\d{1,5}){0,1}$\"  \/>\r\n\t\r\n\t\r\n<\/div>\n<div id=\"frm_field_151_container\" class=\"frm_form_field form-field  frm_top_container\">\n\t<label for=\"field_bb9k1\" id=\"field_bb9k1_label\" class=\"frm_primary_label\">Melding\n\t\t<span class=\"frm_required\" aria-hidden=\"true\"><\/span>\n\t<\/label>\n\t<input  type=\"text\" id=\"field_bb9k1\" name=\"item_meta[151]\" value=\"\"  data-invmsg=\"Melding \u00e4r ogiltigt\" aria-invalid=\"false\"   \/>\n\t\n\t\n<\/div>\n<div id=\"frm_field_144_container\" class=\"frm_form_field form-field  frm_required_field frm_top_container frm12 frm_first vertical_radio\">\r\n\t<div  id=\"field_wvliz642_label\" class=\"frm_primary_label\">Jeg samtykker i behandlingen av mine personopplysninger i samsvar med <a href=\"\/integritetspolicy\/\">personvernerkl\u00e6ringen.<\/a>.\r\n\t\t<span class=\"frm_required\" aria-hidden=\"true\">*<\/span>\r\n\t<\/div>\r\n\t<div class=\"frm_opt_container\" aria-labelledby=\"field_wvliz642_label\" role=\"group\">\t\t<div class=\"frm_checkbox\" id=\"frm_checkbox_144-0\">\t\t\t<label  for=\"field_wvliz642-0\">\n\t\t\t<input type=\"checkbox\" name=\"item_meta[144][]\" id=\"field_wvliz642-0\" value=\"Ja\"  data-reqmsg=\"Jeg samtykker i behandlingen av mine personopplysninger i samsvar med &lt;a href=&quot;\/integritetspolicy\/&quot;&gt;personvernerkl\u00e6ringen.&lt;\/a&gt;. kan inte vara tom.\" data-invmsg=\"Jeg samtykker i behandlingen av mine personopplysninger i samsvar med &lt;a href=&quot;\/integritetspolicy\/&quot;&gt;personvernerkl\u00e6ringen.&lt;\/a&gt;. \u00e4r ogiltigt\"   aria-required=\"true\"  \/> Ja<\/label><\/div>\n<\/div>\r\n\t\r\n\t\r\n<\/div>\n<div id=\"frm_field_145_container\" class=\"frm_form_field form-field  frm_none_container frm12 frm_first\">\r\n\t<label for=\"g-recaptcha-response\" id=\"field_wn3oo642_label\" class=\"frm_primary_label\">\r\n\t\t<span class=\"frm_required\" aria-hidden=\"true\"><\/span>\r\n\t<\/label>\r\n\t<div  id=\"field_wn3oo642\" class=\"frm-g-recaptcha\" data-sitekey=\"6LfUnLkrAAAAAKetdm8uSPvgH7Yae0QjNyVG9Kt7\" data-size=\"invisible\" data-theme=\"light\"><\/div>\r\n\t\r\n\t\r\n<\/div>\n<div id=\"frm_field_146_container\" class=\"frm_form_field form-field  frm12 frm_first\">\r\n\t<div class=\"frm_submit frm_flex\">\r\n<button class=\"frm_button_submit frm_final_submit\" type=\"submit\"   formnovalidate=\"formnovalidate\">Send<\/button>\r\n\r\n\r\n\r\n<\/div>\r\n<\/div>\n\t<input type=\"hidden\" name=\"item_key\" value=\"\" \/>\n\t\t\t<div id=\"frm_field_152_container\">\n\t\t\t<label for=\"field_gq237\" >\n\t\t\t\tIf you are human, leave this field blank.\t\t\t<\/label>\n\t\t\t<input  id=\"field_gq237\" type=\"text\" class=\"frm_form_field form-field frm_verify\" name=\"item_meta[152]\" value=\"\"  \/>\n\t\t<\/div>\n\t\t<input name=\"frm_state\" type=\"hidden\" value=\"mTnx3TtDQsD7tWyWGRtSco4wdrFQKTG+Mb4SW94\/KrQO7Hf7Xz0UvlTzCTvKNmG8\" \/><\/div>\n<\/fieldset>\n<\/div>\n\n<\/form>\n<\/div>\n[\/vc_column_text][\/vc_column][\/vc_row][vc_row][vc_column][vc_empty_space height=&raquo;60px&raquo;][\/vc_column][\/vc_row]<\/p>\n<\/div>","protected":false},"excerpt":{"rendered":"<p>[vc_row full_width=&raquo;stretch_row&raquo; el_id=&raquo;start_inside&raquo; css=&raquo;.vc_custom_1757513515185{background-image: url(\/files\/individenstrygghet3-1.png?id=297) !important;background-position: center !important;background-repeat: no-repeat !important;background-size: cover !important;}&raquo;][vc_column][vc_column_text css=&raquo;&raquo;] Kontakt oss [\/vc_column_text][\/vc_column][\/vc_row][vc_row][vc_column][vc_empty_space height=&raquo;60px&raquo;][\/vc_column][\/vc_row][vc_row][vc_column width=&raquo;1\/3&#8243;][vc_column_text css=&raquo;&raquo;] Telefon +46-10 152 11 00[\/vc_column_text][\/vc_column][vc_column width=&raquo;1\/3&#8243;][vc_column_text css=&raquo;&raquo;] \u00c5pningstider Man\u2013fre: 09:00\u201317:00 Lunsjstengt: 12:00\u201313:00 L\u00f8r\u2013s\u00f8n: Stengt[\/vc_column_text][\/vc_column][vc_column width=&raquo;1\/3&#8243;][vc_column_text css=&raquo;&raquo;] Jour Ved hastesaker etter kontortid eller n\u00e5r kontoret er stengt, kan du kontakte v\u00e5rt n\u00f8dnummer. N\u00f8dnummer: +46-10 152 12 00[\/vc_column_text][\/vc_column][\/vc_row][vc_row][vc_column][vc_empty_space [&hellip;]<\/p>\n","protected":false},"author":4,"featured_media":0,"parent":0,"menu_order":100,"comment_status":"closed","ping_status":"closed","template":"","meta":{"footnotes":""},"class_list":["post-540","page","type-page","status-publish","hentry"],"_links":{"self":[{"href":"https:\/\/individenstrygghet.se\/no\/wp-json\/wp\/v2\/pages\/540","targetHints":{"allow":["GET"]}}],"collection":[{"href":"https:\/\/individenstrygghet.se\/no\/wp-json\/wp\/v2\/pages"}],"about":[{"href":"https:\/\/individenstrygghet.se\/no\/wp-json\/wp\/v2\/types\/page"}],"author":[{"embeddable":true,"href":"https:\/\/individenstrygghet.se\/no\/wp-json\/wp\/v2\/users\/4"}],"replies":[{"embeddable":true,"href":"https:\/\/individenstrygghet.se\/no\/wp-json\/wp\/v2\/comments?post=540"}],"version-history":[{"count":9,"href":"https:\/\/individenstrygghet.se\/no\/wp-json\/wp\/v2\/pages\/540\/revisions"}],"predecessor-version":[{"id":806,"href":"https:\/\/individenstrygghet.se\/no\/wp-json\/wp\/v2\/pages\/540\/revisions\/806"}],"wp:attachment":[{"href":"https:\/\/individenstrygghet.se\/no\/wp-json\/wp\/v2\/media?parent=540"}],"curies":[{"name":"wp","href":"https:\/\/api.w.org\/{rel}","templated":true}]}}